{"id":186,"date":"2019-03-05T12:14:58","date_gmt":"2019-03-05T18:14:58","guid":{"rendered":"http:\/\/tecmonclova.com\/sitio\/?page_id=186"},"modified":"2019-08-22T18:00:41","modified_gmt":"2019-08-23T00:00:41","slug":"ingenieria-en-gestion-empresarial","status":"publish","type":"page","link":"https:\/\/tecmonclova.com\/sitio\/oferta-educativa\/ingenieria-en-gestion-empresarial\/","title":{"rendered":"Ingenier\u00eda en Gesti\u00f3n Empresarial"},"content":{"rendered":"<p><\/p>\n<p>Objetivo General<\/p>\n<ul>\n<li>Formar integralmente profesionales que contribuyan a la gesti\u00f3n de empresas e innovaci\u00f3n de procesos y productos, as\u00ed como al dise\u00f1o, implementaci\u00f3n y desarrollo de sistemas estrat\u00e9gicos de negocios, optimizando recursos en un entorno global, con \u00e9tica y responsabilidad social.<\/li>\n<\/ul>\n<p>Perfil de Egreso<\/p>\n<ul>\n<li>Desarrollar y aplicar habilidades directivas y la ingenier\u00eda en el dise\u00f1o, creaci\u00f3n, gesti\u00f3n, desarrollo, fortalecimiento e innovaci\u00f3n de las organizaciones, con una orientaci\u00f3n sist\u00e9mica y sustentable para la toma de decisiones en forma efectiva<\/li>\n<li>Dise\u00f1ar e innovar estructuras administrativas y procesos, con base en las necesidades de las organizaciones para competir eficientemente en mercados globales.<\/li>\n<li>Gestionar eficientemente los recursos de la organizaci\u00f3n con visi\u00f3n compartida, con el fin de suministrar bienes y servicios de calidad<\/li>\n<li>Aplicar m\u00e9todos cuantitativos y cualitativos para el an\u00e1lisis e interpretaci\u00f3n de datos y modelado de sistemas, en los procesos organizacionales para la mejora continua, atendiendo est\u00e1ndares de calidad mundial.<\/li>\n<li>Dise\u00f1ar, evaluar y emprender nuevos negocios y proyectos empresariales, que promuevan el desarrollo sustentable y la responsabilidad social, en un mercado competitivo.<\/li>\n<li>Dise\u00f1ar e implementar estrategias de mercadotecnia basadas en informaci\u00f3n recopilada de fuentes primarias y secundarias del consumidor o usuario de alg\u00fan producto, de acuerdo a oportunidades y amenazas del mercado.<\/li>\n<li>Establecer programas para el fortalecimiento de la seguridad e higiene en las organizaciones.<\/li>\n<li>Gestionar sistemas integrales de calidad, ejerciendo un liderazgo efectivo y un compromiso \u00e9tico, aplicando las herramientas b\u00e1sicas de la ingenier\u00eda.<\/li>\n<li>Interpretar y aplicar normas legales que incidan en la creaci\u00f3n y desarrollo de las organizaciones.<\/li>\n<li>Integrar, dirigir y desarrollar equipos de trabajo para la mejora continua y el crecimiento integral de las organizaciones.<\/li>\n<li>Analizar e interpretar la informaci\u00f3n financiera para detectar oportunidades de mejora e inversi\u00f3n en un mundo global, que incidan en la rentabilidad del negocio.<\/li>\n<li>Utilizar las nuevas tecnolog\u00edas de informaci\u00f3n en la organizaci\u00f3n, para optimizar los procesos de comunicaci\u00f3n y eficientar la toma de decisiones.<\/li>\n<li>Propiciar el desarrollo del capital humano, para la realizaci\u00f3n de los objetivos organizacionales, dentro de un marco \u00e9tico y un contexto multicultural.<\/li>\n<li>Aplicar m\u00e9todos de investigaci\u00f3n para desarrollar e innovar sistemas, procesos y productos en las diferentes dimensiones de la organizaci\u00f3n.<\/li>\n<li>Gestionar la cadena de suministros de las organizaciones con un enfoque orientado a procesos.<\/li>\n<li>Analizar e interpretar la econom\u00eda global para facilitar la toma de decisiones en la organizaci\u00f3n.<\/li>\n<\/ul>\n<p><strong>Plan de Estudios<\/strong><\/p>\n<p><\/p>\n<p><strong>Primer semestre<\/strong><\/p>\n<ul>\n<li>Fundamentos de investigaci\u00f3n<\/li>\n<li>C\u00e1lculo diferencial<\/li>\n<li>Desarrollo humano<\/li>\n<li>Fundamentos de gesti\u00f3n empresarial<\/li>\n<li>Fundamentos de f\u00edsica<\/li>\n<li>Fundamentos de qu\u00edmica<\/li>\n<\/ul>\n<p><strong>Segundo semestre<\/strong><\/p>\n<ul>\n<li>Software de aplicaci\u00f3n ejecutivo<\/li>\n<li>C\u00e1lculo integral<\/li>\n<li>Contabilidad orientada a los negocios<\/li>\n<li>Din\u00e1mica social<\/li>\n<li>Taller de \u00e9tica<\/li>\n<li>Legislaci\u00f3n laboral<\/li>\n<\/ul>\n<p><strong>Tercer semestre<\/strong><\/p>\n<ul>\n<li>Marco legal de las organizaciones<\/li>\n<li>Probabilidad y estad\u00edstica descriptiva<\/li>\n<li>Costos empresariales<\/li>\n<li>Habilidades directivas I<\/li>\n<li>Econom\u00eda empresarial<\/li>\n<li>\u00c1lgebra lineal<\/li>\n<\/ul>\n<p><strong>Cuarto semestre<\/strong><\/p>\n<ul>\n<li>Ingenier\u00eda econ\u00f3mica<\/li>\n<li>Estad\u00edstica inferencial I<\/li>\n<li>Instrumentos de presupuestaci\u00f3n empresarial<\/li>\n<li>Habilidades directivas II<\/li>\n<li>Entorno macroecon\u00f3mico<\/li>\n<li>Investigaci\u00f3n de operaciones<\/li>\n<\/ul>\n<p><strong>Quinto semestre<\/strong><\/p>\n<ul>\n<li>Finanzas en las organizaciones<\/li>\n<li>Estad\u00edstica inferencial II<\/li>\n<li>Ingenier\u00eda de procesos<\/li>\n<li>Gesti\u00f3n de capital humano<\/li>\n<li>Taller de investigaci\u00f3n I<\/li>\n<li>Mercadotecnia<\/li>\n<\/ul>\n<p><strong>Sexto semestre<\/strong><\/p>\n<ul>\n<li>Administraci\u00f3n de la salud y seguridad ocupacional<\/li>\n<li>El emprendedor y la innovaci\u00f3n<\/li>\n<li>Gesti\u00f3n de la producci\u00f3n I<\/li>\n<li>Dise\u00f1o organizacional<\/li>\n<li>Taller de investigaci\u00f3n II<\/li>\n<li>Sistemas de informaci\u00f3n de la mercadotecnia<\/li>\n<\/ul>\n<p><strong>S\u00e9ptimo semestre<\/strong><\/p>\n<ul>\n<li>Calidad aplicada a la gesti\u00f3n empresarial<\/li>\n<li>Plan de negocios<\/li>\n<li>Gesti\u00f3n de la producci\u00f3n II<\/li>\n<li>Gesti\u00f3n estrat\u00e9gica<\/li>\n<li>Desarrollo sustentable<\/li>\n<li>Mercadotecnia electr\u00f3nica<\/li>\n<\/ul>\n<p><strong>Octavo semestre<\/strong><\/p>\n<ul>\n<li>Cadena de suministros<\/li>\n<li>Simulaci\u00f3n de negocios<\/li>\n<li>Temas selectos de gesti\u00f3n moderna<\/li>\n<li>Gesti\u00f3n y desarrollo de proyectos tecnol\u00f3gicos<\/li>\n<li>Seminario de habilidades gerenciales<\/li>\n<\/ul>\n<p><strong>Noveno semestre<\/strong><\/p>\n<ul>\n<li>Residencia profesional<\/li>\n<li>Gesti\u00f3n de la calidad (Optativa I)<\/li>\n<li>Seminario de obligaciones fiscales (Optativa II)<\/li>\n<li>Administraci\u00f3n de empresas de servicios<\/li>\n<\/ul>\n<p>VER RET\u00cdCULA<\/p>\n<p><\/p>\n\n\n<p><\/p>\n","protected":false},"excerpt":{"rendered":"<p>Objetivo General Formar integralmente profesionales que contribuyan a la gesti\u00f3n de empresas e innovaci\u00f3n de procesos y productos, as\u00ed como<\/p>\n","protected":false},"author":1,"featured_media":950,"parent":157,"menu_order":0,"comment_status":"closed","ping_status":"closed","template":"","meta":{"colormag_page_layout":"default_layout","footnotes":""},"class_list":["post-186","page","type-page","status-publish","has-post-thumbnail","hentry"],"_links":{"self":[{"href":"https:\/\/tecmonclova.com\/sitio\/wp-json\/wp\/v2\/pages\/186","targetHints":{"allow":["GET"]}}],"collection":[{"href":"https:\/\/tecmonclova.com\/sitio\/wp-json\/wp\/v2\/pages"}],"about":[{"href":"https:\/\/tecmonclova.com\/sitio\/wp-json\/wp\/v2\/types\/page"}],"author":[{"embeddable":true,"href":"https:\/\/tecmonclova.com\/sitio\/wp-json\/wp\/v2\/users\/1"}],"replies":[{"embeddable":true,"href":"https:\/\/tecmonclova.com\/sitio\/wp-json\/wp\/v2\/comments?post=186"}],"version-history":[{"count":1,"href":"https:\/\/tecmonclova.com\/sitio\/wp-json\/wp\/v2\/pages\/186\/revisions"}],"predecessor-version":[{"id":951,"href":"https:\/\/tecmonclova.com\/sitio\/wp-json\/wp\/v2\/pages\/186\/revisions\/951"}],"up":[{"embeddable":true,"href":"https:\/\/tecmonclova.com\/sitio\/wp-json\/wp\/v2\/pages\/157"}],"wp:featuredmedia":[{"embeddable":true,"href":"https:\/\/tecmonclova.com\/sitio\/wp-json\/wp\/v2\/media\/950"}],"wp:attachment":[{"href":"https:\/\/tecmonclova.com\/sitio\/wp-json\/wp\/v2\/media?parent=186"}],"curies":[{"name":"wp","href":"https:\/\/api.w.org\/{rel}","templated":true}]}}