{"id":192,"date":"2019-03-05T12:17:42","date_gmt":"2019-03-05T18:17:42","guid":{"rendered":"http:\/\/tecmonclova.com\/sitio\/?page_id=192"},"modified":"2019-08-22T18:01:44","modified_gmt":"2019-08-23T00:01:44","slug":"ingenieria-industrial","status":"publish","type":"page","link":"https:\/\/tecmonclova.com\/sitio\/oferta-educativa\/ingenieria-industrial\/","title":{"rendered":"Ingenier\u00eda Industrial"},"content":{"rendered":"<p>Objetivo General<\/p>\n<ul>\n<li>Formar Profesionales que contribuyan al desarrollo sustentable, con una visi\u00f3n sistem\u00e1tica, que responda a los retos que presentan los constantes cambios en los sistemas de producci\u00f3n de bienes y servicios en el entorno global, con \u00e9tica y comprometidos con la sociedad.<\/li>\n<\/ul>\n<p>Perfil de Egreso<\/p>\n<ul>\n<li>Analizar, dise\u00f1ar y gestionar sistemas productivos desde la provisi\u00f3n de insumos hasta la entrega de bienes&nbsp; y servicios, integr\u00e1ndolos con eficacia y eficiencia.<\/li>\n<li>Conocer, seleccionar y aplicar tecnolog\u00edas para optimizar procesos productivos.<\/li>\n<li>Dise\u00f1ar, implementar y administrar sistemas de mantenimiento para eficientar la operaci\u00f3n de las instalaciones y equipos.<\/li>\n<li>Implementar sistemas de gesti\u00f3n de calidad para satisfacer los requerimientos del cliente y partes interesadas.<\/li>\n<li>Utilizar los instrumentos de medici\u00f3n requeridos en la certificaci\u00f3n y\/o acreditaci\u00f3n con las normas vigentes.<\/li>\n<li>Interpretar e implementar estrategias y m\u00e9todos estad\u00edsticos en los procesos organizacionales para la mejora continua.<\/li>\n<li>Seleccionar y adecuar modelos de calidad y dise\u00f1o de experimentos en procesos organizacionales para su optimizaci\u00f3n.<\/li>\n<li>Gestionar sistemas de seguridad, salud ocupacional y protecci\u00f3n al medio ambiente, en industrias de producci\u00f3n y de servicios.<\/li>\n<li>Identificar necesidades de su entorno y desarrollar investigaci\u00f3n aplicada para crear e innovar bienes y servicios.<\/li>\n<li>Crear y mejorar productos de alto valor agregado bajo los principios de productividad y competitividad.<\/li>\n<li>Seleccionar e implementar tecnolog\u00edas de informaci\u00f3n y comunicaci\u00f3n dentro de la empresa.<\/li>\n<li>Participar en proyectos de transferencia, desarrollo y adaptaci\u00f3n de tecnolog\u00edas en los sistemas productivos.<\/li>\n<li>Dise\u00f1ar, implementar y mejorar sistemas y estaciones de trabajo considerando factores ergon\u00f3micos para optimizar&nbsp; la producci\u00f3n.<\/li>\n<li>Participar en la estandarizaci\u00f3n de operaciones para la transferencia y adaptaci\u00f3n de los sistemas productivos.<\/li>\n<li>Manejar y aplicar las normas y est\u00e1ndares en el an\u00e1lisis de operaciones de los sistemas de producci\u00f3n.<\/li>\n<li>Emprender e incubar empresas con base tecnol\u00f3gica, que promueva el desarrollo socioecon\u00f3mico de una regi\u00f3n, as\u00ed como su constituci\u00f3n legal.<\/li>\n<li>Formular, evaluar y gestionar proyectos de inversi\u00f3n, que le permita emprender la creaci\u00f3n de unidades productivas de bienes y servicios bajo criterios de competitividad y sustentabilidad.<\/li>\n<li>Tomar decisiones para la mejora de sistemas productivos y de servicios, fundamentadas en planteamientos y modelos anal\u00edticos.<\/li>\n<\/ul>\n<p><strong>Plan de Estudios<\/strong><\/p>\n<p><\/p>\n<p><strong>Primer semestre<\/strong><\/p>\n<ul>\n<li>Fundamentos de investigaci\u00f3n<\/li>\n<li>Taller de \u00e9tica<\/li>\n<li>C\u00e1lculo diferencial<\/li>\n<li>Taller de herramientas intelectuales<\/li>\n<li>Qu\u00edmica<\/li>\n<li>Dibujo industrial<\/li>\n<\/ul>\n<p><strong>Segundo semestre<\/strong><\/p>\n<ul>\n<li>Electricidad y electr\u00f3nica industrial<\/li>\n<li>Propiedades de los materiales<\/li>\n<li>C\u00e1lculo integral<\/li>\n<li>Probabilidad y estad\u00edstica<\/li>\n<li>An\u00e1lisis de la realidad nacional<\/li>\n<li>Taller de liderazgo<\/li>\n<\/ul>\n<p><strong>Tercer semestre<\/strong><\/p>\n<ul>\n<li>Metrolog\u00eda y normalizaci\u00f3n<\/li>\n<li>\u00c1lgebra lineal<\/li>\n<li>C\u00e1lculo vectorial<\/li>\n<li>Econom\u00eda<\/li>\n<li>Estad\u00edstica inferencial I<\/li>\n<li>Estudio del trabajo I<\/li>\n<\/ul>\n<p><strong>Cuarto semestre<\/strong><\/p>\n<ul>\n<li>Procesos de fabricaci\u00f3n<\/li>\n<li>F\u00edsica<\/li>\n<li>Algoritmos y lenguajes de programaci\u00f3n<\/li>\n<li>Investigaci\u00f3n de operaciones I<\/li>\n<li>Estad\u00edstica inferencial II<\/li>\n<li>Estudio del trabajo II<\/li>\n<li>Higiene y seguridad industrial<\/li>\n<\/ul>\n<p><strong>Quinto semestre<\/strong><\/p>\n<ul>\n<li>Administraci\u00f3n de proyectos<\/li>\n<li>Gesti\u00f3n de costos<\/li>\n<li>Administraci\u00f3n de las operaciones I<\/li>\n<li>Investigaci\u00f3n de operaciones II<\/li>\n<li>Control estad\u00edstico de la calidad<\/li>\n<li>Ergonom\u00eda<\/li>\n<li>Desarrollo sustentable<\/li>\n<\/ul>\n<p><strong>Sexto semestre<\/strong><\/p>\n<ul>\n<li>Taller de investigaci\u00f3n I<\/li>\n<li>Ingenier\u00eda econ\u00f3mica<\/li>\n<li>Administraci\u00f3n de operaciones II<\/li>\n<li>Simulaci\u00f3n<\/li>\n<li>Administraci\u00f3n de mantenimiento<\/li>\n<li>Mercadotecnia<\/li>\n<\/ul>\n<p><strong>S\u00e9ptimo semestre<\/strong><\/p>\n<ul>\n<li>Taller de investigaci\u00f3n II<\/li>\n<li>Planeaci\u00f3n financiera<\/li>\n<li>Planeaci\u00f3n y dise\u00f1o de instalaciones<\/li>\n<li>Sistemas de manufactura<\/li>\n<li>Log\u00edstica y cadena de suministro<\/li>\n<li>Gesti\u00f3n de los sistemas de calidad<\/li>\n<li>Ingenier\u00eda de sistemas<\/li>\n<\/ul>\n<p><strong>Octavo semestre<\/strong><\/p>\n<ul>\n<li>Formaci\u00f3n y evaluaci\u00f3n de proyectos<\/li>\n<li>Relaciones industriales<\/li>\n<li>Administraci\u00f3n de la cadena de suministro<\/li>\n<li>Ingenier\u00eda de calidad<\/li>\n<li>Estad\u00edstica avanzada<\/li>\n<\/ul>\n<p><strong>Noveno semestre<\/strong><\/p>\n<ul>\n<li>Seis sigma<\/li>\n<li>Manufactura esbelta<\/li>\n<li>Dibujo industrial avanzado (Optativa)<\/li>\n<li>Dise\u00f1o asistido por computadora (Optativa)<\/li>\n<li>Residencias profesionales<\/li>\n<\/ul>\n<p>VER RET\u00cdCULA<\/p>\n\n\n<p><\/p>\n","protected":false},"excerpt":{"rendered":"<p>Objetivo General Formar Profesionales que contribuyan al desarrollo sustentable, con una visi\u00f3n sistem\u00e1tica, que responda a los retos que presentan<\/p>\n","protected":false},"author":1,"featured_media":952,"parent":157,"menu_order":0,"comment_status":"closed","ping_status":"closed","template":"","meta":{"colormag_page_layout":"default_layout","footnotes":""},"class_list":["post-192","page","type-page","status-publish","has-post-thumbnail","hentry"],"_links":{"self":[{"href":"https:\/\/tecmonclova.com\/sitio\/wp-json\/wp\/v2\/pages\/192","targetHints":{"allow":["GET"]}}],"collection":[{"href":"https:\/\/tecmonclova.com\/sitio\/wp-json\/wp\/v2\/pages"}],"about":[{"href":"https:\/\/tecmonclova.com\/sitio\/wp-json\/wp\/v2\/types\/page"}],"author":[{"embeddable":true,"href":"https:\/\/tecmonclova.com\/sitio\/wp-json\/wp\/v2\/users\/1"}],"replies":[{"embeddable":true,"href":"https:\/\/tecmonclova.com\/sitio\/wp-json\/wp\/v2\/comments?post=192"}],"version-history":[{"count":1,"href":"https:\/\/tecmonclova.com\/sitio\/wp-json\/wp\/v2\/pages\/192\/revisions"}],"predecessor-version":[{"id":953,"href":"https:\/\/tecmonclova.com\/sitio\/wp-json\/wp\/v2\/pages\/192\/revisions\/953"}],"up":[{"embeddable":true,"href":"https:\/\/tecmonclova.com\/sitio\/wp-json\/wp\/v2\/pages\/157"}],"wp:featuredmedia":[{"embeddable":true,"href":"https:\/\/tecmonclova.com\/sitio\/wp-json\/wp\/v2\/media\/952"}],"wp:attachment":[{"href":"https:\/\/tecmonclova.com\/sitio\/wp-json\/wp\/v2\/media?parent=192"}],"curies":[{"name":"wp","href":"https:\/\/api.w.org\/{rel}","templated":true}]}}