{"id":197,"date":"2019-03-05T12:26:28","date_gmt":"2019-03-05T18:26:28","guid":{"rendered":"http:\/\/tecmonclova.com\/sitio\/?page_id=197"},"modified":"2019-08-22T18:05:01","modified_gmt":"2019-08-23T00:05:01","slug":"ingenieria-mecanica","status":"publish","type":"page","link":"https:\/\/tecmonclova.com\/sitio\/oferta-educativa\/ingenieria-mecanica\/","title":{"rendered":"Ingenier\u00eda Mec\u00e1nica"},"content":{"rendered":"<p>Objetivo General<\/p>\n<ul>\n<li>Formar profesionales en ingenier\u00eda Mec\u00e1nica, con aptitudes para investigar, desarrollar y aplicar conocimientos cient\u00edficos y tecnol\u00f3gicos, en las \u00e1reas de:<\/li>\n<\/ul>\n<p>Energ\u00eda, fluidos, dise\u00f1o, manufactura, automatizaci\u00f3n, control materiales, entre otras; mediante el empleo de las tecnolog\u00edas de integraci\u00f3n de sistemas, al utilizar y administrarlos recursos en forma segura, racional, eficiente, econ\u00f3mica y sustentable; con aptitud \u00e9tica, creativa, emprendedora y de compromiso con el bienestar del pa\u00eds.<\/p>\n<p><\/p>\n<p>Perfil de Egreso<\/p>\n<ul>\n<li>Aplicar herramientas matem\u00e1ticas, computacionales y&nbsp; m\u00e9todos experimentales en la soluci\u00f3n de problemas para formular modelos, analizar procesos y elaborar prototipos mec\u00e1nicos.<\/li>\n<li>Seleccionar y emplear los materiales adecuados para: el dise\u00f1o y fabricaci\u00f3n de elementos mec\u00e1nicos; o para su uso en instalaciones industriales con base en el conocimiento de sus propiedades.<\/li>\n<li>Gestionar proyectos de dise\u00f1o, manufactura, diagn\u00f3stico, instalaci\u00f3n, operaci\u00f3n, control&nbsp; y mantenimiento, tanto de sistemas mec\u00e1nicos como de sistemas de aprovechamiento de fuentes de energ\u00edas convencionales y no convencionales.<\/li>\n<li>Participar en servicios de asesor\u00eda, peritaje, certificaci\u00f3n, capacitaci\u00f3n, compra y venta de equipo y maquinaria afines a su profesi\u00f3n.<\/li>\n<li>Elaborar, interpretar y comunicar, de manera profesional, en forma oral, escrita y gr\u00e1fica: informes, propuestas, an\u00e1lisis y resultados de ingenier\u00eda.<\/li>\n<li>Comunicarse con eficacia en su desempe\u00f1o profesional en su propio idioma y por lo menos en otro idioma extranjero.<\/li>\n<li>Poseer capacidad directiva para administrar eficientemente los recursos humanos, materiales y econ\u00f3micos a su disposici\u00f3n en el ejercicio de su profesi\u00f3n.<\/li>\n<li>Desarrollar una actitud emprendedora para la creaci\u00f3n de nuevas empresas, con esp\u00edritu creativo, liderazgo y compromiso social.<\/li>\n<li>Utilizar el pensamiento creativo y cr\u00edtico en el an\u00e1lisis de situaciones relacionadas con la ingenier\u00eda mec\u00e1nica, para la toma de decisiones.<\/li>\n<li>Crear, innovar, transferir y adaptar tecnolog\u00edas en el campo de la ingenier\u00eda mec\u00e1nica, con actitud emprendedora y de liderazgo, respetando los principios \u00e9ticos y valores universales, ejerciendo su profesi\u00f3n de manera responsable en un marco legal.<\/li>\n<li>Formar parte de grupos multidisciplinarios en proyectos integrales con una actitud que fortalezca el trabajo de equipo, ejerciendo diversos roles contribuyendo con su capacidad profesional al logro conjunto.<\/li>\n<li>Observar y aplicar las normas y especificaciones nacionales e internacionales relacionadas con el tratamiento adecuado de las materias primas, los productos terminados, as\u00ed como los materiales residuales, generados en los procesos industriales.<\/li>\n<li>Participar en proyectos tecnol\u00f3gicos y de investigaci\u00f3n cient\u00edfica con el objetivo de restituir y conservar el medio ambiente para propiciar un desarrollo sustentable.<\/li>\n<li>Implementar sistemas de control autom\u00e1tico de procesos industriales, as\u00ed como gestionar sistemas de calidad para mejorar los est\u00e1ndares de producci\u00f3n.<\/li>\n<li>Aplicar sus conocimientos, habilidades y aptitudes para cursar estudios de posgrado.<\/li>\n<li>Reflexionar acerca del contexto hist\u00f3rico, geogr\u00e1fico y socioecon\u00f3mico de su regi\u00f3n, para proponer soluciones congruentes con la realidad del pa\u00eds en un entorno globalizado.<\/li>\n<\/ul>\n<p><strong>Plan de Estudios<\/strong><\/p>\n<p><strong>&nbsp;<\/strong><\/p>\n<p><strong>Primer semestre<\/strong><\/p>\n<ul>\n<li>Dibujo Mec\u00e1nico<\/li>\n<li>C\u00e1lculo Diferencial<\/li>\n<li>Metrolog\u00eda y Normalizaci\u00f3n<\/li>\n<li>Qu\u00edmica<\/li>\n<li>Taller de \u00c9tica<\/li>\n<li>Fundamentos de Investigaci\u00f3n<\/li>\n<\/ul>\n<p><strong>Segundo semestre<\/strong><\/p>\n<ul>\n<li>Probabilidad y Estad\u00edstica<\/li>\n<li>C\u00e1lculo Integral<\/li>\n<li>\u00c1lgebra Lineal<\/li>\n<li>Ingenier\u00eda de Materiales Met\u00e1licos<\/li>\n<li>Algoritmos y Programaci\u00f3n<\/li>\n<li>Proceso Administrativo<\/li>\n<\/ul>\n<p><strong>Tercer semestre<\/strong><\/p>\n<ul>\n<li>Est\u00e1tica<\/li>\n<li>C\u00e1lculo Vectorial<\/li>\n<li>Calidad<\/li>\n<li>Ingenier\u00eda de Materiales no Met\u00e1licos<\/li>\n<li>Electromagnetismo<\/li>\n<li>Contabilidad y Costos<\/li>\n<\/ul>\n<p><strong>Cuarto semestre<\/strong><\/p>\n<ul>\n<li>Mec\u00e1nica de Materiales I<\/li>\n<li>Ecuaciones Diferenciales<\/li>\n<li>Din\u00e1mica<\/li>\n<li>Procesos de Manufactura<\/li>\n<li>Sistemas Electr\u00f3nicos<\/li>\n<li>M\u00e9todos Num\u00e9ricos<\/li>\n<\/ul>\n<p><strong>Quinto semestre<\/strong><\/p>\n<ul>\n<li>Mec\u00e1nica de Materiales II<\/li>\n<li>Mecanismos<\/li>\n<li>Termodin\u00e1mica<\/li>\n<li>Mec\u00e1nica de Fluidos<\/li>\n<li>Circuitos y M\u00e1quinas El\u00e9ctricas<\/li>\n<li>Desarrollo Sustentable<\/li>\n<\/ul>\n<p><strong>Sexto semestre<\/strong><\/p>\n<ul>\n<li>Dise\u00f1o Mec\u00e1nico I<\/li>\n<li>Vibraciones Mec\u00e1nicas<\/li>\n<li>Transferencia de Calor<\/li>\n<li>Sistemas e Instalaciones Hidr\u00e1ulicas<\/li>\n<li>Instrumentaci\u00f3n y Control<\/li>\n<li>Taller de Investigaci\u00f3n I<\/li>\n<\/ul>\n<p><strong>S\u00e9ptimo semestre<\/strong><\/p>\n<ul>\n<li>Dise\u00f1o Mec\u00e1nico II<\/li>\n<li>Higiene y Seguridad Industrial<\/li>\n<li>M\u00e1quinas de Fluidos Compresibles<\/li>\n<li>M\u00e1quinas de Fluidos Incomprensibles<\/li>\n<li>Automatizaci\u00f3n Industrial<\/li>\n<li>Taller de Investigaci\u00f3n II<\/li>\n<li>Dibujo Avanzado (Optativa)<\/li>\n<li>Dise\u00f1o Asistido por Computadora (Optativa)<\/li>\n<\/ul>\n<p><strong>Octavo semestre<\/strong><\/p>\n<ul>\n<li>Mantenimiento<\/li>\n<li>Sistemas de Generaci\u00f3n de Energ\u00eda<\/li>\n<li>Refrigeraci\u00f3n y Aire Acondicionado<\/li>\n<li>Gesti\u00f3n de Proyectos<\/li>\n<li>Lubricaci\u00f3n<\/li>\n<li>Administraci\u00f3n del Mantenimiento<\/li>\n<\/ul>\n<p><strong>Noveno semestre<\/strong><\/p>\n<ul>\n<li><span style=\"color: #000000;\">Din\u00e1mica de Maquinaria<\/span><\/li>\n<li><span style=\"color: #000000;\">Mantenimiento El\u00e9ctrico y Electr\u00f3nico<\/span><\/li>\n<li><span style=\"color: #000000;\">Mantenimiento a Equipos Industriales<\/span><\/li>\n<li><span style=\"color: #000000;\">Residencias Profesionales<\/span><\/li>\n<\/ul>\n<p>VER RET\u00cdCULA<\/p>\n\n\n<p><\/p>\n","protected":false},"excerpt":{"rendered":"<p>Objetivo General Formar profesionales en ingenier\u00eda Mec\u00e1nica, con aptitudes para investigar, desarrollar y aplicar conocimientos cient\u00edficos y tecnol\u00f3gicos, en las<\/p>\n","protected":false},"author":1,"featured_media":954,"parent":157,"menu_order":0,"comment_status":"closed","ping_status":"closed","template":"","meta":{"colormag_page_layout":"default_layout","footnotes":""},"class_list":["post-197","page","type-page","status-publish","has-post-thumbnail","hentry"],"_links":{"self":[{"href":"https:\/\/tecmonclova.com\/sitio\/wp-json\/wp\/v2\/pages\/197","targetHints":{"allow":["GET"]}}],"collection":[{"href":"https:\/\/tecmonclova.com\/sitio\/wp-json\/wp\/v2\/pages"}],"about":[{"href":"https:\/\/tecmonclova.com\/sitio\/wp-json\/wp\/v2\/types\/page"}],"author":[{"embeddable":true,"href":"https:\/\/tecmonclova.com\/sitio\/wp-json\/wp\/v2\/users\/1"}],"replies":[{"embeddable":true,"href":"https:\/\/tecmonclova.com\/sitio\/wp-json\/wp\/v2\/comments?post=197"}],"version-history":[{"count":1,"href":"https:\/\/tecmonclova.com\/sitio\/wp-json\/wp\/v2\/pages\/197\/revisions"}],"predecessor-version":[{"id":957,"href":"https:\/\/tecmonclova.com\/sitio\/wp-json\/wp\/v2\/pages\/197\/revisions\/957"}],"up":[{"embeddable":true,"href":"https:\/\/tecmonclova.com\/sitio\/wp-json\/wp\/v2\/pages\/157"}],"wp:featuredmedia":[{"embeddable":true,"href":"https:\/\/tecmonclova.com\/sitio\/wp-json\/wp\/v2\/media\/954"}],"wp:attachment":[{"href":"https:\/\/tecmonclova.com\/sitio\/wp-json\/wp\/v2\/media?parent=197"}],"curies":[{"name":"wp","href":"https:\/\/api.w.org\/{rel}","templated":true}]}}