{"id":204,"date":"2019-03-05T12:32:19","date_gmt":"2019-03-05T18:32:19","guid":{"rendered":"http:\/\/tecmonclova.com\/sitio\/?page_id=204"},"modified":"2019-08-22T17:59:38","modified_gmt":"2019-08-22T23:59:38","slug":"ingenieria-en-energias-renovables","status":"publish","type":"page","link":"https:\/\/tecmonclova.com\/sitio\/oferta-educativa\/ingenieria-en-energias-renovables\/","title":{"rendered":"Ingenier\u00eda en Energ\u00edas Renovables"},"content":{"rendered":"<p>Objetivo General<\/p>\n<ul>\n<li>Formar recursos humanos competentes para intervenir profesionalmente en proyectos, estrategias y acciones de generaci\u00f3n, transformaci\u00f3n y almacenamiento de energ\u00eda proveniente de fuentes renovables, as\u00ed como de uso eficiente de la energ\u00eda, en el marco de un desarrollo sustentable.<\/li>\n<\/ul>\n<p>Perfil de Egreso<\/p>\n<ul>\n<li>Formular, evaluar y gestionar proyectos de desarrollo de ingenier\u00eda relacionados con gestionar las fuentes renovables de energ\u00eda, en el marco del desarrollo sustentable.<\/li>\n<li>Dise\u00f1ar e implementar estrategias para el uso eficiente de la energ\u00eda de transformaci\u00f3n y de servicios.<\/li>\n<li>Dise\u00f1ar, implementar y gestionar actividades de instalaci\u00f3n, operaci\u00f3n y mantenimiento de sistemas ingenieriles utilizados para la transformaci\u00f3n y almacenamiento de la energ\u00eda proveniente de fuentes renovables.<\/li>\n<li>Colaborar en proyectos de investigaci\u00f3n, desarrollo e innovaci\u00f3n tecnol\u00f3gicos, relacionados con la energ\u00eda proveniente de fuentes renovables.<\/li>\n<li>Identificar y evaluar el recurso energ\u00e9tico renovable disponible en el entorno.<\/li>\n<li>Ejercer actitudes emprendedoras y de liderazgo en la toma de decisiones en su \u00e1mbito profesional.<\/li>\n<\/ul>\n<p><strong>Plan de Estudios<\/strong><\/p>\n<p><\/p>\n<p><strong>Primer semestre<\/strong><\/p>\n<ul>\n<li>Qu\u00edmica<\/li>\n<li>Programaci\u00f3n<\/li>\n<li>C\u00e1lculo Diferencial<\/li>\n<li>Fundamentos de Investigaci\u00f3n<\/li>\n<li>Dibujo<\/li>\n<li>Fuentes Renovables de Energ\u00eda<\/li>\n<\/ul>\n<p><strong>Segundo semestre<\/strong><\/p>\n<ul>\n<li>Bioqu\u00edmica<\/li>\n<li>Tecnolog\u00eda e Ingenier\u00eda de Materiales<\/li>\n<li>C\u00e1lculo Vectorial<\/li>\n<li>C\u00e1lculo Integral<\/li>\n<li>Taller de \u00c9tica<\/li>\n<li>Estad\u00edstica y Dise\u00f1o de Experimentos<\/li>\n<\/ul>\n<p><strong>Tercer semestre<\/strong><\/p>\n<ul>\n<li>Microbiolog\u00eda<\/li>\n<li>Taller de Sistemas de Informaci\u00f3n Geogr\u00e1fica<\/li>\n<li>Electromagnetismo<\/li>\n<li>Est\u00e1tica y Din\u00e1mica<\/li>\n<li>\u00c1lgebra Lineal<\/li>\n<li>Metrolog\u00eda Mec\u00e1nica y El\u00e9ctrica<\/li>\n<\/ul>\n<p><strong>Cuarto semestre<\/strong><\/p>\n<ul>\n<li>Resistencia de Materiales<\/li>\n<li>Termodin\u00e1mica<\/li>\n<li>Comportamiento Humano en las Organizaciones<\/li>\n<li>\u00d3ptica y Semiconductores<\/li>\n<li>Ecuaciones Diferenciales<\/li>\n<li>Circuitos El\u00e9ctricos I<\/li>\n<\/ul>\n<p><strong>Quinto semestre<\/strong><\/p>\n<ul>\n<li>Biocombustibles<\/li>\n<li>Marco Jur\u00eddico en Gesti\u00f3n Energ\u00e9tica<\/li>\n<li>Desarrollo Sustentable<\/li>\n<li>Mec\u00e1nica de Fluidos<\/li>\n<li>Transferencia de Calor<\/li>\n<li>Circuitos El\u00e9ctricos II<\/li>\n<\/ul>\n<p><strong>Sexto semestre<\/strong><\/p>\n<ul>\n<li>Taller de Investigaci\u00f3n I<\/li>\n<li>M\u00e1quinas El\u00e9ctricas<\/li>\n<li>M\u00e1quinas Hidr\u00e1ulicas<\/li>\n<li>Refrigeraci\u00f3n y Aire Acondicionado<\/li>\n<li>Instalaciones El\u00e9ctricas e Iluminaci\u00f3n<\/li>\n<li>Energ\u00eda E\u00f3lica<\/li>\n<\/ul>\n<p><strong>S\u00e9ptimo semestre<\/strong><\/p>\n<ul>\n<li>Sistemas Solares Fotovoltaicos y T\u00e9rmicos<\/li>\n<li>Simulaci\u00f3n de Sistemas de Energ\u00edas Renovables<\/li>\n<li>Instrumentaci\u00f3n<\/li>\n<li>Sistemas T\u00e9rmicos<\/li>\n<li>Taller de Investigaci\u00f3n II<\/li>\n<\/ul>\n<p><strong>Octavo semestre<\/strong><\/p>\n<ul>\n<li>Formulaci\u00f3n y Evaluaci\u00f3n de Proyectos de Energ\u00edas Renovables<\/li>\n<li>Administraci\u00f3n y T\u00e9cnicas de Conservaci\u00f3n<\/li>\n<li>Auditor\u00eda Energ\u00e9tica<\/li>\n<li>Gesti\u00f3n de Empresas de Energ\u00edas Renovables<\/li>\n<\/ul>\n<p><strong>Noveno semestre<\/strong><\/p>\n<ul>\n<li>Materias de Especialidad<\/li>\n<li>Residencia profesional<\/li>\n<\/ul>\n<p>VER RET\u00cdCULA<\/p>\n\n\n<p><\/p>\n","protected":false},"excerpt":{"rendered":"<p>Objetivo General Formar recursos humanos competentes para intervenir profesionalmente en proyectos, estrategias y acciones de generaci\u00f3n, transformaci\u00f3n y almacenamiento de<\/p>\n","protected":false},"author":1,"featured_media":948,"parent":157,"menu_order":0,"comment_status":"closed","ping_status":"closed","template":"","meta":{"colormag_page_layout":"default_layout","footnotes":""},"class_list":["post-204","page","type-page","status-publish","has-post-thumbnail","hentry"],"_links":{"self":[{"href":"https:\/\/tecmonclova.com\/sitio\/wp-json\/wp\/v2\/pages\/204","targetHints":{"allow":["GET"]}}],"collection":[{"href":"https:\/\/tecmonclova.com\/sitio\/wp-json\/wp\/v2\/pages"}],"about":[{"href":"https:\/\/tecmonclova.com\/sitio\/wp-json\/wp\/v2\/types\/page"}],"author":[{"embeddable":true,"href":"https:\/\/tecmonclova.com\/sitio\/wp-json\/wp\/v2\/users\/1"}],"replies":[{"embeddable":true,"href":"https:\/\/tecmonclova.com\/sitio\/wp-json\/wp\/v2\/comments?post=204"}],"version-history":[{"count":1,"href":"https:\/\/tecmonclova.com\/sitio\/wp-json\/wp\/v2\/pages\/204\/revisions"}],"predecessor-version":[{"id":949,"href":"https:\/\/tecmonclova.com\/sitio\/wp-json\/wp\/v2\/pages\/204\/revisions\/949"}],"up":[{"embeddable":true,"href":"https:\/\/tecmonclova.com\/sitio\/wp-json\/wp\/v2\/pages\/157"}],"wp:featuredmedia":[{"embeddable":true,"href":"https:\/\/tecmonclova.com\/sitio\/wp-json\/wp\/v2\/media\/948"}],"wp:attachment":[{"href":"https:\/\/tecmonclova.com\/sitio\/wp-json\/wp\/v2\/media?parent=204"}],"curies":[{"name":"wp","href":"https:\/\/api.w.org\/{rel}","templated":true}]}}