{"id":2373,"date":"2025-06-09T11:17:01","date_gmt":"2025-06-09T17:17:01","guid":{"rendered":"https:\/\/tecmonclova.com\/sitio\/?page_id=2373"},"modified":"2025-06-09T11:19:37","modified_gmt":"2025-06-09T17:19:37","slug":"prodep-que-es","status":"publish","type":"page","link":"https:\/\/tecmonclova.com\/sitio\/prodep-que-es\/","title":{"rendered":"PRODEP &#8211; Que es?"},"content":{"rendered":"\n<h2 class=\"wp-block-heading\">Qu\u00e9 es el Programa para el Desarrollo Profesional Docente (PRODEP)<br><\/h2>\n\n\n\n<p>El Programa para el Desarrollo Profesional Docente (PRODEP), tiene como objetivo contribuir para que el personal docente y personal con funciones de direcci\u00f3n, de supervisi\u00f3n, de asesor\u00eda t\u00e9cnico-pedag\u00f3gica y cuerpos acad\u00e9micos accedan y\/o concluyan programas de formaci\u00f3n, actualizaci\u00f3n acad\u00e9mica, capacitaci\u00f3n<br>y\/o proyectos de investigaci\u00f3n para fortalecer el perfil necesario para el desempe\u00f1o de sus funciones.<br><br><\/p>\n\n\n\n<h2 class=\"wp-block-heading\">Para el Tipo Superior:<\/h2>\n\n\n\n<p>Profesionalizar a las\/los Profesores de Tiempo Completo, ofreciendo las mismas oportunidades a mujeres y<br>hombres para acceder a los apoyos que otorga el Programa, a fin de que alcancen las capacidades de<br>investigaci\u00f3n-docencia, desarrollo tecnol\u00f3gico e innovaci\u00f3n y con responsabilidad social; se articulen y<br>consoliden en Cuerpos Acad\u00e9micos y con ello generen una nueva comunidad acad\u00e9mica capaz de transformar<br>su entorno.<\/p>\n\n\n\n<h2 class=\"wp-block-heading\">Poblaci\u00f3n Objetivo del Programa:<\/h2>\n\n\n\n<p>El Programa est\u00e1 dirigido a los Profesores de Tiempo Completo (PTC) que pertenecen a los Institutos<br>Tecnol\u00f3gicos del TecNM (Federales y Descentralizados).<\/p>\n\n\n\n<div data-wp-interactive=\"core\/file\" class=\"wp-block-file\"><object data-wp-bind--hidden=\"!state.hasPdfPreview\" hidden class=\"wp-block-file__embed\" data=\"https:\/\/tecmonclova.com\/sitio\/wp-content\/uploads\/2025\/06\/QUE-ES-EL-S247-2025.pdf\" type=\"application\/pdf\" style=\"width:100%;height:600px\" aria-label=\"Incrustado de QU\u00c9 ES EL S247 2025.\"><\/object><a id=\"wp-block-file--media-9fb78218-5140-4250-8f9f-734d68283180\" href=\"https:\/\/tecmonclova.com\/sitio\/wp-content\/uploads\/2025\/06\/QUE-ES-EL-S247-2025.pdf\">QU\u00c9 ES EL S247 2025<\/a><a href=\"https:\/\/tecmonclova.com\/sitio\/wp-content\/uploads\/2025\/06\/QUE-ES-EL-S247-2025.pdf\" class=\"wp-block-file__button wp-element-button\" download aria-describedby=\"wp-block-file--media-9fb78218-5140-4250-8f9f-734d68283180\">Descarga<\/a><\/div>\n","protected":false},"excerpt":{"rendered":"<p>Qu\u00e9 es el Programa para el Desarrollo Profesional Docente (PRODEP) El Programa para el Desarrollo Profesional Docente (PRODEP), tiene como<\/p>\n","protected":false},"author":2,"featured_media":0,"parent":0,"menu_order":0,"comment_status":"closed","ping_status":"closed","template":"","meta":{"colormag_page_layout":"default_layout","footnotes":""},"class_list":["post-2373","page","type-page","status-publish","hentry"],"_links":{"self":[{"href":"https:\/\/tecmonclova.com\/sitio\/wp-json\/wp\/v2\/pages\/2373","targetHints":{"allow":["GET"]}}],"collection":[{"href":"https:\/\/tecmonclova.com\/sitio\/wp-json\/wp\/v2\/pages"}],"about":[{"href":"https:\/\/tecmonclova.com\/sitio\/wp-json\/wp\/v2\/types\/page"}],"author":[{"embeddable":true,"href":"https:\/\/tecmonclova.com\/sitio\/wp-json\/wp\/v2\/users\/2"}],"replies":[{"embeddable":true,"href":"https:\/\/tecmonclova.com\/sitio\/wp-json\/wp\/v2\/comments?post=2373"}],"version-history":[{"count":2,"href":"https:\/\/tecmonclova.com\/sitio\/wp-json\/wp\/v2\/pages\/2373\/revisions"}],"predecessor-version":[{"id":2399,"href":"https:\/\/tecmonclova.com\/sitio\/wp-json\/wp\/v2\/pages\/2373\/revisions\/2399"}],"wp:attachment":[{"href":"https:\/\/tecmonclova.com\/sitio\/wp-json\/wp\/v2\/media?parent=2373"}],"curies":[{"name":"wp","href":"https:\/\/api.w.org\/{rel}","templated":true}]}}