{"id":280,"date":"2019-03-06T11:01:55","date_gmt":"2019-03-06T17:01:55","guid":{"rendered":"http:\/\/tecmonclova.com\/sitio\/?page_id=280"},"modified":"2019-10-18T11:42:27","modified_gmt":"2019-10-18T17:42:27","slug":"acreditacion","status":"publish","type":"page","link":"https:\/\/tecmonclova.com\/sitio\/conocenos\/acreditacion\/","title":{"rendered":"Acreditaci\u00f3n"},"content":{"rendered":"\n<figure class=\"wp-block-image size-large is-resized\"><img loading=\"lazy\" decoding=\"async\" src=\"https:\/\/tecmonclova.com\/sitio\/wp-content\/uploads\/2019\/10\/acreditacion.png\" alt=\"\" class=\"wp-image-1241\" width=\"815\" height=\"203\" srcset=\"https:\/\/tecmonclova.com\/sitio\/wp-content\/uploads\/2019\/10\/acreditacion.png 800w, https:\/\/tecmonclova.com\/sitio\/wp-content\/uploads\/2019\/10\/acreditacion-300x75.png 300w, https:\/\/tecmonclova.com\/sitio\/wp-content\/uploads\/2019\/10\/acreditacion-768x192.png 768w\" sizes=\"auto, (max-width: 815px) 100vw, 815px\" \/><\/figure>\n\n\n<p>Despu\u00e9s de un amplio proceso de evaluaci\u00f3n de los planes y programas de estudio, sistemas de ense\u00f1anza, instalaciones educativas, evaluaci\u00f3n y capacitaci\u00f3n al personal docente, el <strong>Consejo de Acreditaci\u00f3n de la Ense\u00f1anza de la Ingenier\u00eda, A.C. (CACEI)<\/strong> otorg\u00f3 al plantel los documentos que acreditan la calidad de la ense\u00f1anza en estas tres ingenier\u00edas.<\/p>\n<p>El proceso de acreditaci\u00f3n de estas carreras inici\u00f3 con la autoevaluaci\u00f3n presentada ante CACEI y la posterior visita de los evaluadores al plantel para la revisi\u00f3n y an\u00e1lisis de los procesos educativos.\u00a0Acredit\u00e1ndose las carreras de Ingenier\u00eda Mec\u00e1nica e\u00a0Ingenier\u00eda Industrial\u00a0 el 19 de agosto del 2010, mientras que para\u00a0 Ingenier\u00eda Electr\u00f3nica, fue el\u00a0 16 de febrero del 2012.<\/p>\n<p>Se ha logrado mantener la acreditaci\u00f3n tras el proceso de re aceditaci\u00f3n en 2015 y 2017 respectivamente, con una vigencia hasta el 2020 y 2022.<\/p>\n<p>Este gran reconocimiento reafirma el alto nivel de excelencia del Instituto Tecnol\u00f3gico Superior de Monclova, demostrando su compromiso por mejorar continuamente sus servicios educativos y calidad acad\u00e9mica.<\/p>","protected":false},"excerpt":{"rendered":"<p>Despu\u00e9s de un amplio proceso de evaluaci\u00f3n de los planes y programas de estudio, sistemas de ense\u00f1anza, instalaciones educativas, evaluaci\u00f3n<\/p>\n","protected":false},"author":1,"featured_media":0,"parent":271,"menu_order":0,"comment_status":"closed","ping_status":"closed","template":"","meta":{"colormag_page_layout":"default_layout","footnotes":""},"class_list":["post-280","page","type-page","status-publish","hentry"],"_links":{"self":[{"href":"https:\/\/tecmonclova.com\/sitio\/wp-json\/wp\/v2\/pages\/280","targetHints":{"allow":["GET"]}}],"collection":[{"href":"https:\/\/tecmonclova.com\/sitio\/wp-json\/wp\/v2\/pages"}],"about":[{"href":"https:\/\/tecmonclova.com\/sitio\/wp-json\/wp\/v2\/types\/page"}],"author":[{"embeddable":true,"href":"https:\/\/tecmonclova.com\/sitio\/wp-json\/wp\/v2\/users\/1"}],"replies":[{"embeddable":true,"href":"https:\/\/tecmonclova.com\/sitio\/wp-json\/wp\/v2\/comments?post=280"}],"version-history":[{"count":5,"href":"https:\/\/tecmonclova.com\/sitio\/wp-json\/wp\/v2\/pages\/280\/revisions"}],"predecessor-version":[{"id":1244,"href":"https:\/\/tecmonclova.com\/sitio\/wp-json\/wp\/v2\/pages\/280\/revisions\/1244"}],"up":[{"embeddable":true,"href":"https:\/\/tecmonclova.com\/sitio\/wp-json\/wp\/v2\/pages\/271"}],"wp:attachment":[{"href":"https:\/\/tecmonclova.com\/sitio\/wp-json\/wp\/v2\/media?parent=280"}],"curies":[{"name":"wp","href":"https:\/\/api.w.org\/{rel}","templated":true}]}}