{"id":285,"date":"2019-03-06T11:10:30","date_gmt":"2019-03-06T17:10:30","guid":{"rendered":"http:\/\/tecmonclova.com\/sitio\/?page_id=285"},"modified":"2019-10-21T14:56:43","modified_gmt":"2019-10-21T20:56:43","slug":"historia","status":"publish","type":"page","link":"https:\/\/tecmonclova.com\/sitio\/conocenos\/historia\/","title":{"rendered":"Historia"},"content":{"rendered":"\n<figure class=\"wp-block-image size-large\"><img loading=\"lazy\" decoding=\"async\" width=\"800\" height=\"200\" src=\"https:\/\/tecmonclova.com\/sitio\/wp-content\/uploads\/2019\/10\/fachada_tec-1.png\" alt=\"\" class=\"wp-image-1256\" srcset=\"https:\/\/tecmonclova.com\/sitio\/wp-content\/uploads\/2019\/10\/fachada_tec-1.png 800w, https:\/\/tecmonclova.com\/sitio\/wp-content\/uploads\/2019\/10\/fachada_tec-1-300x75.png 300w, https:\/\/tecmonclova.com\/sitio\/wp-content\/uploads\/2019\/10\/fachada_tec-1-768x192.png 768w\" sizes=\"auto, (max-width: 800px) 100vw, 800px\" \/><\/figure>\n\n\n<p>El <strong>Tecnol\u00f3gico Nacional de M\u00e9xico Campus Monclova<\/strong>, es una instituci\u00f3n educativa de nivel superior de car\u00e1cter p\u00fablico. \u00a0Surgi\u00f3 en 1996 ante los requerimientos de la Regi\u00f3n Centro de Coahuila de contar con una instituci\u00f3n superior que formara profesionales en los campos de la ciencia y la tecnolog\u00eda.<\/p>\n<p>El viernes 3 de abril de 1998 se public\u00f3 oficialmente el decreto de creaci\u00f3n del Instituto Tecnol\u00f3gico Superior de Monclova, teniendo como objetivos principales:<\/p>\n<p><strong><span style=\"color: #000080;\">Formar profesionales e investigadores en los diversos campos de la ciencia y tecnolog\u00eda, de acuerdo con los requerimientos del Estado y del pa\u00eds.<\/span><\/strong><\/p>\n<p><strong><span style=\"color: #000080;\">Realizar investigaci\u00f3n cient\u00edfica y tecnol\u00f3gica, con vista al avance del conocimiento, al desarrollo de la ense\u00f1anza tecnol\u00f3gica y al mejor aprovechamiento de los recursos naturales y materiales.<\/span><\/strong><\/p>\n<p><strong><span style=\"color: #000080;\">Ampliar las posibilidades de la educaci\u00f3n superior tecnol\u00f3gica a toda la sociedad.<\/span><\/strong><\/p>\n<p>El 02 de julio de 1998 el entonces Presidente de la Rep\u00fablica, Lic. Ernesto Zedillo Ponce de Le\u00f3n en compa\u00f1\u00eda del Gobernador del Estado, Dr. Rogelio Montemayor Seguy cort\u00f3 el list\u00f3n que inaugur\u00f3 la primera etapa de construcci\u00f3n del Instituto.<\/p>\n<p>El 23 de Julio de 2014 fue creado el Tecnol\u00f3gico Nacional de M\u00e9xico (TecNM) que se constituye por 266 instituciones de educaci\u00f3n superior:<\/p>\n<p>134 Institutos Tecnol\u00f3gicos descentralizados,<\/p>\n<p>126 Tecnol\u00f3gicos Federales,<\/p>\n<p>4 Centros Regionales de Optimizaci\u00f3n y Desarrollo de Equipo (CRODE),<\/p>\n<p>1 Centro Interdisciplinario de Investigaci\u00f3n y Docencia en Educaci\u00f3n T\u00e9cnica (CIIDET) y<\/p>\n<p>1 Centro Nacional de Investigaci\u00f3n y Desarrollo Tecnol\u00f3gico (CENIDET)<\/p>\n<p>En estas instituciones, el TecNM atiende a una poblaci\u00f3n escolar de 521,105 estudiantes en licenciatura y posgrado en todo el territorio nacional<\/p>\n<p>El Tecnol\u00f3gico Nacional de M\u00e9xico Campus Monclova ha logrado consolidarse, contando actualmente con una matr\u00edcula de 2221 alumnos, atendidos por 79 docentes de distintas disciplinas.<\/p>\n<p>Se ofrecen seis programas a nivel licenciatura:<\/p>\n<p><img loading=\"lazy\" decoding=\"async\" class=\"alignnone  wp-image-1259\" src=\"https:\/\/tecmonclova.com\/sitio\/wp-content\/uploads\/2019\/10\/CARRERAS-300x75.png\" alt=\"\" width=\"584\" height=\"146\" srcset=\"https:\/\/tecmonclova.com\/sitio\/wp-content\/uploads\/2019\/10\/CARRERAS-300x75.png 300w, https:\/\/tecmonclova.com\/sitio\/wp-content\/uploads\/2019\/10\/CARRERAS-768x192.png 768w, https:\/\/tecmonclova.com\/sitio\/wp-content\/uploads\/2019\/10\/CARRERAS.png 800w\" sizes=\"auto, (max-width: 584px) 100vw, 584px\" \/><\/p>\n<p><strong>Y una <\/strong><strong>Maestr\u00eda en Ing. Industrial.<\/strong><\/p>\n<p>Bajo el liderazgo de su Director General, C.P. Ra\u00fal Sergio Far\u00edas Mart\u00ednez, el Tecnol\u00f3gico Nacional de M\u00e9xico Campus Monclova, es una instituci\u00f3n certificada bajo la norma correspondiente:<\/p>\n<ul>\n<li><strong><span style=\"color: #333399;\">SISTEMA DE GESTI\u00d3N DE LA CALIDAD ISO 9001:2015<\/span><\/strong><\/li>\n<li><strong><span style=\"color: #333399;\">SISTEMA DE GESTI\u00d3N AMBIENTAL ISO 14001:2015<\/span><\/strong><\/li>\n<li><strong><span style=\"color: #333399;\">OHSAS 18001:2007<\/span><\/strong><\/li>\n<li><strong><span style=\"color: #333399;\">RESPONSABILIDAD SOCIAL EMPRESARIAL<\/span><\/strong><\/li>\n<li><strong><span style=\"color: #333399;\">NMX-R-025-SCFI-2015 IGUALDAD LABORAL Y NO DISCRIMINACI\u00d3N<\/span><\/strong><\/li>\n<\/ul>\n<p>A la fecha cuenta con la acreditaci\u00f3n por parte del Consejo de Acreditaci\u00f3n de la Ense\u00f1anza de la Ingenier\u00eda (<strong>CACEI<\/strong>) las carreras de Ing.\u00a0Industrial, Ing. Mec\u00e1nica e\u00a0Ing.\u00a0Electr\u00f3nica y en proceso de acreditaci\u00f3n la de Ing. en Gesti\u00f3n Empresarial e Ing. en Inform\u00e1tica.<\/p>\n<p>El Tecnol\u00f3gico Superior de Monclova es una instituci\u00f3n comprometida con el desarrollo educativo y tecnol\u00f3gico de nuestra regi\u00f3n; demostrando d\u00eda con d\u00eda su misi\u00f3n de impulsar el crecimiento de la comunidad, a trav\u00e9s de una administraci\u00f3n cercana a la poblaci\u00f3n estudiantil y la sociedad en general.<\/p>","protected":false},"excerpt":{"rendered":"<p>El Tecnol\u00f3gico Nacional de M\u00e9xico Campus Monclova, es una instituci\u00f3n educativa de nivel superior de car\u00e1cter p\u00fablico. \u00a0Surgi\u00f3 en 1996<\/p>\n","protected":false},"author":1,"featured_media":0,"parent":271,"menu_order":0,"comment_status":"closed","ping_status":"closed","template":"","meta":{"colormag_page_layout":"default_layout","footnotes":""},"class_list":["post-285","page","type-page","status-publish","hentry"],"_links":{"self":[{"href":"https:\/\/tecmonclova.com\/sitio\/wp-json\/wp\/v2\/pages\/285","targetHints":{"allow":["GET"]}}],"collection":[{"href":"https:\/\/tecmonclova.com\/sitio\/wp-json\/wp\/v2\/pages"}],"about":[{"href":"https:\/\/tecmonclova.com\/sitio\/wp-json\/wp\/v2\/types\/page"}],"author":[{"embeddable":true,"href":"https:\/\/tecmonclova.com\/sitio\/wp-json\/wp\/v2\/users\/1"}],"replies":[{"embeddable":true,"href":"https:\/\/tecmonclova.com\/sitio\/wp-json\/wp\/v2\/comments?post=285"}],"version-history":[{"count":5,"href":"https:\/\/tecmonclova.com\/sitio\/wp-json\/wp\/v2\/pages\/285\/revisions"}],"predecessor-version":[{"id":1261,"href":"https:\/\/tecmonclova.com\/sitio\/wp-json\/wp\/v2\/pages\/285\/revisions\/1261"}],"up":[{"embeddable":true,"href":"https:\/\/tecmonclova.com\/sitio\/wp-json\/wp\/v2\/pages\/271"}],"wp:attachment":[{"href":"https:\/\/tecmonclova.com\/sitio\/wp-json\/wp\/v2\/media?parent=285"}],"curies":[{"name":"wp","href":"https:\/\/api.w.org\/{rel}","templated":true}]}}