{"id":39,"date":"2019-03-04T12:26:59","date_gmt":"2019-03-04T18:26:59","guid":{"rendered":"http:\/\/tecmonclova.com\/sitio\/?page_id=39"},"modified":"2019-10-21T16:31:24","modified_gmt":"2019-10-21T22:31:24","slug":"nueva","status":"publish","type":"page","link":"https:\/\/tecmonclova.com\/sitio\/servicios\/nueva\/","title":{"rendered":"Titulaci\u00f3n"},"content":{"rendered":"<p><img loading=\"lazy\" decoding=\"async\" class=\" wp-image-1267 alignleft\" src=\"https:\/\/tecmonclova.com\/sitio\/wp-content\/uploads\/2019\/10\/grad_titulo-300x134.png\" alt=\"\" width=\"199\" height=\"89\" srcset=\"https:\/\/tecmonclova.com\/sitio\/wp-content\/uploads\/2019\/10\/grad_titulo-300x134.png 300w, https:\/\/tecmonclova.com\/sitio\/wp-content\/uploads\/2019\/10\/grad_titulo-768x343.png 768w, https:\/\/tecmonclova.com\/sitio\/wp-content\/uploads\/2019\/10\/grad_titulo.png 991w\" sizes=\"auto, (max-width: 199px) 100vw, 199px\" \/>Para realizar este tr\u00e1mite es indispensable haber aprobado alguna de las opciones de titulaci\u00f3n.<\/p>\n<p>(Acudir a la Divisi\u00f3n de Estudios Profesionales para m\u00e1s informaci\u00f3n.)<\/p>\n<p><span style=\"color: #808080;\"><strong>Dadas las nuevas disposiciones emitidas por la Direcci\u00f3n General de Profesiones, se acuerda que el procedimiento para el tr\u00e1mite administrativo de Titulaci\u00f3n se cambiar\u00e1 a partir de la fecha, quedando de la siguiente forma:<\/strong><\/span><\/p>\n<p><strong><span style=\"color: #000080;\">Paso 1 &#8211; Revisi\u00f3n de documentos en la divisi\u00f3n de servicios escolares<\/span><\/strong><\/p>\n<p><span style=\"color: #000080;\"><strong>Estar en la Relaci\u00f3n de Titulados emitida por la Divisi\u00f3n de Estudios Profesionales.<br \/><\/strong><strong><br \/>Acta de nacimiento reciente.<br \/><\/strong><strong><br \/>Certificado de bachillerato (Con carta de autenticidad del mismo)<br \/><\/strong><strong><br \/>Fotos<\/strong><\/span><\/p>\n<p><span style=\"color: #000080;\"><strong>Paso 2.- Pago en caja<\/strong><\/span><\/p>\n<p><span style=\"color: #000080;\"><strong>Paso 3.-\u00a0 Entrega de recibo en la Divisi\u00f3n de Servicios Escolares<\/strong><\/span><\/p>\n<p><span style=\"color: #000080;\"><strong>Paso 4 .- Tr\u00e1mite de legalizaci\u00f3n del T\u00edtulo Profesional\u00a0 en la Subsecretar\u00eda de Educaci\u00f3n Media y Superior de la SEDU.<\/strong><\/span><\/p>\n<h5><span style=\"color: #000000;\">C\u00e9dula Profesional<\/span><\/h5>\n<p><img loading=\"lazy\" decoding=\"async\" class=\" wp-image-1268 alignleft\" src=\"https:\/\/tecmonclova.com\/sitio\/wp-content\/uploads\/2019\/10\/cedula.png\" alt=\"\" width=\"112\" height=\"112\" srcset=\"https:\/\/tecmonclova.com\/sitio\/wp-content\/uploads\/2019\/10\/cedula.png 225w, https:\/\/tecmonclova.com\/sitio\/wp-content\/uploads\/2019\/10\/cedula-150x150.png 150w\" sizes=\"auto, (max-width: 112px) 100vw, 112px\" \/>Es el documento de Identificaci\u00f3n oficial que acredita al profesionista para ejercer libre y con efectos de patente la profesi\u00f3n a que pertenezca en los niveles de Licenciatura y Maestr\u00eda.<\/p>\n<p>Una vez concluido el tr\u00e1mite de legalizaci\u00f3n del T\u00edtulo, se realiza el tr\u00e1mite de C\u00e9dula Profesional en la Direcci\u00f3n Estatal de\u00a0 Profesiones.<\/p>\n<p>Para poder realizar este tr\u00e1mite, es necesario realizar una cita en la Divisi\u00f3n de Servicios Escolares del ITSM\u00a0 v\u00eda telef\u00f3nica\u00a0 (866) 6490375 \u00f3 (866) 6490370 ext. 121<\/p>\n<p>Se requieren lo siguiente:<\/p>\n<p>Llenar formato de solicitud del tr\u00e1mite de C\u00e9dula en Servicios Escolares<\/p>\n<p>CURP (Formato nuevo con c\u00f3digo QR)<\/p>\n<p>Copia de identificaci\u00f3n oficial INE<\/p>\n<p>Dos fotograf\u00edas recientes, de frente en\u00a0 tama\u00f1o infantil a color con fondo blanco, en papel mate y con retoque.<\/p>\n<p>Pago de derechos estatales, con la cuota vigente al momento de presentar la solicitud. El pago se puede realizar en Banamex o Banorte (el formato\u00a0 de pago se proporciona en Servicios Escolares).<\/p>\n\n\n<p><\/p>\n","protected":false},"excerpt":{"rendered":"<p>Para realizar este tr\u00e1mite es indispensable haber aprobado alguna de las opciones de titulaci\u00f3n. (Acudir a la Divisi\u00f3n de Estudios<\/p>\n","protected":false},"author":1,"featured_media":0,"parent":806,"menu_order":0,"comment_status":"closed","ping_status":"closed","template":"","meta":{"colormag_page_layout":"default_layout","footnotes":""},"class_list":["post-39","page","type-page","status-publish","hentry"],"_links":{"self":[{"href":"https:\/\/tecmonclova.com\/sitio\/wp-json\/wp\/v2\/pages\/39","targetHints":{"allow":["GET"]}}],"collection":[{"href":"https:\/\/tecmonclova.com\/sitio\/wp-json\/wp\/v2\/pages"}],"about":[{"href":"https:\/\/tecmonclova.com\/sitio\/wp-json\/wp\/v2\/types\/page"}],"author":[{"embeddable":true,"href":"https:\/\/tecmonclova.com\/sitio\/wp-json\/wp\/v2\/users\/1"}],"replies":[{"embeddable":true,"href":"https:\/\/tecmonclova.com\/sitio\/wp-json\/wp\/v2\/comments?post=39"}],"version-history":[{"count":11,"href":"https:\/\/tecmonclova.com\/sitio\/wp-json\/wp\/v2\/pages\/39\/revisions"}],"predecessor-version":[{"id":1275,"href":"https:\/\/tecmonclova.com\/sitio\/wp-json\/wp\/v2\/pages\/39\/revisions\/1275"}],"up":[{"embeddable":true,"href":"https:\/\/tecmonclova.com\/sitio\/wp-json\/wp\/v2\/pages\/806"}],"wp:attachment":[{"href":"https:\/\/tecmonclova.com\/sitio\/wp-json\/wp\/v2\/media?parent=39"}],"curies":[{"name":"wp","href":"https:\/\/api.w.org\/{rel}","templated":true}]}}