{"id":42,"date":"2019-03-04T12:50:54","date_gmt":"2019-03-04T18:50:54","guid":{"rendered":"http:\/\/tecmonclova.com\/sitio\/?page_id=42"},"modified":"2019-10-22T08:34:09","modified_gmt":"2019-10-22T14:34:09","slug":"bolsa-de-trabajo","status":"publish","type":"page","link":"https:\/\/tecmonclova.com\/sitio\/servicios\/bolsa-de-trabajo\/","title":{"rendered":"Bolsa de Trabajo"},"content":{"rendered":"<p><strong>ESTIMADOS ESTUDIANTES Y EGRESADOS:<\/strong><\/p>\n<p><img loading=\"lazy\" decoding=\"async\" class=\"wp-image-1286 alignleft\" src=\"https:\/\/tecmonclova.com\/sitio\/wp-content\/uploads\/2019\/10\/bolsa_t-1.png\" alt=\"\" width=\"147\" height=\"147\" srcset=\"https:\/\/tecmonclova.com\/sitio\/wp-content\/uploads\/2019\/10\/bolsa_t-1.png 225w, https:\/\/tecmonclova.com\/sitio\/wp-content\/uploads\/2019\/10\/bolsa_t-1-150x150.png 150w\" sizes=\"auto, (max-width: 147px) 100vw, 147px\" \/>En el Tecnol\u00f3gico Nacional de M\u00e9xico, nos esforzamos cada d\u00eda por brindarte un mejor servicio. Este v\u00ednculo con\u00a0<strong>OCCMundial.com<\/strong>\u00a0es muestra de ello.<\/p>\n<p>Hemos firmado un Acuerdo de Colaboraci\u00f3n con este importante portal de empleo para desarrollar conjuntamente tu nueva bolsa de trabajo en l\u00ednea.<\/p>\n<p>Obt\u00e9n tus claves de acceso y sube tu curr\u00edculum vitae para que tu perfil laboral se encuentre activo y a la vista de 30,000 empresas de todo el pa\u00eds. Adem\u00e1s podr\u00e1s consultar y postularte a vacantes exclusivas para tu comunidad universitaria, as\u00ed como a las vacantes publicadas en\u00a0<strong>OCCMundial.com<\/strong>\u00a0\u201cEl sitio l\u00edder para encontrar empleo a cualquier nivel\u201d.<\/p>\n<p>\u00a1Todo esto desde tu nueva bolsa de trabajo en l\u00ednea!<\/p>\n<p>Nota: Si ya eres usuario de\u00a0<strong>OCCMundial.com<\/strong>\u00a0tan solo debes ingresar con tus claves de acceso desde \u00e9ste sitio para comenzar a disfrutar ahora mismo de sus beneficios.<\/p>\n<p>\u00a1B I E N V E N I D O S!<\/p>\n","protected":false},"excerpt":{"rendered":"<p>ESTIMADOS ESTUDIANTES Y EGRESADOS: En el Tecnol\u00f3gico Nacional de M\u00e9xico, nos esforzamos cada d\u00eda por brindarte un mejor servicio. Este<\/p>\n","protected":false},"author":1,"featured_media":0,"parent":806,"menu_order":0,"comment_status":"closed","ping_status":"closed","template":"","meta":{"colormag_page_layout":"default_layout","footnotes":""},"class_list":["post-42","page","type-page","status-publish","hentry"],"_links":{"self":[{"href":"https:\/\/tecmonclova.com\/sitio\/wp-json\/wp\/v2\/pages\/42","targetHints":{"allow":["GET"]}}],"collection":[{"href":"https:\/\/tecmonclova.com\/sitio\/wp-json\/wp\/v2\/pages"}],"about":[{"href":"https:\/\/tecmonclova.com\/sitio\/wp-json\/wp\/v2\/types\/page"}],"author":[{"embeddable":true,"href":"https:\/\/tecmonclova.com\/sitio\/wp-json\/wp\/v2\/users\/1"}],"replies":[{"embeddable":true,"href":"https:\/\/tecmonclova.com\/sitio\/wp-json\/wp\/v2\/comments?post=42"}],"version-history":[{"count":4,"href":"https:\/\/tecmonclova.com\/sitio\/wp-json\/wp\/v2\/pages\/42\/revisions"}],"predecessor-version":[{"id":1288,"href":"https:\/\/tecmonclova.com\/sitio\/wp-json\/wp\/v2\/pages\/42\/revisions\/1288"}],"up":[{"embeddable":true,"href":"https:\/\/tecmonclova.com\/sitio\/wp-json\/wp\/v2\/pages\/806"}],"wp:attachment":[{"href":"https:\/\/tecmonclova.com\/sitio\/wp-json\/wp\/v2\/media?parent=42"}],"curies":[{"name":"wp","href":"https:\/\/api.w.org\/{rel}","templated":true}]}}