{"id":54,"date":"2019-03-04T15:23:20","date_gmt":"2019-03-04T21:23:20","guid":{"rendered":"http:\/\/tecmonclova.com\/sitio\/?page_id=54"},"modified":"2019-10-22T10:30:37","modified_gmt":"2019-10-22T16:30:37","slug":"servicio-social","status":"publish","type":"page","link":"https:\/\/tecmonclova.com\/sitio\/servicios\/servicio-social\/","title":{"rendered":"Servicio Social"},"content":{"rendered":"<p><img loading=\"lazy\" decoding=\"async\" class=\" wp-image-1289 alignleft\" src=\"https:\/\/tecmonclova.com\/sitio\/wp-content\/uploads\/2019\/10\/servsocial-1.png\" alt=\"\" width=\"205\" height=\"144\" srcset=\"https:\/\/tecmonclova.com\/sitio\/wp-content\/uploads\/2019\/10\/servsocial-1.png 235w, https:\/\/tecmonclova.com\/sitio\/wp-content\/uploads\/2019\/10\/servsocial-1-130x90.png 130w\" sizes=\"auto, (max-width: 205px) 100vw, 205px\" \/>Es una actividad que permite al estudiante poner en pr\u00e1ctica los conocimientos que adquiri\u00f3 en su vida acad\u00e9mica, en beneficio de la sociedad mexicana. Una buena elecci\u00f3n del programa en el que realices tu servicio social te permitir\u00e1 tener una experiencia previa a tu inserci\u00f3n laboral, la oportunidad de desarrollar y robustecer tus conocimientos en el \u00e1mbito laboral de tu carrera. En muchos casos el servicios social es incluso una experiencia de vida, adem\u00e1s de ser un requisito obligado para la titulaci\u00f3n.<\/p>\n","protected":false},"excerpt":{"rendered":"<p>Es una actividad que permite al estudiante poner en pr\u00e1ctica los conocimientos que adquiri\u00f3 en su vida acad\u00e9mica, en beneficio<\/p>\n","protected":false},"author":1,"featured_media":0,"parent":806,"menu_order":0,"comment_status":"closed","ping_status":"closed","template":"","meta":{"colormag_page_layout":"default_layout","footnotes":""},"class_list":["post-54","page","type-page","status-publish","hentry"],"_links":{"self":[{"href":"https:\/\/tecmonclova.com\/sitio\/wp-json\/wp\/v2\/pages\/54","targetHints":{"allow":["GET"]}}],"collection":[{"href":"https:\/\/tecmonclova.com\/sitio\/wp-json\/wp\/v2\/pages"}],"about":[{"href":"https:\/\/tecmonclova.com\/sitio\/wp-json\/wp\/v2\/types\/page"}],"author":[{"embeddable":true,"href":"https:\/\/tecmonclova.com\/sitio\/wp-json\/wp\/v2\/users\/1"}],"replies":[{"embeddable":true,"href":"https:\/\/tecmonclova.com\/sitio\/wp-json\/wp\/v2\/comments?post=54"}],"version-history":[{"count":8,"href":"https:\/\/tecmonclova.com\/sitio\/wp-json\/wp\/v2\/pages\/54\/revisions"}],"predecessor-version":[{"id":1309,"href":"https:\/\/tecmonclova.com\/sitio\/wp-json\/wp\/v2\/pages\/54\/revisions\/1309"}],"up":[{"embeddable":true,"href":"https:\/\/tecmonclova.com\/sitio\/wp-json\/wp\/v2\/pages\/806"}],"wp:attachment":[{"href":"https:\/\/tecmonclova.com\/sitio\/wp-json\/wp\/v2\/media?parent=54"}],"curies":[{"name":"wp","href":"https:\/\/api.w.org\/{rel}","templated":true}]}}