{"id":55,"date":"2019-03-04T15:32:03","date_gmt":"2019-03-04T21:32:03","guid":{"rendered":"http:\/\/tecmonclova.com\/sitio\/?page_id=55"},"modified":"2019-10-22T10:15:34","modified_gmt":"2019-10-22T16:15:34","slug":"bibliotecas-y-revistas-digitales","status":"publish","type":"page","link":"https:\/\/tecmonclova.com\/sitio\/servicios\/bibliotecas-y-revistas-digitales\/","title":{"rendered":"Biblioteca y Revistas Digitales"},"content":{"rendered":"<p>La Biblioteca del Instituto Tecnol\u00f3gico Superior de Monclova tiene como objetivo brindar&nbsp; servicios que satisfagan las necesidades de informaci\u00f3n&nbsp; para la formaci\u00f3n acad\u00e9mica&nbsp; y de investigaci\u00f3n de alumnos, maestros y personal del instituto.<\/p>\n<p><strong><span style=\"color: #000080;\">Para esto cuenta con los siguientes recursos&nbsp; y servicios.<\/span><\/strong><\/p>\n<p><img loading=\"lazy\" decoding=\"async\" class=\" wp-image-1293 alignleft\" src=\"https:\/\/tecmonclova.com\/sitio\/wp-content\/uploads\/2019\/10\/Biblioteca-300x300.png\" alt=\"\" width=\"118\" height=\"118\" srcset=\"https:\/\/tecmonclova.com\/sitio\/wp-content\/uploads\/2019\/10\/Biblioteca-300x300.png 300w, https:\/\/tecmonclova.com\/sitio\/wp-content\/uploads\/2019\/10\/Biblioteca-150x150.png 150w, https:\/\/tecmonclova.com\/sitio\/wp-content\/uploads\/2019\/10\/Biblioteca.png 529w\" sizes=\"auto, (max-width: 118px) 100vw, 118px\" \/><\/p>\n<ul>\n<li><strong><span style=\"color: #000080;\">M\u00e1s de 4,000 vol\u00famenes.<\/span><\/strong><\/li>\n<li><strong><span style=\"color: #000080;\">13 t\u00edtulos de Publicaciones peri\u00f3dicas impresas.<\/span><\/strong><\/li>\n<li><strong><span style=\"color: #000080;\">Publicaciones peri\u00f3dicas electr\u00f3nicas de \u00e1reas afines a las carreras.<\/span><\/strong><\/li>\n<li><strong><span style=\"color: #000080;\">Bases de datos EBSCO.<\/span><\/strong><\/li>\n<li><strong><span style=\"color: #000080;\">Pr\u00e9stamo Interno y Externo de vol\u00famenes.<\/span><\/strong><\/li>\n<li><strong><span style=\"color: #000080;\">Consulta, asesor\u00eda en b\u00fasquedas de informaci\u00f3n.<\/span><\/strong><\/li>\n<li><strong><span style=\"color: #000080;\">Uso de computadoras con acceso a Internet.<\/span><\/strong><\/li>\n<\/ul>\n","protected":false},"excerpt":{"rendered":"<p>La Biblioteca del Instituto Tecnol\u00f3gico Superior de Monclova tiene como objetivo brindar&nbsp; servicios que satisfagan las necesidades de informaci\u00f3n&nbsp; para<\/p>\n","protected":false},"author":1,"featured_media":0,"parent":806,"menu_order":0,"comment_status":"closed","ping_status":"closed","template":"","meta":{"colormag_page_layout":"default_layout","footnotes":""},"class_list":["post-55","page","type-page","status-publish","hentry"],"_links":{"self":[{"href":"https:\/\/tecmonclova.com\/sitio\/wp-json\/wp\/v2\/pages\/55","targetHints":{"allow":["GET"]}}],"collection":[{"href":"https:\/\/tecmonclova.com\/sitio\/wp-json\/wp\/v2\/pages"}],"about":[{"href":"https:\/\/tecmonclova.com\/sitio\/wp-json\/wp\/v2\/types\/page"}],"author":[{"embeddable":true,"href":"https:\/\/tecmonclova.com\/sitio\/wp-json\/wp\/v2\/users\/1"}],"replies":[{"embeddable":true,"href":"https:\/\/tecmonclova.com\/sitio\/wp-json\/wp\/v2\/comments?post=55"}],"version-history":[{"count":10,"href":"https:\/\/tecmonclova.com\/sitio\/wp-json\/wp\/v2\/pages\/55\/revisions"}],"predecessor-version":[{"id":1303,"href":"https:\/\/tecmonclova.com\/sitio\/wp-json\/wp\/v2\/pages\/55\/revisions\/1303"}],"up":[{"embeddable":true,"href":"https:\/\/tecmonclova.com\/sitio\/wp-json\/wp\/v2\/pages\/806"}],"wp:attachment":[{"href":"https:\/\/tecmonclova.com\/sitio\/wp-json\/wp\/v2\/media?parent=55"}],"curies":[{"name":"wp","href":"https:\/\/api.w.org\/{rel}","templated":true}]}}