{"id":100,"date":"2025-09-23T17:59:20","date_gmt":"2025-09-23T17:59:20","guid":{"rendered":"https:\/\/tecmonclova.com\/web\/?page_id=100"},"modified":"2025-09-24T16:06:57","modified_gmt":"2025-09-24T16:06:57","slug":"sistema-de-gestion-de-calidad","status":"publish","type":"page","link":"https:\/\/tecmonclova.com\/web\/sistema-de-gestion-de-calidad\/","title":{"rendered":"Sistema de gesti\u00f3n de calidad"},"content":{"rendered":"\n<h1 class=\"wp-block-heading has-x-large-font-size\">Sistema de gesti\u00f3n de calidad<\/h1>\n\n\n\n<h2 class=\"wp-block-heading\">Formato ficha de indicadores <\/h2>\n\n\n\n<div class=\"wp-block-file\"><a id=\"wp-block-file--media-e5aad97b-04a3-4959-9b56-e25f72c3b4e0\" href=\"https:\/\/tecmonclova.com\/web\/wp-content\/uploads\/2025\/09\/Formato-Ficha-de-indicadores-2023.xlsx\">Formato Ficha de indicadores 2023<\/a><a href=\"https:\/\/tecmonclova.com\/web\/wp-content\/uploads\/2025\/09\/Formato-Ficha-de-indicadores-2023.xlsx\" class=\"wp-block-file__button wp-element-button\" download aria-describedby=\"wp-block-file--media-e5aad97b-04a3-4959-9b56-e25f72c3b4e0\">Descarga<\/a><\/div>\n\n\n\n<div class=\"wp-block-file\"><a id=\"wp-block-file--media-e634041c-e988-44e7-b326-7e828f897df7\" href=\"https:\/\/tecmonclova.com\/web\/wp-content\/uploads\/2025\/09\/Formato-Ficha-de-indicadores-2025-1.xlsx\">Formato Ficha de indicadores 2025<\/a><a href=\"https:\/\/tecmonclova.com\/web\/wp-content\/uploads\/2025\/09\/Formato-Ficha-de-indicadores-2025-1.xlsx\" class=\"wp-block-file__button wp-element-button\" download aria-describedby=\"wp-block-file--media-e634041c-e988-44e7-b326-7e828f897df7\">Descarga<\/a><\/div>\n\n\n\n<div class=\"wp-block-file\"><a id=\"wp-block-file--media-e425cc94-c7b4-4fce-9cc7-b069acb0a4c5\" href=\"https:\/\/tecmonclova.com\/web\/wp-content\/uploads\/2025\/09\/MIR-ITSM-2025-3.xlsx\">MIR ITSM 2025<\/a><a href=\"https:\/\/tecmonclova.com\/web\/wp-content\/uploads\/2025\/09\/MIR-ITSM-2025-3.xlsx\" class=\"wp-block-file__button wp-element-button\" download aria-describedby=\"wp-block-file--media-e425cc94-c7b4-4fce-9cc7-b069acb0a4c5\">Descarga<\/a><\/div>\n\n\n\n<h2 class=\"wp-block-heading\">Programa de protecci\u00f3n de accidentes 2022<\/h2>\n\n\n\n<div class=\"wp-block-file\"><a id=\"wp-block-file--media-9f28c1a7-7e49-4c2c-a694-97e8a6bb5bc4\" href=\"https:\/\/tecmonclova.com\/web\/wp-content\/uploads\/2025\/09\/1.0.-Tecnologico-de-MONCLOVA-2022.docx\">1.0. Tecnologico de MONCLOVA 2022<\/a><a href=\"https:\/\/tecmonclova.com\/web\/wp-content\/uploads\/2025\/09\/1.0.-Tecnologico-de-MONCLOVA-2022.docx\" class=\"wp-block-file__button wp-element-button\" download aria-describedby=\"wp-block-file--media-9f28c1a7-7e49-4c2c-a694-97e8a6bb5bc4\">Descarga<\/a><\/div>\n\n\n\n<div class=\"wp-block-file\"><a id=\"wp-block-file--media-694a5104-70eb-439a-8d5d-f7cc8025b534\" href=\"https:\/\/tecmonclova.com\/web\/wp-content\/uploads\/2025\/09\/02.2.0.-Tecnologico-de-MONCLOVA-2022.docx\">02.2.0. Tecnologico de MONCLOVA 2022<\/a><a href=\"https:\/\/tecmonclova.com\/web\/wp-content\/uploads\/2025\/09\/02.2.0.-Tecnologico-de-MONCLOVA-2022.docx\" class=\"wp-block-file__button wp-element-button\" download aria-describedby=\"wp-block-file--media-694a5104-70eb-439a-8d5d-f7cc8025b534\">Descarga<\/a><\/div>\n\n\n\n<div class=\"wp-block-file\"><a id=\"wp-block-file--media-0eaa82eb-cd58-4ebd-ad32-84c8b9720fcc\" href=\"https:\/\/tecmonclova.com\/web\/wp-content\/uploads\/2025\/09\/03.1.0.-Tecnologico-de-MONCLOVA-2022.docx\">03.1.0. Tecnologico de MONCLOVA 2022<\/a><a href=\"https:\/\/tecmonclova.com\/web\/wp-content\/uploads\/2025\/09\/03.1.0.-Tecnologico-de-MONCLOVA-2022.docx\" class=\"wp-block-file__button wp-element-button\" download aria-describedby=\"wp-block-file--media-0eaa82eb-cd58-4ebd-ad32-84c8b9720fcc\">Descarga<\/a><\/div>\n\n\n\n<div class=\"wp-block-file\"><a id=\"wp-block-file--media-fdb708ef-0d32-4cfd-9941-5b3a12a72cea\" href=\"https:\/\/tecmonclova.com\/web\/wp-content\/uploads\/2025\/09\/04.1.0.-Tecnologico-de-MONCLOVA-2022.docx\">04.1.0. Tecnologico de MONCLOVA 2022<\/a><a href=\"https:\/\/tecmonclova.com\/web\/wp-content\/uploads\/2025\/09\/04.1.0.-Tecnologico-de-MONCLOVA-2022.docx\" class=\"wp-block-file__button wp-element-button\" download aria-describedby=\"wp-block-file--media-fdb708ef-0d32-4cfd-9941-5b3a12a72cea\">Descarga<\/a><\/div>\n\n\n\n<div class=\"wp-block-file\"><a id=\"wp-block-file--media-e7b5c0cf-bb17-48af-9a5a-d594541d84b0\" href=\"https:\/\/tecmonclova.com\/web\/wp-content\/uploads\/2025\/09\/05.1.0.-Tecnologico-de-MONCLOVA-2022-1.docx\">05.1.0. Tecnologico de MONCLOVA 2022 (1)<\/a><a href=\"https:\/\/tecmonclova.com\/web\/wp-content\/uploads\/2025\/09\/05.1.0.-Tecnologico-de-MONCLOVA-2022-1.docx\" class=\"wp-block-file__button wp-element-button\" download aria-describedby=\"wp-block-file--media-e7b5c0cf-bb17-48af-9a5a-d594541d84b0\">Descarga<\/a><\/div>\n\n\n\n<h2 class=\"wp-block-heading\">Responsabilidad social<\/h2>\n\n\n\n<div class=\"wp-block-file\"><a id=\"wp-block-file--media-73fa1c8a-299d-42cc-83e4-6b87cf37f58c\" href=\"https:\/\/tecmonclova.com\/web\/wp-content\/uploads\/2025\/09\/Carta-Bienvenida-PMM-Instituto-Tecnologico-Superior-de-Monclova-2.pdf\">Carta Bienvenida PMM Instituto Tecnologico Superior de Monclova<\/a><a href=\"https:\/\/tecmonclova.com\/web\/wp-content\/uploads\/2025\/09\/Carta-Bienvenida-PMM-Instituto-Tecnologico-Superior-de-Monclova-2.pdf\" class=\"wp-block-file__button wp-element-button\" download aria-describedby=\"wp-block-file--media-73fa1c8a-299d-42cc-83e4-6b87cf37f58c\">Descarga<\/a><\/div>\n\n\n\n<h2 class=\"wp-block-heading\">Sistema de gesti\u00f3n ambiental<\/h2>\n\n\n\n<div class=\"wp-block-file\"><a id=\"wp-block-file--media-03d9fa54-b71d-4ee8-a051-feb0d6639e73\" href=\"https:\/\/tecmonclova.com\/web\/wp-content\/uploads\/2025\/09\/MATRIZ-AMBIENTAL-2020-1.xlsx\">MATRIZ AMBIENTAL 2020<\/a><a href=\"https:\/\/tecmonclova.com\/web\/wp-content\/uploads\/2025\/09\/MATRIZ-AMBIENTAL-2020-1.xlsx\" class=\"wp-block-file__button wp-element-button\" download aria-describedby=\"wp-block-file--media-03d9fa54-b71d-4ee8-a051-feb0d6639e73\">Descarga<\/a><\/div>\n\n\n\n<h2 class=\"wp-block-heading\">Sistema de gesti\u00f3n de calidad<\/h2>\n\n\n\n<div class=\"wp-block-file\"><a id=\"wp-block-file--media-276953a7-6883-49d4-a4bd-fcdb6702b0a4\" href=\"https:\/\/tecmonclova.com\/web\/wp-content\/uploads\/2025\/09\/PLATAFORMA-SGI-PROCEOS-ESTRATEGICOS-2.docx\">PLATAFORMA SGI PROCEOS ESTRATEGICOS<\/a><a href=\"https:\/\/tecmonclova.com\/web\/wp-content\/uploads\/2025\/09\/PLATAFORMA-SGI-PROCEOS-ESTRATEGICOS-2.docx\" class=\"wp-block-file__button wp-element-button\" download aria-describedby=\"wp-block-file--media-276953a7-6883-49d4-a4bd-fcdb6702b0a4\">Descarga<\/a><\/div>\n\n\n\n<h2 class=\"wp-block-heading\">Sistema de gesti\u00f3n de energ\u00edas<\/h2>\n\n\n\n<div class=\"wp-block-file\"><a id=\"wp-block-file--media-006e876c-e94f-4eeb-97ec-2f2ffbab0fed\" href=\"https:\/\/tecmonclova.com\/web\/wp-content\/uploads\/2025\/09\/MATRIZ-DE-ENERGIA-2020.xlsx\">MATRIZ DE ENERGIA 2020<\/a><a href=\"https:\/\/tecmonclova.com\/web\/wp-content\/uploads\/2025\/09\/MATRIZ-DE-ENERGIA-2020.xlsx\" class=\"wp-block-file__button wp-element-button\" download aria-describedby=\"wp-block-file--media-006e876c-e94f-4eeb-97ec-2f2ffbab0fed\">Descarga<\/a><\/div>\n\n\n\n<h2 class=\"wp-block-heading\"> Sistema de gesti\u00f3n de igualdad de genero<\/h2>\n\n\n\n<p>El Tecnol\u00f3gico Nacional de M\u00e9xico a trav\u00e9s de su Director General, manifiesta su compromiso con la defensa de los derechos humanos, por lo que en la esfera de su competencia garantizar\u00e1 el principio de igualdad sustantiva entre mujeres y hombres en el ejercicio de sus derechos laborales, as\u00ed como el derecho fundamental a la no discriminaci\u00f3n en los procesos de ingreso, formaci\u00f3n y promoci\u00f3n profesional, adem\u00e1s de sus condiciones de trabajo, quedando prohibido el maltrato, violencia y segregaci\u00f3n de las autoridades hacia el personal y entre el personal en materia de cualquier forma de distinci\u00f3n, exclusi\u00f3n o restricci\u00f3n basada en el origen \u00e9tnico o nacional, apariencia f\u00edsica, cultura, sexo, g\u00e9nero, edad, discapacidad, condici\u00f3n social o econ\u00f3mica, condiciones de salud, embarazo, lengua, religi\u00f3n, opiniones, preferencias sexuales, estado civil, situaci\u00f3n migratoria o cualquier otra, que tenga por efecto impedir o anular el reconocimiento o el ejercicio de los derechos y la igualdad real de oportunidades.<\/p>\n\n\n\n<div class=\"wp-block-file\"><a id=\"wp-block-file--media-c6760844-d676-441b-9309-21a93dcadc05\" href=\"https:\/\/tecmonclova.com\/web\/wp-content\/uploads\/2025\/09\/0.-Pronunciamiento-cero-tolerancia-al-hostigamiento-y-acoso-sexual-en-el-TecNM-1.pdf\">0.-Pronunciamiento cero tolerancia al hostigamiento y acoso sexual en el TecNM<\/a><a href=\"https:\/\/tecmonclova.com\/web\/wp-content\/uploads\/2025\/09\/0.-Pronunciamiento-cero-tolerancia-al-hostigamiento-y-acoso-sexual-en-el-TecNM-1.pdf\" class=\"wp-block-file__button wp-element-button\" download aria-describedby=\"wp-block-file--media-c6760844-d676-441b-9309-21a93dcadc05\">Descarga<\/a><\/div>\n\n\n\n<div class=\"wp-block-file\"><a id=\"wp-block-file--media-3b76d8c4-97fd-4c29-82d4-b0d02b27e7d1\" href=\"https:\/\/tecmonclova.com\/web\/wp-content\/uploads\/2025\/09\/1.-POLITICA-OFICIAL-1.pdf\">1.-POLITICA OFICIAL<\/a><a href=\"https:\/\/tecmonclova.com\/web\/wp-content\/uploads\/2025\/09\/1.-POLITICA-OFICIAL-1.pdf\" class=\"wp-block-file__button wp-element-button\" download aria-describedby=\"wp-block-file--media-3b76d8c4-97fd-4c29-82d4-b0d02b27e7d1\">Descarga<\/a><\/div>\n\n\n\n<div class=\"wp-block-file\"><a id=\"wp-block-file--media-742629be-5c01-4975-94d2-b8d51449565f\" href=\"https:\/\/tecmonclova.com\/web\/wp-content\/uploads\/2025\/09\/2.-PROCEDIMIENTORECLUTAMIENTO-SELECCION-Y-CONTRATACION-DE-PERSONAL.pdf\">2.-PROCEDIMIENTO RECLUTAMIENTO\/ CONTRATACION DE PERSONAL<\/a><a href=\"https:\/\/tecmonclova.com\/web\/wp-content\/uploads\/2025\/09\/2.-PROCEDIMIENTORECLUTAMIENTO-SELECCION-Y-CONTRATACION-DE-PERSONAL.pdf\" class=\"wp-block-file__button wp-element-button\" download aria-describedby=\"wp-block-file--media-742629be-5c01-4975-94d2-b8d51449565f\">Descarga<\/a><\/div>\n\n\n\n<div class=\"wp-block-file\"><a id=\"wp-block-file--media-1031a4af-f10a-43cf-8f16-108cdc6b28f6\" href=\"https:\/\/tecmonclova.com\/web\/wp-content\/uploads\/2025\/09\/3.-M00-CC-01-codigo-de-conducta.pdf\">3.-M00-CC-01 codigo de conducta<br><\/a><a href=\"https:\/\/tecmonclova.com\/web\/wp-content\/uploads\/2025\/09\/3.-M00-CC-01-codigo-de-conducta.pdf\" class=\"wp-block-file__button wp-element-button\" download aria-describedby=\"wp-block-file--media-1031a4af-f10a-43cf-8f16-108cdc6b28f6\">Descarga<\/a><\/div>\n\n\n\n<div class=\"wp-block-file\"><a id=\"wp-block-file--media-1b63e085-32ba-4296-9019-e0530a458d3d\" href=\"https:\/\/tecmonclova.com\/web\/wp-content\/uploads\/2025\/09\/3.-SFP-CE-2022_Codigo-de-Etica.pdf\">3.-SFP-CE-2022_Codigo de Etica<br><\/a><a href=\"https:\/\/tecmonclova.com\/web\/wp-content\/uploads\/2025\/09\/3.-SFP-CE-2022_Codigo-de-Etica.pdf\" class=\"wp-block-file__button wp-element-button\" download aria-describedby=\"wp-block-file--media-1b63e085-32ba-4296-9019-e0530a458d3d\">Descarga<\/a><\/div>\n\n\n\n<div class=\"wp-block-file\"><a id=\"wp-block-file--media-9d6d05c1-de74-43f6-b31e-12075ab3ce04\" href=\"https:\/\/tecmonclova.com\/web\/wp-content\/uploads\/2025\/09\/4.-Procedimiento-de-Promocion-Ascenso-y-Permanencia.pdf\">4. &#8211; Procedimiento de Promoci\u00f3n, Ascenso y Permanencia<\/a><a href=\"https:\/\/tecmonclova.com\/web\/wp-content\/uploads\/2025\/09\/4.-Procedimiento-de-Promocion-Ascenso-y-Permanencia.pdf\" class=\"wp-block-file__button wp-element-button\" download aria-describedby=\"wp-block-file--media-9d6d05c1-de74-43f6-b31e-12075ab3ce04\">Descarga<\/a><\/div>\n\n\n\n<div class=\"wp-block-file\"><a id=\"wp-block-file--media-099cd94c-c769-40ab-961c-8535ce71c2b2\" href=\"https:\/\/tecmonclova.com\/web\/wp-content\/uploads\/2025\/09\/5.-Capacitacion-Procedimiento.pdf\">5.-Capacitaci\u00f3n, Procedimiento<\/a><a href=\"https:\/\/tecmonclova.com\/web\/wp-content\/uploads\/2025\/09\/5.-Capacitacion-Procedimiento.pdf\" class=\"wp-block-file__button wp-element-button\" download aria-describedby=\"wp-block-file--media-099cd94c-c769-40ab-961c-8535ce71c2b2\">Descarga<\/a><\/div>\n\n\n\n<div class=\"wp-block-file\"><a id=\"wp-block-file--media-3eef2ce1-5e38-40b0-a04a-d2b5eb10a1a4\" href=\"https:\/\/tecmonclova.com\/web\/wp-content\/uploads\/2025\/09\/6.-Lenguaje-Incluyente-PRONTUARIO-difusion-digital.pdf\">6.-Lenguaje Incluyente, PRONTUARIO difusion digital<\/a><a href=\"https:\/\/tecmonclova.com\/web\/wp-content\/uploads\/2025\/09\/6.-Lenguaje-Incluyente-PRONTUARIO-difusion-digital.pdf\" class=\"wp-block-file__button wp-element-button\" download aria-describedby=\"wp-block-file--media-3eef2ce1-5e38-40b0-a04a-d2b5eb10a1a4\">Descarga<\/a><\/div>\n\n\n\n<div class=\"wp-block-file\"><a id=\"wp-block-file--media-4090dee1-70cf-40b0-8334-59df3b3e6b37\" href=\"https:\/\/tecmonclova.com\/web\/wp-content\/uploads\/2025\/09\/6.-Lenguaje-Incluyente-TecNM-GIG-LI-01-lineamientos-len-incluyente.pdf\">6.-Lenguaje Incluyente, TecNM-GIG-LI-01 lineamientos len incluyente<\/a><a href=\"https:\/\/tecmonclova.com\/web\/wp-content\/uploads\/2025\/09\/6.-Lenguaje-Incluyente-TecNM-GIG-LI-01-lineamientos-len-incluyente.pdf\" class=\"wp-block-file__button wp-element-button\" download aria-describedby=\"wp-block-file--media-4090dee1-70cf-40b0-8334-59df3b3e6b37\">Descarga<\/a><\/div>\n\n\n\n<div class=\"wp-block-file\"><a id=\"wp-block-file--media-2d995a46-09fd-4f2a-ae97-4e15e8f5a4fe\" href=\"https:\/\/tecmonclova.com\/web\/wp-content\/uploads\/2025\/09\/7.-Guia-de-corresponsabilidad-laboral-familiar-y-personal.pdf\">7.-Guia de corresponsabilidad laboral familiar y personal<\/a><a href=\"https:\/\/tecmonclova.com\/web\/wp-content\/uploads\/2025\/09\/7.-Guia-de-corresponsabilidad-laboral-familiar-y-personal.pdf\" class=\"wp-block-file__button wp-element-button\" download aria-describedby=\"wp-block-file--media-2d995a46-09fd-4f2a-ae97-4e15e8f5a4fe\">Descarga<\/a><\/div>\n\n\n\n<div class=\"wp-block-file\"><a id=\"wp-block-file--media-5034d42d-5f4e-4836-84f4-f30968861fdf\" href=\"https:\/\/tecmonclova.com\/web\/wp-content\/uploads\/2025\/09\/8.-Accesibilidad-GUIA-ACCESIBILIDAD-DIR-MATERIALES.pdf\">8.- Accesibilidad, GUIA ACCESIBILIDAD DIR MATERIALES<\/a><a href=\"https:\/\/tecmonclova.com\/web\/wp-content\/uploads\/2025\/09\/8.-Accesibilidad-GUIA-ACCESIBILIDAD-DIR-MATERIALES.pdf\" class=\"wp-block-file__button wp-element-button\" download aria-describedby=\"wp-block-file--media-5034d42d-5f4e-4836-84f4-f30968861fdf\">Descarga<\/a><\/div>\n\n\n\n<div class=\"wp-block-file\"><a id=\"wp-block-file--media-f5093bb3-5ab4-4da5-8a37-193a34dda244\" href=\"https:\/\/tecmonclova.com\/web\/wp-content\/uploads\/2025\/09\/9.-Mecanismos-de-Denuncias-Acoso-y-Hostigamiento-Sexual-ANEXO-1-Protocolo.pdf\">9.-Mecanismos de Denuncias, Acoso y Hostigamiento Sexual, ANEXO 1 Protocolo<\/a><a href=\"https:\/\/tecmonclova.com\/web\/wp-content\/uploads\/2025\/09\/9.-Mecanismos-de-Denuncias-Acoso-y-Hostigamiento-Sexual-ANEXO-1-Protocolo.pdf\" class=\"wp-block-file__button wp-element-button\" download aria-describedby=\"wp-block-file--media-f5093bb3-5ab4-4da5-8a37-193a34dda244\">Descarga<\/a><\/div>\n\n\n\n<div class=\"wp-block-file\"><a id=\"wp-block-file--media-dcdef4d2-4188-42a0-84d5-572c189b93d8\" href=\"https:\/\/tecmonclova.com\/web\/wp-content\/uploads\/2025\/09\/9.-Mecanismos-de-Denuncias-Acoso-y-Hostigamiento-Sexual-TecNM-GIG-AHS-02-Form-Denuncia.docx\">9.-Mecanismos de Denuncias, Acoso y Hostigamiento Sexual, TecNM GIG AHS 02 Form Denuncia<\/a><a href=\"https:\/\/tecmonclova.com\/web\/wp-content\/uploads\/2025\/09\/9.-Mecanismos-de-Denuncias-Acoso-y-Hostigamiento-Sexual-TecNM-GIG-AHS-02-Form-Denuncia.docx\" class=\"wp-block-file__button wp-element-button\" download aria-describedby=\"wp-block-file--media-dcdef4d2-4188-42a0-84d5-572c189b93d8\">Descarga<\/a><\/div>\n\n\n\n<div class=\"wp-block-file\"><a id=\"wp-block-file--media-07fb4784-ea9b-4ace-8f44-604c3fb53220\" href=\"https:\/\/tecmonclova.com\/web\/wp-content\/uploads\/2025\/09\/9.-Mecanismos-de-Denuncias-Incumplimiento-a-las-Normas-EticasM00-SC-AC-026_PROC.pdf\">9.-Mecanismos de Denuncias, Incumplimiento a las Normas Eticas,M00-SC-AC-026_PROC<\/a><a href=\"https:\/\/tecmonclova.com\/web\/wp-content\/uploads\/2025\/09\/9.-Mecanismos-de-Denuncias-Incumplimiento-a-las-Normas-EticasM00-SC-AC-026_PROC.pdf\" class=\"wp-block-file__button wp-element-button\" download aria-describedby=\"wp-block-file--media-07fb4784-ea9b-4ace-8f44-604c3fb53220\">Descarga<\/a><\/div>\n\n\n\n<div class=\"wp-block-file\"><a id=\"wp-block-file--media-1429c369-f201-4f26-a508-5491cefb90f8\" href=\"https:\/\/tecmonclova.com\/web\/wp-content\/uploads\/2025\/09\/9.-Mecanismos-de-Denuncias-Incumplimiento-a-las-Normas-M00-SC-AC-026-A01_Form_Denuncia.docx\">9.-Mecanismos de Denuncias, Incumplimiento a las Normas M00-SC-AC-026-A01_Form_Denuncia<\/a><a href=\"https:\/\/tecmonclova.com\/web\/wp-content\/uploads\/2025\/09\/9.-Mecanismos-de-Denuncias-Incumplimiento-a-las-Normas-M00-SC-AC-026-A01_Form_Denuncia.docx\" class=\"wp-block-file__button wp-element-button\" download aria-describedby=\"wp-block-file--media-1429c369-f201-4f26-a508-5491cefb90f8\">Descarga<\/a><\/div>\n\n\n\n<div class=\"wp-block-file\"><a id=\"wp-block-file--media-3c573804-929e-4c17-bfe6-daf39dda427c\" href=\"https:\/\/tecmonclova.com\/web\/wp-content\/uploads\/2025\/09\/9.-Procedimiento_para_la_atencion_de_denuncias_CEPCI.pdf\">9.-Procedimiento_para_la_atencion_de_denuncias_CEPCI<\/a><a href=\"https:\/\/tecmonclova.com\/web\/wp-content\/uploads\/2025\/09\/9.-Procedimiento_para_la_atencion_de_denuncias_CEPCI.pdf\" class=\"wp-block-file__button wp-element-button\" download aria-describedby=\"wp-block-file--media-3c573804-929e-4c17-bfe6-daf39dda427c\">Descarga<\/a><\/div>\n\n\n\n<div class=\"wp-block-file\"><a id=\"wp-block-file--media-f8de092b-1c38-4f00-92a1-aa49013e6d9c\" href=\"https:\/\/tecmonclova.com\/web\/wp-content\/uploads\/2025\/09\/Acta-de-Instalacion-del-Comite-etica.pdf\">Acta de Instalaci\u00f3n del Comit\u00e9 \u00e9tica<\/a><a href=\"https:\/\/tecmonclova.com\/web\/wp-content\/uploads\/2025\/09\/Acta-de-Instalacion-del-Comite-etica.pdf\" class=\"wp-block-file__button wp-element-button\" download aria-describedby=\"wp-block-file--media-f8de092b-1c38-4f00-92a1-aa49013e6d9c\">Descarga<\/a><\/div>\n\n\n\n<figure class=\"wp-block-image size-full\"><img loading=\"lazy\" decoding=\"async\" width=\"672\" height=\"972\" src=\"https:\/\/tecmonclova.com\/web\/wp-content\/uploads\/2025\/09\/Subcomite-de-etica.jpeg\" alt=\"\" class=\"wp-image-228\" srcset=\"https:\/\/tecmonclova.com\/web\/wp-content\/uploads\/2025\/09\/Subcomite-de-etica.jpeg 672w, https:\/\/tecmonclova.com\/web\/wp-content\/uploads\/2025\/09\/Subcomite-de-etica-207x300.jpeg 207w\" sizes=\"auto, (max-width: 672px) 100vw, 672px\" \/><\/figure>\n\n\n\n<h1 class=\"wp-block-heading\">Sistema de seguridad y salud ocupacional<\/h1>\n\n\n\n<div class=\"wp-block-file\"><a id=\"wp-block-file--media-6e0c3098-a641-4e30-bb46-cdcd9954c8e6\" href=\"https:\/\/tecmonclova.com\/web\/wp-content\/uploads\/2025\/09\/FORMATO-PARA-REPORTAR-ACTOS-O-CONDCIONES-INSEGURAS.xls\">FORMATO PARA REPORTAR ACTOS O CONDCIONES INSEGURAS<\/a><a href=\"https:\/\/tecmonclova.com\/web\/wp-content\/uploads\/2025\/09\/FORMATO-PARA-REPORTAR-ACTOS-O-CONDCIONES-INSEGURAS.xls\" class=\"wp-block-file__button wp-element-button\" download aria-describedby=\"wp-block-file--media-6e0c3098-a641-4e30-bb46-cdcd9954c8e6\">Descarga<\/a><\/div>\n\n\n\n<h3 class=\"wp-block-heading\">Programa de protecci\u00f3n de accidentes<\/h3>\n\n\n\n<div class=\"wp-block-file\"><a id=\"wp-block-file--media-d993c454-3edb-4f6b-9874-c68175847c3e\" href=\"https:\/\/tecmonclova.com\/web\/wp-content\/uploads\/2025\/09\/1.0.-Tecnologico-de-MONCLOVA-2020.docx\">1.0. Tecnologico de MONCLOVA 2020<\/a><a href=\"https:\/\/tecmonclova.com\/web\/wp-content\/uploads\/2025\/09\/1.0.-Tecnologico-de-MONCLOVA-2020.docx\" class=\"wp-block-file__button wp-element-button\" download aria-describedby=\"wp-block-file--media-d993c454-3edb-4f6b-9874-c68175847c3e\">Descarga<\/a><\/div>\n\n\n\n<div class=\"wp-block-file\"><a id=\"wp-block-file--media-1d4cbffd-cfa0-4a94-891e-f2ce1fc87208\" href=\"https:\/\/tecmonclova.com\/web\/wp-content\/uploads\/2025\/09\/2.0.-Tecnologico-de-MONCLOVA-2020.docx\">2.0. Tecnologico de MONCLOVA 2020<\/a><a href=\"https:\/\/tecmonclova.com\/web\/wp-content\/uploads\/2025\/09\/2.0.-Tecnologico-de-MONCLOVA-2020.docx\" class=\"wp-block-file__button wp-element-button\" download aria-describedby=\"wp-block-file--media-1d4cbffd-cfa0-4a94-891e-f2ce1fc87208\">Descarga<\/a><\/div>\n\n\n\n<div class=\"wp-block-file\"><a id=\"wp-block-file--media-67d568cf-b034-48be-9ad0-29ebcc85f201\" href=\"https:\/\/tecmonclova.com\/web\/wp-content\/uploads\/2025\/09\/3.0.-Tecnologico-de-MONCLOVA-2020.docx\">3.0. Tecnologico de MONCLOVA 2020<\/a><a href=\"https:\/\/tecmonclova.com\/web\/wp-content\/uploads\/2025\/09\/3.0.-Tecnologico-de-MONCLOVA-2020.docx\" class=\"wp-block-file__button wp-element-button\" download aria-describedby=\"wp-block-file--media-67d568cf-b034-48be-9ad0-29ebcc85f201\">Descarga<\/a><\/div>\n\n\n\n<div class=\"wp-block-file\"><a id=\"wp-block-file--media-12ffcbe5-04b9-4452-be41-ccd50d122e39\" href=\"https:\/\/tecmonclova.com\/web\/wp-content\/uploads\/2025\/09\/4.0.-Tecnologico-de-MONCLOVA-2020.docx\">4.0. Tecnologico de MONCLOVA 2020<\/a><a href=\"https:\/\/tecmonclova.com\/web\/wp-content\/uploads\/2025\/09\/4.0.-Tecnologico-de-MONCLOVA-2020.docx\" class=\"wp-block-file__button wp-element-button\" download aria-describedby=\"wp-block-file--media-12ffcbe5-04b9-4452-be41-ccd50d122e39\">Descarga<\/a><\/div>\n\n\n\n<div class=\"wp-block-file\"><a id=\"wp-block-file--media-8ef198ea-d9dd-46a1-ada6-74a3bdf68f8c\" href=\"https:\/\/tecmonclova.com\/web\/wp-content\/uploads\/2025\/09\/5.0.-Tecnologico-de-MONCLOVA-2020-SABADOlisto.docx\">5.0. Tecnologico de MONCLOVA 2020 SABADO<\/a><a href=\"https:\/\/tecmonclova.com\/web\/wp-content\/uploads\/2025\/09\/5.0.-Tecnologico-de-MONCLOVA-2020-SABADOlisto.docx\" class=\"wp-block-file__button wp-element-button\" download aria-describedby=\"wp-block-file--media-8ef198ea-d9dd-46a1-ada6-74a3bdf68f8c\">Descarga<\/a><\/div>\n\n\n\n<h2 class=\"wp-block-heading\">Certificaciones<\/h2>\n\n\n\n<figure class=\"wp-block-image is-resized\"><img decoding=\"async\" src=\"https:\/\/i0.wp.com\/tecmonclova.com\/sitio\/wp-content\/uploads\/2020\/06\/WhatsApp-Image-2020-06-22-at-10.20.48-PM.jpeg?fit=800%2C666\" alt=\"\" class=\"wp-image-1599\" style=\"width:477px;height:auto\"\/><\/figure>\n\n\n\n<h2 class=\"wp-block-heading\">100% Libre de pl\u00e1stico<\/h2>\n\n\n\n<figure class=\"wp-block-image is-resized\"><img decoding=\"async\" src=\"https:\/\/i0.wp.com\/tecmonclova.com\/sitio\/wp-content\/uploads\/2020\/10\/plastico-azul.jpg?fit=800%2C619\" alt=\"\" class=\"wp-image-1797\" style=\"width:484px;height:auto\"\/><\/figure>\n\n\n\n<h2 class=\"wp-block-heading\">Protocolo COVID-19<\/h2>\n\n\n\n<figure class=\"wp-block-image is-resized\"><img decoding=\"async\" src=\"https:\/\/i1.wp.com\/tecmonclova.com\/sitio\/wp-content\/uploads\/2020\/07\/protocolo-covid.jpg?fit=800%2C570\" alt=\"\" class=\"wp-image-1675\" style=\"width:488px;height:auto\"\/><\/figure>\n\n\n\n<div class=\"wp-block-file\"><a id=\"wp-block-file--media-20f0c3fe-6482-4313-bf7b-4d49ae9a8eae\" href=\"https:\/\/tecmonclova.com\/web\/wp-content\/uploads\/2025\/09\/Protocolo-del-Tec-Monclova.pdf\">Protocolo del Tec Monclova<\/a><a href=\"https:\/\/tecmonclova.com\/web\/wp-content\/uploads\/2025\/09\/Protocolo-del-Tec-Monclova.pdf\" class=\"wp-block-file__button wp-element-button\" download aria-describedby=\"wp-block-file--media-20f0c3fe-6482-4313-bf7b-4d49ae9a8eae\">Descarga<\/a><\/div>\n\n\n\n<h2 class=\"wp-block-heading\">Comit\u00e9 ITSM<\/h2>\n\n\n\n<div class=\"wp-block-file\"><a id=\"wp-block-file--media-dd72a2e3-96ae-48b1-9a29-617da0e50d0f\" href=\"https:\/\/tecmonclova.com\/web\/wp-content\/uploads\/2025\/09\/Directorio-del-comite-de-etica.pdf\">Directorio del comite de \u00e9tica<\/a><a href=\"https:\/\/tecmonclova.com\/web\/wp-content\/uploads\/2025\/09\/Directorio-del-comite-de-etica.pdf\" class=\"wp-block-file__button wp-element-button\" download aria-describedby=\"wp-block-file--media-dd72a2e3-96ae-48b1-9a29-617da0e50d0f\">Descarga<\/a><\/div>\n\n\n\n<div class=\"wp-block-file\"><a id=\"wp-block-file--media-2a82680a-6f46-41cd-bced-41cc65023b64\" href=\"https:\/\/tecmonclova.com\/web\/wp-content\/uploads\/2025\/09\/Directorio-del-Subcomite-de-ASyHS.pdf\">Directorio del Subcomite de ASyHS<\/a><a href=\"https:\/\/tecmonclova.com\/web\/wp-content\/uploads\/2025\/09\/Directorio-del-Subcomite-de-ASyHS.pdf\" class=\"wp-block-file__button wp-element-button\" download aria-describedby=\"wp-block-file--media-2a82680a-6f46-41cd-bced-41cc65023b64\">Descarga<\/a><\/div>\n","protected":false},"excerpt":{"rendered":"<p>Sistema de gesti\u00f3n de calidad Formato ficha de indicadores Programa de protecci\u00f3n de accidentes 2022 Responsabilidad social Sistema de gesti\u00f3n ambiental Sistema de gesti\u00f3n de calidad Sistema de gesti\u00f3n de energ\u00edas Sistema de gesti\u00f3n de igualdad de genero El Tecnol\u00f3gico Nacional de M\u00e9xico a trav\u00e9s de su Director General, manifiesta su compromiso con la defensa [&hellip;]<\/p>\n","protected":false},"author":1,"featured_media":0,"parent":0,"menu_order":0,"comment_status":"closed","ping_status":"closed","template":"","meta":{"footnotes":""},"class_list":["post-100","page","type-page","status-publish","hentry"],"_links":{"self":[{"href":"https:\/\/tecmonclova.com\/web\/wp-json\/wp\/v2\/pages\/100","targetHints":{"allow":["GET"]}}],"collection":[{"href":"https:\/\/tecmonclova.com\/web\/wp-json\/wp\/v2\/pages"}],"about":[{"href":"https:\/\/tecmonclova.com\/web\/wp-json\/wp\/v2\/types\/page"}],"author":[{"embeddable":true,"href":"https:\/\/tecmonclova.com\/web\/wp-json\/wp\/v2\/users\/1"}],"replies":[{"embeddable":true,"href":"https:\/\/tecmonclova.com\/web\/wp-json\/wp\/v2\/comments?post=100"}],"version-history":[{"count":14,"href":"https:\/\/tecmonclova.com\/web\/wp-json\/wp\/v2\/pages\/100\/revisions"}],"predecessor-version":[{"id":251,"href":"https:\/\/tecmonclova.com\/web\/wp-json\/wp\/v2\/pages\/100\/revisions\/251"}],"wp:attachment":[{"href":"https:\/\/tecmonclova.com\/web\/wp-json\/wp\/v2\/media?parent=100"}],"curies":[{"name":"wp","href":"https:\/\/api.w.org\/{rel}","templated":true}]}}