{"id":1084,"date":"2026-02-11T22:02:32","date_gmt":"2026-02-11T22:02:32","guid":{"rendered":"https:\/\/tecmonclova.com\/web\/?page_id=1084"},"modified":"2026-02-11T23:06:49","modified_gmt":"2026-02-11T23:06:49","slug":"ingenieria-mecatronica","status":"publish","type":"page","link":"https:\/\/tecmonclova.com\/web\/ingenieria-mecatronica\/","title":{"rendered":"Ingenier\u00eda Mecatr\u00f3nica"},"content":{"rendered":"\n<h1 class=\"wp-block-heading\">Ingenier\u00eda Mecatr\u00f3nica<\/h1>\n\n\n\n<figure class=\"wp-block-image size-large is-resized\"><img loading=\"lazy\" decoding=\"async\" width=\"1024\" height=\"769\" src=\"https:\/\/tecmonclova.com\/web\/wp-content\/uploads\/2026\/02\/image-4-1024x769.png\" alt=\"\" class=\"wp-image-1089\" style=\"aspect-ratio:1.3316225682283178;width:770px;height:auto\" srcset=\"https:\/\/tecmonclova.com\/web\/wp-content\/uploads\/2026\/02\/image-4-1024x769.png 1024w, https:\/\/tecmonclova.com\/web\/wp-content\/uploads\/2026\/02\/image-4-300x225.png 300w, https:\/\/tecmonclova.com\/web\/wp-content\/uploads\/2026\/02\/image-4-768x577.png 768w, https:\/\/tecmonclova.com\/web\/wp-content\/uploads\/2026\/02\/image-4-1536x1154.png 1536w, https:\/\/tecmonclova.com\/web\/wp-content\/uploads\/2026\/02\/image-4.png 2048w\" sizes=\"auto, (max-width: 1024px) 100vw, 1024px\" \/><\/figure>\n\n\n\n<h2 class=\"wp-block-heading\"><strong>OBJETIVO GENERAL<\/strong><\/h2>\n\n\n\n<p>Formar profesionistas en la Ingenier\u00eda Mecatr\u00f3nica con capacidad anal\u00edtica, cr\u00edtica e innovadora que le permita dise\u00f1ar, proyectar, construir y administrar equipos y sistemas mecatr\u00f3nicos en el sector social, productivo y de servicios; as\u00ed como integrar, operar y mantenerlos, con un compromiso \u00e9tico y de calidad en un marco de desarrollo sustentable.<\/p>\n\n\n\n<h2 class=\"wp-block-heading\">Perfil de ingreso<\/h2>\n\n\n\n<p>Conocimientos fundamentales adquiridos en el nivel bachillerato: matem\u00e1ticas, f\u00edsica, qu\u00edmica e ingl\u00e9s.<br>Razonamiento l\u00f3gico-matem\u00e1tico.<br>Razonamiento verbal.<br>Habilidad para las matem\u00e1ticas.<br>Habilidad para el espa\u00f1ol.<br>Habilidad para las tecnolog\u00edas de la informaci\u00f3n y comunicaci\u00f3n.<br>Pr\u00e1ctica de un c\u00f3digo de valores que permita la convivencia social.<\/p>\n\n\n\n<h2 class=\"wp-block-heading\">Perfil de Egreso<\/h2>\n\n\n\n<ol class=\"wp-block-list\">\n<li>Ejerce su profesi\u00f3n legal y responsablemente para cumplir con las normas nacionales e internacionales que apliquen.<\/li>\n\n\n\n<li>Analiza, sintetiza, dise\u00f1a, simula, construye e innova productos, procesos, equipos y sistemas mecatr\u00f3nicos, para impactar positivamente en su entorno con una actitud investigadora, de acuerdo a las necesidades tecnol\u00f3gicas, sociales actuales y emergentes.<\/li>\n\n\n\n<li>Instala, opera, optimiza, controla y mantiene sistemas mecatr\u00f3nicos integrando tecnolog\u00edas mec\u00e1nicas, el\u00e9ctricas, electr\u00f3nicas y herramientas computacionales.<\/li>\n\n\n\n<li>Planifica, eval\u00faa, genera, administra y transfiere proyectos industriales y de car\u00e1cter social para el desarrollo tecnol\u00f3gico del pa\u00eds.<\/li>\n\n\n\n<li>Participa, coordina y\/o dirige grupos multidisciplinarios a trav\u00e9s del trabajo en equipo para asegurar la calidad, eficiencia, productividad y rentabilidad en la implementaci\u00f3n de proyectos mecatr\u00f3nicos con sentido de responsabilidad de su entorno social y cultural para un desarrollo sustentable.<\/li>\n\n\n\n<li>Posee capacidades de liderazgo, comunicaci\u00f3n, interrelaciones personales para transmitir ideas, facilitar conocimientos y trabajar con responsabilidad colectiva para la soluci\u00f3n de problemas y desarrollo de proyectos con un sentido cr\u00edtico y autocr\u00edtico.<\/li>\n\n\n\n<li>Desarrolla proyectos con un esp\u00edritu innovador, emprendedor y comprometido con su actualizaci\u00f3n profesional continua y aut\u00f3noma, para estar a la vanguardia en los cambios cient\u00edficos y tecnol\u00f3gicos que se dan en el ejercicio de su profesi\u00f3n.<\/li>\n\n\n\n<li>Interpreta informaci\u00f3n t\u00e9cnica de las \u00e1reas que componen la Ingenier\u00eda Mecatr\u00f3nica para la transferencia, adaptaci\u00f3n, asimilaci\u00f3n e innovaci\u00f3n de tecnolog\u00edas de vanguardia.<\/li>\n<\/ol>\n\n\n\n<div data-wp-interactive=\"core\/file\" class=\"wp-block-file\"><object data-wp-bind--hidden=\"!state.hasPdfPreview\" hidden class=\"wp-block-file__embed\" data=\"https:\/\/tecmonclova.com\/web\/wp-content\/uploads\/2026\/02\/Reticula-Ingenieria-Mecatronica.pdf\" type=\"application\/pdf\" style=\"width:100%;height:741px\" aria-label=\"Incrustado de Reticula Ingenieria Mecatronica.\"><\/object><a id=\"wp-block-file--media-d4ad4ca8-9182-44e8-8949-b03a6dcd7a2f\" href=\"https:\/\/tecmonclova.com\/web\/wp-content\/uploads\/2026\/02\/Reticula-Ingenieria-Mecatronica.pdf\">Reticula Ingenieria Mecatronica<\/a><a href=\"https:\/\/tecmonclova.com\/web\/wp-content\/uploads\/2026\/02\/Reticula-Ingenieria-Mecatronica.pdf\" class=\"wp-block-file__button wp-element-button\" download aria-describedby=\"wp-block-file--media-d4ad4ca8-9182-44e8-8949-b03a6dcd7a2f\">Descarga<\/a><\/div>\n","protected":false},"excerpt":{"rendered":"<p>Ingenier\u00eda Mecatr\u00f3nica OBJETIVO GENERAL Formar profesionistas en la Ingenier\u00eda Mecatr\u00f3nica con capacidad anal\u00edtica, cr\u00edtica e innovadora que le permita dise\u00f1ar, proyectar, construir y administrar equipos y sistemas mecatr\u00f3nicos en el sector social, productivo y de servicios; as\u00ed como integrar, operar y mantenerlos, con un compromiso \u00e9tico y de calidad en un marco de desarrollo sustentable. [&hellip;]<\/p>\n","protected":false},"author":1,"featured_media":0,"parent":0,"menu_order":0,"comment_status":"closed","ping_status":"closed","template":"","meta":{"footnotes":""},"class_list":["post-1084","page","type-page","status-publish","hentry"],"_links":{"self":[{"href":"https:\/\/tecmonclova.com\/web\/wp-json\/wp\/v2\/pages\/1084","targetHints":{"allow":["GET"]}}],"collection":[{"href":"https:\/\/tecmonclova.com\/web\/wp-json\/wp\/v2\/pages"}],"about":[{"href":"https:\/\/tecmonclova.com\/web\/wp-json\/wp\/v2\/types\/page"}],"author":[{"embeddable":true,"href":"https:\/\/tecmonclova.com\/web\/wp-json\/wp\/v2\/users\/1"}],"replies":[{"embeddable":true,"href":"https:\/\/tecmonclova.com\/web\/wp-json\/wp\/v2\/comments?post=1084"}],"version-history":[{"count":4,"href":"https:\/\/tecmonclova.com\/web\/wp-json\/wp\/v2\/pages\/1084\/revisions"}],"predecessor-version":[{"id":1091,"href":"https:\/\/tecmonclova.com\/web\/wp-json\/wp\/v2\/pages\/1084\/revisions\/1091"}],"wp:attachment":[{"href":"https:\/\/tecmonclova.com\/web\/wp-json\/wp\/v2\/media?parent=1084"}],"curies":[{"name":"wp","href":"https:\/\/api.w.org\/{rel}","templated":true}]}}