{"id":1117,"date":"2026-03-06T00:43:42","date_gmt":"2026-03-06T00:43:42","guid":{"rendered":"https:\/\/tecmonclova.com\/web\/?page_id=1117"},"modified":"2026-03-06T01:01:46","modified_gmt":"2026-03-06T01:01:46","slug":"convocatoria-de-desfile-de-modas-y-esculturas-con-material-reciclado","status":"publish","type":"page","link":"https:\/\/tecmonclova.com\/web\/convocatoria-de-desfile-de-modas-y-esculturas-con-material-reciclado\/","title":{"rendered":"Desfile de modas y esculturas con material reciclado"},"content":{"rendered":"\n<h2 class=\"wp-block-heading\">Convocatoria<\/h2>\n\n\n\n<p>Objetivo<\/p>\n\n\n\n<p>Promover la conciencia ambiental mediante el reciclaje y la creatividad estudiantil, fomentando la participaci\u00f3n en acciones que impulsen la<br>sustentabilidad .<\/p>\n\n\n\n<p><\/p>\n\n\n\n<p>Modalidades de participaci\u00f3n<\/p>\n\n\n\n<ul class=\"wp-block-list\">\n<li>Podr\u00e1n participar estudiantes de todos los semestres y carreras .<\/li>\n\n\n\n<li>Desfile de modas : prendas elaboradas principalmente con materiales<br>reciclados o reutilizados .<\/li>\n\n\n\n<li>Exposici\u00f3n de esculturas : obras creadas con materiales reutilizables .<br>Premiaci\u00f3n<\/li>\n\n\n\n<li>Primer lugar : $1,500 .00<\/li>\n\n\n\n<li>Segundo lugar : $1,000 .00<\/li>\n\n\n\n<li>Tercer lugar : $500 .00<\/li>\n<\/ul>\n\n\n\n<p>Bases generales<\/p>\n\n\n\n<ul class=\"wp-block-list\">\n<li>La participaci\u00f3n podr\u00e1 ser individual o en equipo .<\/li>\n\n\n\n<li>Las prendas y esculturas deber\u00e1n elaborarse principalmente con<br>materiales reciclados o reutilizados .<\/li>\n\n\n\n<li>Las esculturas deber\u00e1n ser elaboradas con materiales<br>reutilizables y ser transportables , para su exhibici\u00f3n el d\u00eda del<br>evento .<\/li>\n\n\n\n<li>Los participantes deber\u00e1n presentarse puntualmente el d\u00eda del<br>evento para el registro y organizaci\u00f3n de las presentaciones .<br>Inscripciones<\/li>\n\n\n\n<li>Las inscripciones estar\u00e1n abiertas del 06 de marzo al 15 de abril de<br>2026 .<\/li>\n\n\n\n<li>Las y los interesados deber\u00e1n acudir con la Lic . Paula Cecilia<br>Mart\u00ednez Trabajadora Social, en el Edificio 2, planta alta<\/li>\n<\/ul>\n\n\n\n<p>Invitamos a toda la comunidad estudiantil a sumarse con entusiasmo,<br>creatividad y responsabilidad ambiental, demostrando que desde nuestra<br>instituci\u00f3n es posible transformar residuos en arte y generar conciencia<br>ambiental .<\/p>\n\n\n\n<div data-wp-interactive=\"core\/file\" class=\"wp-block-file\"><object data-wp-bind--hidden=\"!state.hasPdfPreview\" hidden class=\"wp-block-file__embed\" data=\"https:\/\/tecmonclova.com\/web\/wp-content\/uploads\/2026\/03\/CONVOCATORIA-OFICIAL.pdf\" type=\"application\/pdf\" style=\"width:100%;height:845px\" aria-label=\"Incrustado de CONVOCATORIA .\"><\/object><a id=\"wp-block-file--media-50b8efac-cdef-4e38-9ac7-061b6a50268f\" href=\"https:\/\/tecmonclova.com\/web\/wp-content\/uploads\/2026\/03\/CONVOCATORIA-OFICIAL.pdf\">CONVOCATORIA <\/a><a href=\"https:\/\/tecmonclova.com\/web\/wp-content\/uploads\/2026\/03\/CONVOCATORIA-OFICIAL.pdf\" class=\"wp-block-file__button wp-element-button\" download aria-describedby=\"wp-block-file--media-50b8efac-cdef-4e38-9ac7-061b6a50268f\">Descarga<\/a><\/div>\n","protected":false},"excerpt":{"rendered":"<p>Convocatoria Objetivo Promover la conciencia ambiental mediante el reciclaje y la creatividad estudiantil, fomentando la participaci\u00f3n en acciones que impulsen lasustentabilidad . Modalidades de participaci\u00f3n Bases generales Invitamos a toda la comunidad estudiantil a sumarse con entusiasmo,creatividad y responsabilidad ambiental, demostrando que desde nuestrainstituci\u00f3n es posible transformar residuos en arte y generar concienciaambiental .<\/p>\n","protected":false},"author":1,"featured_media":1119,"parent":0,"menu_order":0,"comment_status":"closed","ping_status":"closed","template":"","meta":{"footnotes":""},"class_list":["post-1117","page","type-page","status-publish","has-post-thumbnail","hentry"],"_links":{"self":[{"href":"https:\/\/tecmonclova.com\/web\/wp-json\/wp\/v2\/pages\/1117","targetHints":{"allow":["GET"]}}],"collection":[{"href":"https:\/\/tecmonclova.com\/web\/wp-json\/wp\/v2\/pages"}],"about":[{"href":"https:\/\/tecmonclova.com\/web\/wp-json\/wp\/v2\/types\/page"}],"author":[{"embeddable":true,"href":"https:\/\/tecmonclova.com\/web\/wp-json\/wp\/v2\/users\/1"}],"replies":[{"embeddable":true,"href":"https:\/\/tecmonclova.com\/web\/wp-json\/wp\/v2\/comments?post=1117"}],"version-history":[{"count":4,"href":"https:\/\/tecmonclova.com\/web\/wp-json\/wp\/v2\/pages\/1117\/revisions"}],"predecessor-version":[{"id":1128,"href":"https:\/\/tecmonclova.com\/web\/wp-json\/wp\/v2\/pages\/1117\/revisions\/1128"}],"wp:featuredmedia":[{"embeddable":true,"href":"https:\/\/tecmonclova.com\/web\/wp-json\/wp\/v2\/media\/1119"}],"wp:attachment":[{"href":"https:\/\/tecmonclova.com\/web\/wp-json\/wp\/v2\/media?parent=1117"}],"curies":[{"name":"wp","href":"https:\/\/api.w.org\/{rel}","templated":true}]}}