{"id":13,"date":"2025-09-23T16:30:07","date_gmt":"2025-09-23T16:30:07","guid":{"rendered":"https:\/\/tecmonclova.com\/web\/?page_id=13"},"modified":"2026-02-11T20:12:15","modified_gmt":"2026-02-11T20:12:15","slug":"ingenieria-informatica","status":"publish","type":"page","link":"https:\/\/tecmonclova.com\/web\/ingenieria-informatica\/","title":{"rendered":"Ingenier\u00eda Inform\u00e1tica"},"content":{"rendered":"\n<h1 class=\"wp-block-heading has-x-large-font-size\">Ingenier\u00eda Inform\u00e1tica<\/h1>\n\n\n\n<figure class=\"wp-block-image size-full\"><img loading=\"lazy\" decoding=\"async\" width=\"800\" height=\"445\" src=\"https:\/\/tecmonclova.com\/web\/wp-content\/uploads\/2025\/09\/image.png\" alt=\"\" class=\"wp-image-15\" srcset=\"https:\/\/tecmonclova.com\/web\/wp-content\/uploads\/2025\/09\/image.png 800w, https:\/\/tecmonclova.com\/web\/wp-content\/uploads\/2025\/09\/image-300x167.png 300w, https:\/\/tecmonclova.com\/web\/wp-content\/uploads\/2025\/09\/image-768x427.png 768w\" sizes=\"auto, (max-width: 800px) 100vw, 800px\" \/><\/figure>\n\n\n\n<h2 class=\"wp-block-heading is-style-text-subtitle\"><strong>Objetivo general<\/strong><\/h2>\n\n\n\n<p>Formar profesionales competentes en el dise\u00f1o, desarrollo, implementaci\u00f3n y administraci\u00f3n de servicios inform\u00e1ticos y gesti\u00f3n de proyectos con una visi\u00f3n sistem\u00e1tica, tecnol\u00f3gica y estrat\u00e9gica, ofreciendo soluciones innovadoras e integrales a las organizaciones, de acuerdo con las necesidades globales, actuales y emergentes, comprometidos con su entorno, desempe\u00f1\u00e1ndose con actitud \u00e9tica, emprendedora y de liderazgo.<\/p>\n\n\n\n<h2 class=\"wp-block-heading is-style-text-subtitle\">Perfil de egreso<\/h2>\n\n\n\n<ul class=\"wp-block-list\">\n<li>Aplicar conocimientos cient\u00edficos y tecnol\u00f3gicos en la soluci\u00f3n de problemas en el \u00e1rea inform\u00e1tica con un enfoque interdisciplinario.<\/li>\n\n\n\n<li>Administrar las tecnolog\u00edas de la informaci\u00f3n, para estructurar proyectos estrat\u00e9gicos.<\/li>\n\n\n\n<li>Formular, gestionar y evaluar el desarrollo de proyectos inform\u00e1ticos en las organizaciones.<\/li>\n\n\n\n<li>Analizar, modelar, desarrollar, implementar y administrar sistemas de informaci\u00f3n para aumentar la productividad y competitividad de las organizaciones.<\/li>\n\n\n\n<li>Aplicar normas, marcos de referencia, est\u00e1ndares de calidad y seguridad vigentes en el \u00e1mbito del desarrollo y gesti\u00f3n de tecnolog\u00edas y sistemas de informaci\u00f3n.<\/li>\n\n\n\n<li>Integrar las soluciones de tecnolog\u00edas de informaci\u00f3n a los procesos organizacionales para fortalecer objetivos estrat\u00e9gicos.<\/li>\n\n\n\n<li>Seleccionar y utilizar de manera \u00f3ptima t\u00e9cnicas y herramientas computacionales actuales y emergentes.<\/li>\n\n\n\n<li>Realizar actividades de auditor\u00eda y consultor\u00eda relacionadas con la funci\u00f3n inform\u00e1tica.<\/li>\n\n\n\n<li>Identificar, dise\u00f1ar, desarrollar los mecanismos de almacenamiento, distribuci\u00f3n, visualizaci\u00f3n y manipulaci\u00f3n de la informaci\u00f3n.<\/li>\n\n\n\n<li>Identificar y aplicar modelos pertinentes en el dise\u00f1o e implementaci\u00f3n de base de datos para la gesti\u00f3n de la informaci\u00f3n en las organizaciones.<\/li>\n\n\n\n<li>Comunicarse de manera efectiva, en su propio idioma y al menos en un idioma extranjero, para integrarse a un contexto globalizado, en su desarrollo personal y profesional.<\/li>\n\n\n\n<li>Crear y administrar redes de comunicaci\u00f3n, que contemplen el dise\u00f1o, selecci\u00f3n, instalaci\u00f3n y mantenimiento para la operaci\u00f3n de equipos de c\u00f3mputo, aprovechando los avances tecnol\u00f3gicos a su alcance.<\/li>\n\n\n\n<li>Desempe\u00f1arse profesionalmente con \u00e9tica en un contexto multicultural, comprometidos con la sociedad y conservaci\u00f3n del medio ambiente.<\/li>\n\n\n\n<li>Observar y fomentar el cumplimiento de las disposiciones de car\u00e1cter legal, relacionadas con la funci\u00f3n inform\u00e1tica.<\/li>\n\n\n\n<li>Analizar, desarrollar y programar modelos matem\u00e1ticos, estad\u00edsticos y de simulaci\u00f3n.<\/li>\n\n\n\n<li>Liderar y participar en grupos de trabajo profesional multi e interdisciplinario, para el desarrollo de proyectos que requieran soluciones basadas en tecnolog\u00edas y sistemas de informaci\u00f3n.<\/li>\n\n\n\n<li>Lograr un nivel de competencia internacional, con esp\u00edritu innovador, creativo y emprendedor, para generar nuevas oportunidades y desarrollar proyectos aplicando las tecnolog\u00edas de informaci\u00f3n<\/li>\n<\/ul>\n\n\n\n<h2 class=\"wp-block-heading is-style-default\">Plan de Estudios<\/h2>\n\n\n\n<p><strong>Primer semestre<\/strong><\/p>\n\n\n\n<ul class=\"wp-block-list\">\n<li>Administraci\u00f3n para inform\u00e1tica<\/li>\n\n\n\n<li>Fundamentos de investigaci\u00f3n<\/li>\n\n\n\n<li>Fundamentos de programaci\u00f3n<\/li>\n\n\n\n<li>Taller de \u00e9tica<\/li>\n\n\n\n<li>C\u00e1lculo diferencial<\/li>\n\n\n\n<li>Desarrollo sustentable<\/li>\n<\/ul>\n\n\n\n<p><strong>Segundo semestre<\/strong><\/p>\n\n\n\n<ul class=\"wp-block-list\">\n<li>Administraci\u00f3n de los recursos y funci\u00f3n inform\u00e1tica<\/li>\n\n\n\n<li>F\u00edsica para inform\u00e1tica<\/li>\n\n\n\n<li>Programaci\u00f3n orientada a objetos<\/li>\n\n\n\n<li>Contabilidad financiera<\/li>\n\n\n\n<li>C\u00e1lculo integral<\/li>\n\n\n\n<li>Matem\u00e1ticas discretas<\/li>\n<\/ul>\n\n\n\n<p><strong>Tercer semestre<\/strong><\/p>\n\n\n\n<ul class=\"wp-block-list\">\n<li>Fundamentos de sistemas de informaci\u00f3n<\/li>\n\n\n\n<li>Sistemas electr\u00f3nicos para inform\u00e1tica<\/li>\n\n\n\n<li>Estructura de datos<\/li>\n\n\n\n<li>Costos empresariales<\/li>\n\n\n\n<li>\u00c1lgebra lineal<\/li>\n\n\n\n<li>Probabilidad y estad\u00edstica<\/li>\n<\/ul>\n\n\n\n<p><strong>Cuarto semestre<\/strong><\/p>\n\n\n\n<ul class=\"wp-block-list\">\n<li>Taller de investigaci\u00f3n I<\/li>\n\n\n\n<li>Arquitectura de computadoras<\/li>\n\n\n\n<li>Administraci\u00f3n y organizaci\u00f3n de datos<\/li>\n\n\n\n<li>Fundamentos de telecomunicaciones<\/li>\n\n\n\n<li>Sistemas operativos I<\/li>\n\n\n\n<li>Investigaci\u00f3n de operaciones<\/li>\n<\/ul>\n\n\n\n<p><strong>Quinto semestre<\/strong><\/p>\n\n\n\n<ul class=\"wp-block-list\">\n<li>An\u00e1lisis y modelado de sistemas de informaci\u00f3n<\/li>\n\n\n\n<li>Tecnolog\u00edas e interfaces de computadoras<\/li>\n\n\n\n<li>Fundamentos de bases de datos<\/li>\n\n\n\n<li>Redes de computadoras<\/li>\n\n\n\n<li>Sistemas operativos II<\/li>\n\n\n\n<li>Taller de legislaci\u00f3n inform\u00e1tica<\/li>\n<\/ul>\n\n\n\n<p><strong>Sexto semestre<\/strong><\/p>\n\n\n\n<ul class=\"wp-block-list\">\n<li>Desarrollo e implementaci\u00f3n de sistemas de informaci\u00f3n<\/li>\n\n\n\n<li>Auditor\u00eda en inform\u00e1tica<\/li>\n\n\n\n<li>Taller de base de datos<\/li>\n\n\n\n<li>Interconectividad de redes<\/li>\n\n\n\n<li>Desarrollo de aplicaciones web<\/li>\n<\/ul>\n\n\n\n<p><strong>S\u00e9ptimo semestre<\/strong><\/p>\n\n\n\n<ul class=\"wp-block-list\">\n<li>Calidad en los sistemas de informaci\u00f3n<\/li>\n\n\n\n<li>Fundamentos de gesti\u00f3n de servicios de TI<\/li>\n\n\n\n<li>T\u00f3picos de bases de datos<\/li>\n\n\n\n<li>Administraci\u00f3n de servidores<\/li>\n\n\n\n<li>Programaci\u00f3n en ambiente cliente servidor<\/li>\n\n\n\n<li>Taller de investigaci\u00f3n II<\/li>\n\n\n\n<li>Acceso a la WAN<\/li>\n\n\n\n<li>T\u00f3picos avanzados de aplicaciones web<\/li>\n<\/ul>\n\n\n\n<p><strong>Octavo semestre<\/strong><\/p>\n\n\n\n<ul class=\"wp-block-list\">\n<li>Taller de emprendedores<\/li>\n\n\n\n<li>Estrategias de gesti\u00f3n de servicios de TI<\/li>\n\n\n\n<li>Inteligencia de negocios<\/li>\n\n\n\n<li>Desarrollo de aplicaciones para dispositivos m\u00f3viles<\/li>\n\n\n\n<li>Seguridad inform\u00e1tica<\/li>\n\n\n\n<li>Gesti\u00f3n de hardware de tecnolog\u00edas de informaci\u00f3n<\/li>\n<\/ul>\n\n\n\n<p><strong>Noveno semestre<\/strong><\/p>\n\n\n\n<ul class=\"wp-block-list\">\n<li>Programaci\u00f3n concurrente<\/li>\n\n\n\n<li>Inteligencia artificial<\/li>\n\n\n\n<li>Residencia profesional<\/li>\n<\/ul>\n\n\n\n<p>RETICULA<\/p>\n\n\n\n<div data-wp-interactive=\"core\/file\" class=\"wp-block-file\"><object data-wp-bind--hidden=\"!state.hasPdfPreview\" hidden class=\"wp-block-file__embed\" data=\"https:\/\/tecmonclova.com\/web\/wp-content\/uploads\/2026\/02\/Reticula-Ingenieria-Informatica.pdf\" type=\"application\/pdf\" style=\"width:100%;height:666px\" aria-label=\"Incrustado de Reticula Ingenieria Informatica.\"><\/object><a id=\"wp-block-file--media-a8bf4d39-b095-4b19-a14c-bd78ce634800\" href=\"https:\/\/tecmonclova.com\/web\/wp-content\/uploads\/2026\/02\/Reticula-Ingenieria-Informatica.pdf\">Reticula Ingenieria Informatica<\/a><a href=\"https:\/\/tecmonclova.com\/web\/wp-content\/uploads\/2026\/02\/Reticula-Ingenieria-Informatica.pdf\" class=\"wp-block-file__button wp-element-button\" download aria-describedby=\"wp-block-file--media-a8bf4d39-b095-4b19-a14c-bd78ce634800\">Descarga<\/a><\/div>\n","protected":false},"excerpt":{"rendered":"<p>Ingenier\u00eda Inform\u00e1tica Objetivo general Formar profesionales competentes en el dise\u00f1o, desarrollo, implementaci\u00f3n y administraci\u00f3n de servicios inform\u00e1ticos y gesti\u00f3n de proyectos con una visi\u00f3n sistem\u00e1tica, tecnol\u00f3gica y estrat\u00e9gica, ofreciendo soluciones innovadoras e integrales a las organizaciones, de acuerdo con las necesidades globales, actuales y emergentes, comprometidos con su entorno, desempe\u00f1\u00e1ndose con actitud \u00e9tica, emprendedora y [&hellip;]<\/p>\n","protected":false},"author":1,"featured_media":0,"parent":0,"menu_order":0,"comment_status":"closed","ping_status":"closed","template":"","meta":{"footnotes":""},"class_list":["post-13","page","type-page","status-publish","hentry"],"_links":{"self":[{"href":"https:\/\/tecmonclova.com\/web\/wp-json\/wp\/v2\/pages\/13","targetHints":{"allow":["GET"]}}],"collection":[{"href":"https:\/\/tecmonclova.com\/web\/wp-json\/wp\/v2\/pages"}],"about":[{"href":"https:\/\/tecmonclova.com\/web\/wp-json\/wp\/v2\/types\/page"}],"author":[{"embeddable":true,"href":"https:\/\/tecmonclova.com\/web\/wp-json\/wp\/v2\/users\/1"}],"replies":[{"embeddable":true,"href":"https:\/\/tecmonclova.com\/web\/wp-json\/wp\/v2\/comments?post=13"}],"version-history":[{"count":8,"href":"https:\/\/tecmonclova.com\/web\/wp-json\/wp\/v2\/pages\/13\/revisions"}],"predecessor-version":[{"id":1061,"href":"https:\/\/tecmonclova.com\/web\/wp-json\/wp\/v2\/pages\/13\/revisions\/1061"}],"wp:attachment":[{"href":"https:\/\/tecmonclova.com\/web\/wp-json\/wp\/v2\/media?parent=13"}],"curies":[{"name":"wp","href":"https:\/\/api.w.org\/{rel}","templated":true}]}}