{"id":20,"date":"2025-09-23T16:54:38","date_gmt":"2025-09-23T16:54:38","guid":{"rendered":"https:\/\/tecmonclova.com\/web\/?page_id=20"},"modified":"2025-09-24T16:22:34","modified_gmt":"2025-09-24T16:22:34","slug":"politica-del-sistema-de-gestion-de-calidad","status":"publish","type":"page","link":"https:\/\/tecmonclova.com\/web\/politica-del-sistema-de-gestion-de-calidad\/","title":{"rendered":"Misi\u00f3n, visi\u00f3n y valores"},"content":{"rendered":"\n<h1 class=\"wp-block-heading has-x-large-font-size\">Misi\u00f3n, visi\u00f3n y valores<\/h1>\n\n\n\n<h2 class=\"wp-block-heading is-style-default\">Pol\u00edtica del sistema de gesti\u00f3n de calidad<\/h2>\n\n\n\n<p><strong>MISI\u00d3N:<\/strong><br>Ofrecer servicios de educaci\u00f3n superior tecnol\u00f3gica de calidad, pertinente y equitativa que coadyuve a la conformaci\u00f3n de una sociedad justa y humana, con una perspectiva de sustentabilidad y seguridad.<\/p>\n\n\n\n<p><strong>VISI\u00d3N:<\/strong><br>Ser uno de los pilares fundamentales del desarrollo sostenido, sustentable y equitativo de la naci\u00f3n.<\/p>\n\n\n\n<h2 class=\"wp-block-heading is-style-default\">Valores<\/h2>\n\n\n\n<ul class=\"wp-block-list\">\n<li><strong>HONESTIDAD.<\/strong><br>En el comportamiento y las actividades diarias de la Instituci\u00f3n.<\/li>\n\n\n\n<li><strong>COMPROMISO.<\/strong><br>En el cumplir con las demandas y expectativas de la sociedad a la que servimos, con \u00e9tica y responsabilidad.<\/li>\n\n\n\n<li><strong>LIDERAZGO.<\/strong><br>Para proyectar a la Instituci\u00f3n por el camino de la excelencia e Innovaci\u00f3n.<\/li>\n\n\n\n<li><strong>TRABAJO.<\/strong><br>Como base esencial para el logro de los objetivos establecidos con calidad educativa.<\/li>\n\n\n\n<li><strong>RESPETO.<\/strong><br>Como principio fundamental en las relaciones interpersonales.<\/li>\n\n\n\n<li><strong>CALIDAD EDUCATIVA.<\/strong><br>Logrando la excelencia de los alumnos y egresados.<\/li>\n\n\n\n<li><strong>EQUIDAD SOCIAL.<\/strong><br>En las decisiones concernientes a la actividad educativa de la Instituci\u00f3n.<\/li>\n<\/ul>\n\n\n\n<h2 class=\"wp-block-heading is-style-default\">Pol\u00edtica de igualdad laboral y no discriminaci\u00f3n<\/h2>\n\n\n\n<p>El Tecnol\u00f3gico Nacional de M\u00e9xico manifiesta su compromiso con la defensa de los derechos humanos, por lo que en la esfera de su competencia garantizar\u00e1 el principio de igualdad sustantiva entre mujeres y hombres en el ejercicio de sus derechos laborales, as\u00ed como el derecho fundamental a la no discriminaci\u00f3n en los procesos de ingreso, formaci\u00f3n y promoci\u00f3n profesional, adem\u00e1s de sus condiciones de trabajo, quedando prohibido el maltrato, violencia y segregaci\u00f3n de las autoridades hacia el personal y entre el personal en materia de cualquier forma de distinci\u00f3n, exclusi\u00f3n o restricci\u00f3n basada en el origen \u00e9tnico o nacional, apariencia f\u00edsica, cultura, sexo, g\u00e9nero, edad, discapacidad, condici\u00f3n social o econ\u00f3mica, condiciones de salud, embarazo, lengua, religi\u00f3n, opiniones, preferencias sexuales, estado civil, situaci\u00f3n migratoria o cualquier otra, que tenga por efecto impedir o anular el reconocimiento o el ejercicio de los derechos y la igualdad real de oportunidades.<\/p>\n","protected":false},"excerpt":{"rendered":"<p>Misi\u00f3n, visi\u00f3n y valores Pol\u00edtica del sistema de gesti\u00f3n de calidad MISI\u00d3N:Ofrecer servicios de educaci\u00f3n superior tecnol\u00f3gica de calidad, pertinente y equitativa que coadyuve a la conformaci\u00f3n de una sociedad justa y humana, con una perspectiva de sustentabilidad y seguridad. VISI\u00d3N:Ser uno de los pilares fundamentales del desarrollo sostenido, sustentable y equitativo de la naci\u00f3n. [&hellip;]<\/p>\n","protected":false},"author":1,"featured_media":0,"parent":0,"menu_order":0,"comment_status":"closed","ping_status":"closed","template":"","meta":{"footnotes":""},"class_list":["post-20","page","type-page","status-publish","hentry"],"_links":{"self":[{"href":"https:\/\/tecmonclova.com\/web\/wp-json\/wp\/v2\/pages\/20","targetHints":{"allow":["GET"]}}],"collection":[{"href":"https:\/\/tecmonclova.com\/web\/wp-json\/wp\/v2\/pages"}],"about":[{"href":"https:\/\/tecmonclova.com\/web\/wp-json\/wp\/v2\/types\/page"}],"author":[{"embeddable":true,"href":"https:\/\/tecmonclova.com\/web\/wp-json\/wp\/v2\/users\/1"}],"replies":[{"embeddable":true,"href":"https:\/\/tecmonclova.com\/web\/wp-json\/wp\/v2\/comments?post=20"}],"version-history":[{"count":9,"href":"https:\/\/tecmonclova.com\/web\/wp-json\/wp\/v2\/pages\/20\/revisions"}],"predecessor-version":[{"id":257,"href":"https:\/\/tecmonclova.com\/web\/wp-json\/wp\/v2\/pages\/20\/revisions\/257"}],"wp:attachment":[{"href":"https:\/\/tecmonclova.com\/web\/wp-json\/wp\/v2\/media?parent=20"}],"curies":[{"name":"wp","href":"https:\/\/api.w.org\/{rel}","templated":true}]}}