{"id":22,"date":"2025-09-23T16:50:23","date_gmt":"2025-09-23T16:50:23","guid":{"rendered":"https:\/\/tecmonclova.com\/web\/?page_id=22"},"modified":"2026-02-11T20:00:04","modified_gmt":"2026-02-11T20:00:04","slug":"ingenieria-electronica","status":"publish","type":"page","link":"https:\/\/tecmonclova.com\/web\/ingenieria-electronica\/","title":{"rendered":"Ingenier\u00eda Electr\u00f3nica"},"content":{"rendered":"\n<h1 class=\"wp-block-heading has-x-large-font-size\">Ingenier\u00eda Electr\u00f3nica<\/h1>\n\n\n\n<figure class=\"wp-block-image size-full\"><img loading=\"lazy\" decoding=\"async\" width=\"800\" height=\"445\" src=\"https:\/\/tecmonclova.com\/web\/wp-content\/uploads\/2025\/09\/image-4.png\" alt=\"\" class=\"wp-image-25\" srcset=\"https:\/\/tecmonclova.com\/web\/wp-content\/uploads\/2025\/09\/image-4.png 800w, https:\/\/tecmonclova.com\/web\/wp-content\/uploads\/2025\/09\/image-4-300x167.png 300w, https:\/\/tecmonclova.com\/web\/wp-content\/uploads\/2025\/09\/image-4-768x427.png 768w\" sizes=\"auto, (max-width: 800px) 100vw, 800px\" \/><\/figure>\n\n\n\n<p><strong>Objetivo General<\/strong><\/p>\n\n\n\n<p>Formar profesionistas en ingenier\u00eda electr\u00f3nica con capacidad creativa, emprendedora, de an\u00e1lisis y liderazgo, que realicen actividades de dise\u00f1o, innovaci\u00f3n, adaptaci\u00f3n y transferencia de tecnolog\u00eda para resolver problemas en forma competitiva&nbsp; y atender las necesidades de su entorno con una conciencia social&nbsp; y un compromiso con el desarrollo sustentable.<\/p>\n\n\n\n<p><strong>Perfil de Egreso<\/strong><\/p>\n\n\n\n<ul class=\"wp-block-list\">\n<li>Dise\u00f1ar, analizar y construir&nbsp; equipos y\/o sistemas electr\u00f3nicos para la soluci\u00f3n de problemas en el entorno profesional, aplicando normas t\u00e9cnicas y est\u00e1ndares nacionales e internacionales.<\/li>\n\n\n\n<li>Crear, innovar y transferir tecnolog\u00eda aplicando m\u00e9todos y procedimientos en proyectos de ingenier\u00eda electr\u00f3nica, tomando en cuenta el desarrollo sustentable del entorno.<\/li>\n\n\n\n<li>Promover y participar en programas de mejora continua aplicando normas de calidad en toda empresa.<\/li>\n\n\n\n<li>Planear, organizar, dirigir y controlar actividades de instalaci\u00f3n, actualizaci\u00f3n, operaci\u00f3n y mantenimiento de equipos y\/o sistemas electr\u00f3nicos.<\/li>\n\n\n\n<li>Aplicar las nuevas Tecnolog\u00edas de la informaci\u00f3n y de la comunicaci\u00f3n, para la adquisici\u00f3n y procesamiento de datos.<\/li>\n\n\n\n<li>Desarrollar y administrar proyectos de investigaci\u00f3n y\/o desarrollo tecnol\u00f3gico.<\/li>\n\n\n\n<li>Ejercer la profesi\u00f3n de manera responsable, \u00e9tica y dentro del marco legal.<\/li>\n\n\n\n<li>Asumir las implicaciones de su desempe\u00f1o profesional en el entorno pol\u00edtico, social, econ\u00f3mico y cultural.<\/li>\n\n\n\n<li>Comunicarse con efectividad en forma oral y escrita en el \u00e1mbito profesional tanto en su idioma como en un idioma extranjero.<\/li>\n\n\n\n<li>Ejercer actitudes emprendedoras, de liderazgo y desarrollar habilidades para la toma de decisiones en su \u00e1mbito profesional.<\/li>\n\n\n\n<li>Comprometer su formaci\u00f3n integral permanente y de actualizaci\u00f3n profesional continua, de manera aut\u00f3noma.<\/li>\n\n\n\n<li>Dirigir y participar en equipos de trabajo interdisciplinario y multidisciplinario en contextos nacionales e internacionales.<\/li>\n\n\n\n<li>Capacitar y actualizar en las diversas \u00e1reas de aplicaci\u00f3n de ingenier\u00eda electr\u00f3nica.<\/li>\n\n\n\n<li>Simular modelos que permitan predecir el comportamiento de sistemas electr\u00f3nicos empleando plataformas computacionales.<\/li>\n\n\n\n<li>Seleccionar y operar equipo de medici\u00f3n y prueba.<\/li>\n\n\n\n<li>Utilizar lenguaje de descripci\u00f3n de hardware y programaci\u00f3n de micro controladores en el&nbsp; dise\u00f1o de sistemas digitales para su aplicaci\u00f3n en la resoluci\u00f3n de problemas.<\/li>\n\n\n\n<li>Resolver problemas en el sector productivo mediante&nbsp; la automatizaci\u00f3n, instrumentaci\u00f3n y<\/li>\n\n\n\n<li>Desarrollar aplicaciones en un lenguaje de programaci\u00f3n de alto nivel para la soluci\u00f3n de problemas relacionados con las diferentes disciplinas en el \u00e1rea.<\/li>\n\n\n\n<li>Dise\u00f1ar e implementar interfaces gr\u00e1ficas de usuario para facilitar la interacci\u00f3n entre el ser humano, los equipos y sistemas electr\u00f3nicos.<\/li>\n<\/ul>\n\n\n\n<h2 class=\"wp-block-heading\"><strong>Plan de Estudios<\/strong><\/h2>\n\n\n\n<p><strong>Primer semestre<\/strong><\/p>\n\n\n\n<ul class=\"wp-block-list\">\n<li>C\u00e1lculo diferencial<\/li>\n\n\n\n<li>Mec\u00e1nica cl\u00e1sica<\/li>\n\n\n\n<li>Qu\u00edmica<\/li>\n\n\n\n<li>Taller de \u00e9tica<\/li>\n\n\n\n<li>Fundamentos de investigaci\u00f3n<\/li>\n\n\n\n<li>Comunicaci\u00f3n humana<\/li>\n<\/ul>\n\n\n\n<p><strong>Segundo semestre<\/strong><\/p>\n\n\n\n<ul class=\"wp-block-list\">\n<li>C\u00e1lculo integral<\/li>\n\n\n\n<li>Probabilidad y estad\u00edstica<\/li>\n\n\n\n<li>Desarrollo sustentable<\/li>\n\n\n\n<li>Mediciones el\u00e9ctricas<\/li>\n\n\n\n<li>T\u00f3picos selectos de f\u00edsica<\/li>\n\n\n\n<li>Desarrollo humano<\/li>\n<\/ul>\n\n\n\n<p><strong>Tercer semestre<\/strong><\/p>\n\n\n\n<ul class=\"wp-block-list\">\n<li>C\u00e1lculo vectorial<\/li>\n\n\n\n<li>Electromagnetismo<\/li>\n\n\n\n<li>\u00c1lgebra lineal<\/li>\n\n\n\n<li>F\u00edsica de semiconductores<\/li>\n\n\n\n<li>Programaci\u00f3n estructurada<\/li>\n<\/ul>\n\n\n\n<p><strong>Cuarto semestre<\/strong><\/p>\n\n\n\n<ul class=\"wp-block-list\">\n<li>Ecuaciones diferenciales<\/li>\n\n\n\n<li>Circuitos el\u00e9ctricos I<\/li>\n\n\n\n<li>Marco legal de la empresa<\/li>\n\n\n\n<li>An\u00e1lisis num\u00e9rico<\/li>\n\n\n\n<li>Dise\u00f1o digital<\/li>\n\n\n\n<li>Programaci\u00f3n visual<\/li>\n<\/ul>\n\n\n\n<p><strong>Quinto semestre<\/strong><\/p>\n\n\n\n<ul class=\"wp-block-list\">\n<li>Circuitos el\u00e9ctricos II<\/li>\n\n\n\n<li>Diodos y transistores<\/li>\n\n\n\n<li>Teor\u00eda electromagn\u00e9tica<\/li>\n\n\n\n<li>M\u00e1quinas el\u00e9ctricas<\/li>\n\n\n\n<li>Dise\u00f1o digital con VHDL<\/li>\n\n\n\n<li>Desarrollo profesional<\/li>\n<\/ul>\n\n\n\n<p><strong>Sexto semestre<\/strong><\/p>\n\n\n\n<ul class=\"wp-block-list\">\n<li>Control I<\/li>\n\n\n\n<li>Dise\u00f1o con transistores<\/li>\n\n\n\n<li>Fundamentos financieros<\/li>\n\n\n\n<li>Micro controladores<\/li>\n\n\n\n<li>Taller de investigaci\u00f3n I<\/li>\n\n\n\n<li>Dibujo electr\u00f3nico (Optativa)<\/li>\n\n\n\n<li>Dibujo avanzado (Optativa)<\/li>\n<\/ul>\n\n\n\n<p><strong>S\u00e9ptimo semestre<\/strong><\/p>\n\n\n\n<ul class=\"wp-block-list\">\n<li>Control II<\/li>\n\n\n\n<li>Instrumentaci\u00f3n<\/li>\n\n\n\n<li>Amplificadores operacionales<\/li>\n\n\n\n<li>Optoelectr\u00f3nica<\/li>\n\n\n\n<li>Taller de investigaci\u00f3n II<\/li>\n\n\n\n<li>Introducci\u00f3n a las telecomunicaciones<\/li>\n<\/ul>\n\n\n\n<p><strong>Octavo semestre<\/strong><\/p>\n\n\n\n<ul class=\"wp-block-list\">\n<li>Control digital<\/li>\n\n\n\n<li>Electr\u00f3nica de potencia<\/li>\n\n\n\n<li>Controladores l\u00f3gicos programables<\/li>\n\n\n\n<li>Administraci\u00f3n gerencial<\/li>\n\n\n\n<li>Instrumentaci\u00f3n industrial<\/li>\n\n\n\n<li>Rob\u00f3tica industrial<\/li>\n<\/ul>\n\n\n\n<p><strong>Noveno semestre<\/strong><\/p>\n\n\n\n<ul class=\"wp-block-list\">\n<li>Desarrollo y evaluaci\u00f3n de proyectos<\/li>\n\n\n\n<li>Control de procesos<\/li>\n\n\n\n<li>Automatizaci\u00f3n avanzada<\/li>\n\n\n\n<li>Control de calidad<\/li>\n\n\n\n<li>Residencias profesionales<\/li>\n<\/ul>\n\n\n\n<h2 class=\"wp-block-heading\">Ret\u00edcula<\/h2>\n\n\n\n<div data-wp-interactive=\"core\/file\" class=\"wp-block-file\"><object data-wp-bind--hidden=\"!state.hasPdfPreview\" hidden class=\"wp-block-file__embed\" data=\"https:\/\/tecmonclova.com\/web\/wp-content\/uploads\/2026\/02\/Reticula-Ingenieria-Electronica.pdf\" type=\"application\/pdf\" style=\"width:100%;height:680px\" aria-label=\"Incrustado de Reticula Ingenieria Electronica.\"><\/object><a id=\"wp-block-file--media-d4bb61fb-ad82-4441-a615-db677fa6ace4\" href=\"https:\/\/tecmonclova.com\/web\/wp-content\/uploads\/2026\/02\/Reticula-Ingenieria-Electronica.pdf\">Reticula Ingenieria Electronica<\/a><a href=\"https:\/\/tecmonclova.com\/web\/wp-content\/uploads\/2026\/02\/Reticula-Ingenieria-Electronica.pdf\" class=\"wp-block-file__button wp-element-button\" download aria-describedby=\"wp-block-file--media-d4bb61fb-ad82-4441-a615-db677fa6ace4\">Descarga<\/a><\/div>\n","protected":false},"excerpt":{"rendered":"<p>Ingenier\u00eda Electr\u00f3nica Objetivo General Formar profesionistas en ingenier\u00eda electr\u00f3nica con capacidad creativa, emprendedora, de an\u00e1lisis y liderazgo, que realicen actividades de dise\u00f1o, innovaci\u00f3n, adaptaci\u00f3n y transferencia de tecnolog\u00eda para resolver problemas en forma competitiva&nbsp; y atender las necesidades de su entorno con una conciencia social&nbsp; y un compromiso con el desarrollo sustentable. Perfil de Egreso [&hellip;]<\/p>\n","protected":false},"author":1,"featured_media":0,"parent":0,"menu_order":0,"comment_status":"closed","ping_status":"closed","template":"","meta":{"footnotes":""},"class_list":["post-22","page","type-page","status-publish","hentry"],"_links":{"self":[{"href":"https:\/\/tecmonclova.com\/web\/wp-json\/wp\/v2\/pages\/22","targetHints":{"allow":["GET"]}}],"collection":[{"href":"https:\/\/tecmonclova.com\/web\/wp-json\/wp\/v2\/pages"}],"about":[{"href":"https:\/\/tecmonclova.com\/web\/wp-json\/wp\/v2\/types\/page"}],"author":[{"embeddable":true,"href":"https:\/\/tecmonclova.com\/web\/wp-json\/wp\/v2\/users\/1"}],"replies":[{"embeddable":true,"href":"https:\/\/tecmonclova.com\/web\/wp-json\/wp\/v2\/comments?post=22"}],"version-history":[{"count":9,"href":"https:\/\/tecmonclova.com\/web\/wp-json\/wp\/v2\/pages\/22\/revisions"}],"predecessor-version":[{"id":1056,"href":"https:\/\/tecmonclova.com\/web\/wp-json\/wp\/v2\/pages\/22\/revisions\/1056"}],"wp:attachment":[{"href":"https:\/\/tecmonclova.com\/web\/wp-json\/wp\/v2\/media?parent=22"}],"curies":[{"name":"wp","href":"https:\/\/api.w.org\/{rel}","templated":true}]}}