{"id":30,"date":"2025-09-23T16:55:21","date_gmt":"2025-09-23T16:55:21","guid":{"rendered":"https:\/\/tecmonclova.com\/web\/?page_id=30"},"modified":"2026-02-11T20:09:15","modified_gmt":"2026-02-11T20:09:15","slug":"ingenieria-en-gestion-empresarial","status":"publish","type":"page","link":"https:\/\/tecmonclova.com\/web\/ingenieria-en-gestion-empresarial\/","title":{"rendered":"Ingenier\u00eda en Gesti\u00f3n Empresarial"},"content":{"rendered":"\n<h1 class=\"wp-block-heading has-x-large-font-size\">Ingenier\u00eda en Gesti\u00f3n Empresarial<\/h1>\n\n\n\n<figure class=\"wp-block-image size-full\"><img loading=\"lazy\" decoding=\"async\" width=\"800\" height=\"445\" src=\"https:\/\/tecmonclova.com\/web\/wp-content\/uploads\/2025\/09\/image-5.png\" alt=\"\" class=\"wp-image-32\" srcset=\"https:\/\/tecmonclova.com\/web\/wp-content\/uploads\/2025\/09\/image-5.png 800w, https:\/\/tecmonclova.com\/web\/wp-content\/uploads\/2025\/09\/image-5-300x167.png 300w, https:\/\/tecmonclova.com\/web\/wp-content\/uploads\/2025\/09\/image-5-768x427.png 768w\" sizes=\"auto, (max-width: 800px) 100vw, 800px\" \/><\/figure>\n\n\n\n<h2 class=\"wp-block-heading is-style-text-subtitle\"><strong>Objetivo General<\/strong><\/h2>\n\n\n\n<p>Formar integralmente profesionales que contribuyan a la gesti\u00f3n de empresas e innovaci\u00f3n de procesos y productos, as\u00ed como al dise\u00f1o, implementaci\u00f3n y desarrollo de sistemas estrat\u00e9gicos de negocios, optimizando recursos en un entorno global, con \u00e9tica y responsabilidad social.<\/p>\n\n\n\n<p class=\"is-style-text-subtitle\"><strong>Perfil de Egreso<\/strong><\/p>\n\n\n\n<ul class=\"wp-block-list\">\n<li>Desarrollar y aplicar habilidades directivas y la ingenier\u00eda en el dise\u00f1o, creaci\u00f3n, gesti\u00f3n, desarrollo, fortalecimiento e innovaci\u00f3n de las organizaciones, con una orientaci\u00f3n sist\u00e9mica y sustentable para la toma de decisiones en forma efectiva<\/li>\n\n\n\n<li>Dise\u00f1ar e innovar estructuras administrativas y procesos, con base en las necesidades de las organizaciones para competir eficientemente en mercados globales.<\/li>\n\n\n\n<li>Gestionar eficientemente los recursos de la organizaci\u00f3n con visi\u00f3n compartida, con el fin de suministrar bienes y servicios de calidad<\/li>\n\n\n\n<li>Aplicar m\u00e9todos cuantitativos y cualitativos para el an\u00e1lisis e interpretaci\u00f3n de datos y modelado de sistemas, en los procesos organizacionales para la mejora continua, atendiendo est\u00e1ndares de calidad mundial.<\/li>\n\n\n\n<li>Dise\u00f1ar, evaluar y emprender nuevos negocios y proyectos empresariales, que promuevan el desarrollo sustentable y la responsabilidad social, en un mercado competitivo.<\/li>\n\n\n\n<li>Dise\u00f1ar e implementar estrategias de mercadotecnia basadas en informaci\u00f3n recopilada de fuentes primarias y secundarias del consumidor o usuario de alg\u00fan producto, de acuerdo a oportunidades y amenazas del mercado.<\/li>\n\n\n\n<li>Establecer programas para el fortalecimiento de la seguridad e higiene en las organizaciones.<\/li>\n\n\n\n<li>Gestionar sistemas integrales de calidad, ejerciendo un liderazgo efectivo y un compromiso \u00e9tico, aplicando las herramientas b\u00e1sicas de la ingenier\u00eda.<\/li>\n\n\n\n<li>Interpretar y aplicar normas legales que incidan en la creaci\u00f3n y desarrollo de las organizaciones.<\/li>\n\n\n\n<li>Integrar, dirigir y desarrollar equipos de trabajo para la mejora continua y el crecimiento integral de las organizaciones.<\/li>\n\n\n\n<li>Analizar e interpretar la informaci\u00f3n financiera para detectar oportunidades de mejora e inversi\u00f3n en un mundo global, que incidan en la rentabilidad del negocio.<\/li>\n\n\n\n<li>Utilizar las nuevas tecnolog\u00edas de informaci\u00f3n en la organizaci\u00f3n, para optimizar los procesos de comunicaci\u00f3n y eficientar la toma de decisiones.<\/li>\n\n\n\n<li>Propiciar el desarrollo del capital humano, para la realizaci\u00f3n de los objetivos organizacionales, dentro de un marco \u00e9tico y un contexto multicultural.<\/li>\n\n\n\n<li>Aplicar m\u00e9todos de investigaci\u00f3n para desarrollar e innovar sistemas, procesos y productos en las diferentes dimensiones de la organizaci\u00f3n.<\/li>\n\n\n\n<li>Gestionar la cadena de suministros de las organizaciones con un enfoque orientado a procesos.<\/li>\n\n\n\n<li>Analizar e interpretar la econom\u00eda global para facilitar la toma de decisiones en la organizaci\u00f3n.<\/li>\n<\/ul>\n\n\n\n<h2 class=\"wp-block-heading\"><strong>Plan de Estudios<\/strong><\/h2>\n\n\n\n<p><strong>Primer semestre<\/strong><\/p>\n\n\n\n<ul class=\"wp-block-list\">\n<li>Fundamentos de investigaci\u00f3n<\/li>\n\n\n\n<li>C\u00e1lculo diferencial<\/li>\n\n\n\n<li>Desarrollo humano<\/li>\n\n\n\n<li>Fundamentos de gesti\u00f3n empresarial<\/li>\n\n\n\n<li>Fundamentos de f\u00edsica<\/li>\n\n\n\n<li>Fundamentos de qu\u00edmica<\/li>\n<\/ul>\n\n\n\n<p><strong>Segundo semestre<\/strong><\/p>\n\n\n\n<ul class=\"wp-block-list\">\n<li>Software de aplicaci\u00f3n ejecutivo<\/li>\n\n\n\n<li>C\u00e1lculo integral<\/li>\n\n\n\n<li>Contabilidad orientada a los negocios<\/li>\n\n\n\n<li>Din\u00e1mica social<\/li>\n\n\n\n<li>Taller de \u00e9tica<\/li>\n\n\n\n<li>Legislaci\u00f3n laboral<\/li>\n<\/ul>\n\n\n\n<p><strong>Tercer semestre<\/strong><\/p>\n\n\n\n<ul class=\"wp-block-list\">\n<li>Marco legal de las organizaciones<\/li>\n\n\n\n<li>Probabilidad y estad\u00edstica descriptiva<\/li>\n\n\n\n<li>Costos empresariales<\/li>\n\n\n\n<li>Habilidades directivas I<\/li>\n\n\n\n<li>Econom\u00eda empresarial<\/li>\n\n\n\n<li>\u00c1lgebra lineal<\/li>\n<\/ul>\n\n\n\n<p><strong>Cuarto semestre<\/strong><\/p>\n\n\n\n<ul class=\"wp-block-list\">\n<li>Ingenier\u00eda econ\u00f3mica<\/li>\n\n\n\n<li>Estad\u00edstica inferencial I<\/li>\n\n\n\n<li>Instrumentos de presupuestaci\u00f3n empresarial<\/li>\n\n\n\n<li>Habilidades directivas II<\/li>\n\n\n\n<li>Entorno macroecon\u00f3mico<\/li>\n\n\n\n<li>Investigaci\u00f3n de operaciones<\/li>\n<\/ul>\n\n\n\n<p><strong>Quinto semestre<\/strong><\/p>\n\n\n\n<ul class=\"wp-block-list\">\n<li>Finanzas en las organizaciones<\/li>\n\n\n\n<li>Estad\u00edstica inferencial II<\/li>\n\n\n\n<li>Ingenier\u00eda de procesos<\/li>\n\n\n\n<li>Gesti\u00f3n de capital humano<\/li>\n\n\n\n<li>Taller de investigaci\u00f3n I<\/li>\n\n\n\n<li>Mercadotecnia<\/li>\n<\/ul>\n\n\n\n<p><strong>Sexto semestre<\/strong><\/p>\n\n\n\n<ul class=\"wp-block-list\">\n<li>Administraci\u00f3n de la salud y seguridad ocupacional<\/li>\n\n\n\n<li>El emprendedor y la innovaci\u00f3n<\/li>\n\n\n\n<li>Gesti\u00f3n de la producci\u00f3n I<\/li>\n\n\n\n<li>Dise\u00f1o organizacional<\/li>\n\n\n\n<li>Taller de investigaci\u00f3n II<\/li>\n\n\n\n<li>Sistemas de informaci\u00f3n de la mercadotecnia<\/li>\n<\/ul>\n\n\n\n<p><strong>S\u00e9ptimo semestre<\/strong><\/p>\n\n\n\n<ul class=\"wp-block-list\">\n<li>Calidad aplicada a la gesti\u00f3n empresarial<\/li>\n\n\n\n<li>Plan de negocios<\/li>\n\n\n\n<li>Gesti\u00f3n de la producci\u00f3n II<\/li>\n\n\n\n<li>Gesti\u00f3n estrat\u00e9gica<\/li>\n\n\n\n<li>Desarrollo sustentable<\/li>\n\n\n\n<li>Mercadotecnia electr\u00f3nica<\/li>\n<\/ul>\n\n\n\n<p><strong>Octavo semestre<\/strong><\/p>\n\n\n\n<ul class=\"wp-block-list\">\n<li>Cadena de suministros<\/li>\n\n\n\n<li>Simulaci\u00f3n de negocios<\/li>\n\n\n\n<li>Temas selectos de gesti\u00f3n moderna<\/li>\n\n\n\n<li>Gesti\u00f3n y desarrollo de proyectos tecnol\u00f3gicos<\/li>\n\n\n\n<li>Seminario de habilidades gerenciales<\/li>\n<\/ul>\n\n\n\n<p><strong>Noveno semestre<\/strong><\/p>\n\n\n\n<ul class=\"wp-block-list\">\n<li>Residencia profesional<\/li>\n\n\n\n<li>Gesti\u00f3n de la calidad (Optativa I)<\/li>\n\n\n\n<li>Seminario de obligaciones fiscales (Optativa II)<\/li>\n\n\n\n<li>Administraci\u00f3n de empresas de servicios<\/li>\n<\/ul>\n\n\n\n<h3 class=\"wp-block-heading\">RETICULA<\/h3>\n\n\n\n<div data-wp-interactive=\"core\/file\" class=\"wp-block-file\"><object data-wp-bind--hidden=\"!state.hasPdfPreview\" hidden class=\"wp-block-file__embed\" data=\"https:\/\/tecmonclova.com\/web\/wp-content\/uploads\/2025\/10\/Reticula-Ingenieria-en-Gestion-Empresarial.pdf\" type=\"application\/pdf\" style=\"width:100%;height:666px\" aria-label=\"Incrustado de Reticula Ingenieria en Gestion Empresarial.\"><\/object><a id=\"wp-block-file--media-8e739ee4-629e-40c6-9a17-9781d8e211e6\" href=\"https:\/\/tecmonclova.com\/web\/wp-content\/uploads\/2025\/10\/Reticula-Ingenieria-en-Gestion-Empresarial.pdf\">Reticula Ingenieria en Gestion Empresarial<\/a><a href=\"https:\/\/tecmonclova.com\/web\/wp-content\/uploads\/2025\/10\/Reticula-Ingenieria-en-Gestion-Empresarial.pdf\" class=\"wp-block-file__button wp-element-button\" download aria-describedby=\"wp-block-file--media-8e739ee4-629e-40c6-9a17-9781d8e211e6\">Descarga<\/a><\/div>\n\n\n\n<p><\/p>\n","protected":false},"excerpt":{"rendered":"<p>Ingenier\u00eda en Gesti\u00f3n Empresarial Objetivo General Formar integralmente profesionales que contribuyan a la gesti\u00f3n de empresas e innovaci\u00f3n de procesos y productos, as\u00ed como al dise\u00f1o, implementaci\u00f3n y desarrollo de sistemas estrat\u00e9gicos de negocios, optimizando recursos en un entorno global, con \u00e9tica y responsabilidad social. Perfil de Egreso Plan de Estudios Primer semestre Segundo semestre [&hellip;]<\/p>\n","protected":false},"author":1,"featured_media":0,"parent":0,"menu_order":0,"comment_status":"closed","ping_status":"closed","template":"","meta":{"footnotes":""},"class_list":["post-30","page","type-page","status-publish","hentry"],"_links":{"self":[{"href":"https:\/\/tecmonclova.com\/web\/wp-json\/wp\/v2\/pages\/30","targetHints":{"allow":["GET"]}}],"collection":[{"href":"https:\/\/tecmonclova.com\/web\/wp-json\/wp\/v2\/pages"}],"about":[{"href":"https:\/\/tecmonclova.com\/web\/wp-json\/wp\/v2\/types\/page"}],"author":[{"embeddable":true,"href":"https:\/\/tecmonclova.com\/web\/wp-json\/wp\/v2\/users\/1"}],"replies":[{"embeddable":true,"href":"https:\/\/tecmonclova.com\/web\/wp-json\/wp\/v2\/comments?post=30"}],"version-history":[{"count":10,"href":"https:\/\/tecmonclova.com\/web\/wp-json\/wp\/v2\/pages\/30\/revisions"}],"predecessor-version":[{"id":1059,"href":"https:\/\/tecmonclova.com\/web\/wp-json\/wp\/v2\/pages\/30\/revisions\/1059"}],"wp:attachment":[{"href":"https:\/\/tecmonclova.com\/web\/wp-json\/wp\/v2\/media?parent=30"}],"curies":[{"name":"wp","href":"https:\/\/api.w.org\/{rel}","templated":true}]}}