{"id":38,"date":"2025-09-23T17:07:01","date_gmt":"2025-09-23T17:07:01","guid":{"rendered":"https:\/\/tecmonclova.com\/web\/?page_id=38"},"modified":"2026-02-11T20:11:34","modified_gmt":"2026-02-11T20:11:34","slug":"ingenieria-industrial","status":"publish","type":"page","link":"https:\/\/tecmonclova.com\/web\/ingenieria-industrial\/","title":{"rendered":"Ingenier\u00eda Industrial"},"content":{"rendered":"\n<h1 class=\"wp-block-heading has-x-large-font-size\">Ingenier\u00eda Industrial<\/h1>\n\n\n\n<figure class=\"wp-block-image size-full\"><img loading=\"lazy\" decoding=\"async\" width=\"800\" height=\"445\" src=\"https:\/\/tecmonclova.com\/web\/wp-content\/uploads\/2025\/09\/image-6.png\" alt=\"\" class=\"wp-image-39\" srcset=\"https:\/\/tecmonclova.com\/web\/wp-content\/uploads\/2025\/09\/image-6.png 800w, https:\/\/tecmonclova.com\/web\/wp-content\/uploads\/2025\/09\/image-6-300x167.png 300w, https:\/\/tecmonclova.com\/web\/wp-content\/uploads\/2025\/09\/image-6-768x427.png 768w\" sizes=\"auto, (max-width: 800px) 100vw, 800px\" \/><\/figure>\n\n\n\n<p class=\"is-style-text-subtitle\"><strong>Objetivo General<\/strong><\/p>\n\n\n\n<p>Formar Profesionales que contribuyan al desarrollo sustentable, con una visi\u00f3n sistem\u00e1tica, que responda a los retos que presentan los constantes cambios en los sistemas de producci\u00f3n de bienes y servicios en el entorno global, con \u00e9tica y comprometidos con la sociedad.<\/p>\n\n\n\n<p class=\"is-style-text-subtitle\"><strong>Perfil de Egreso<\/strong><\/p>\n\n\n\n<ul class=\"wp-block-list\">\n<li>Analizar, dise\u00f1ar y gestionar sistemas productivos desde la provisi\u00f3n de insumos hasta la entrega de bienes&nbsp; y servicios, integr\u00e1ndolos con eficacia y eficiencia.<\/li>\n\n\n\n<li>Conocer, seleccionar y aplicar tecnolog\u00edas para optimizar procesos productivos.<\/li>\n\n\n\n<li>Dise\u00f1ar, implementar y administrar sistemas de mantenimiento para eficientar la operaci\u00f3n de las instalaciones y equipos.<\/li>\n\n\n\n<li>Implementar sistemas de gesti\u00f3n de calidad para satisfacer los requerimientos del cliente y partes interesadas.<\/li>\n\n\n\n<li>Utilizar los instrumentos de medici\u00f3n requeridos en la certificaci\u00f3n y\/o acreditaci\u00f3n con las normas vigentes.<\/li>\n\n\n\n<li>Interpretar e implementar estrategias y m\u00e9todos estad\u00edsticos en los procesos organizacionales para la mejora continua.<\/li>\n\n\n\n<li>Seleccionar y adecuar modelos de calidad y dise\u00f1o de experimentos en procesos organizacionales para su optimizaci\u00f3n.<\/li>\n\n\n\n<li>Gestionar sistemas de seguridad, salud ocupacional y protecci\u00f3n al medio ambiente, en industrias de producci\u00f3n y de servicios.<\/li>\n\n\n\n<li>Identificar necesidades de su entorno y desarrollar investigaci\u00f3n aplicada para crear e innovar bienes y servicios.<\/li>\n\n\n\n<li>Crear y mejorar productos de alto valor agregado bajo los principios de productividad y competitividad.<\/li>\n\n\n\n<li>Seleccionar e implementar tecnolog\u00edas de informaci\u00f3n y comunicaci\u00f3n dentro de la empresa.<\/li>\n\n\n\n<li>Participar en proyectos de transferencia, desarrollo y adaptaci\u00f3n de tecnolog\u00edas en los sistemas productivos.<\/li>\n\n\n\n<li>Dise\u00f1ar, implementar y mejorar sistemas y estaciones de trabajo considerando factores ergon\u00f3micos para optimizar&nbsp; la producci\u00f3n.<\/li>\n\n\n\n<li>Participar en la estandarizaci\u00f3n de operaciones para la transferencia y adaptaci\u00f3n de los sistemas productivos.<\/li>\n\n\n\n<li>Manejar y aplicar las normas y est\u00e1ndares en el an\u00e1lisis de operaciones de los sistemas de producci\u00f3n.<\/li>\n\n\n\n<li>Emprender e incubar empresas con base tecnol\u00f3gica, que promueva el desarrollo socioecon\u00f3mico de una regi\u00f3n, as\u00ed como su constituci\u00f3n legal.<\/li>\n\n\n\n<li>Formular, evaluar y gestionar proyectos de inversi\u00f3n, que le permita emprender la creaci\u00f3n de unidades productivas de bienes y servicios bajo criterios de competitividad y sustentabilidad.<\/li>\n\n\n\n<li>Tomar decisiones para la mejora de sistemas productivos y de servicios, fundamentadas en planteamientos y modelos anal\u00edticos.<\/li>\n<\/ul>\n\n\n\n<h2 class=\"wp-block-heading\"><strong>Plan de Estudios<\/strong><\/h2>\n\n\n\n<p><strong>Primer semestre<\/strong><\/p>\n\n\n\n<ul class=\"wp-block-list\">\n<li>Fundamentos de investigaci\u00f3n<\/li>\n\n\n\n<li>Taller de \u00e9tica<\/li>\n\n\n\n<li>C\u00e1lculo diferencial<\/li>\n\n\n\n<li>Taller de herramientas intelectuales<\/li>\n\n\n\n<li>Qu\u00edmica<\/li>\n\n\n\n<li>Dibujo industrial<\/li>\n<\/ul>\n\n\n\n<p><strong>Segundo semestre<\/strong><\/p>\n\n\n\n<ul class=\"wp-block-list\">\n<li>Electricidad y electr\u00f3nica industrial<\/li>\n\n\n\n<li>Propiedades de los materiales<\/li>\n\n\n\n<li>C\u00e1lculo integral<\/li>\n\n\n\n<li>Probabilidad y estad\u00edstica<\/li>\n\n\n\n<li>An\u00e1lisis de la realidad nacional<\/li>\n\n\n\n<li>Taller de liderazgo<\/li>\n<\/ul>\n\n\n\n<p><strong>Tercer semestre<\/strong><\/p>\n\n\n\n<ul class=\"wp-block-list\">\n<li>Metrolog\u00eda y normalizaci\u00f3n<\/li>\n\n\n\n<li>\u00c1lgebra lineal<\/li>\n\n\n\n<li>C\u00e1lculo vectorial<\/li>\n\n\n\n<li>Econom\u00eda<\/li>\n\n\n\n<li>Estad\u00edstica inferencial I<\/li>\n\n\n\n<li>Estudio del trabajo I<\/li>\n<\/ul>\n\n\n\n<p><strong>Cuarto semestre<\/strong><\/p>\n\n\n\n<ul class=\"wp-block-list\">\n<li>Procesos de fabricaci\u00f3n<\/li>\n\n\n\n<li>F\u00edsica<\/li>\n\n\n\n<li>Algoritmos y lenguajes de programaci\u00f3n<\/li>\n\n\n\n<li>Investigaci\u00f3n de operaciones I<\/li>\n\n\n\n<li>Estad\u00edstica inferencial II<\/li>\n\n\n\n<li>Estudio del trabajo II<\/li>\n\n\n\n<li>Higiene y seguridad industrial<\/li>\n<\/ul>\n\n\n\n<p><strong>Quinto semestre<\/strong><\/p>\n\n\n\n<ul class=\"wp-block-list\">\n<li>Administraci\u00f3n de proyectos<\/li>\n\n\n\n<li>Gesti\u00f3n de costos<\/li>\n\n\n\n<li>Administraci\u00f3n de las operaciones I<\/li>\n\n\n\n<li>Investigaci\u00f3n de operaciones II<\/li>\n\n\n\n<li>Control estad\u00edstico de la calidad<\/li>\n\n\n\n<li>Ergonom\u00eda<\/li>\n\n\n\n<li>Desarrollo sustentable<\/li>\n<\/ul>\n\n\n\n<p><strong>Sexto semestre<\/strong><\/p>\n\n\n\n<ul class=\"wp-block-list\">\n<li>Taller de investigaci\u00f3n I<\/li>\n\n\n\n<li>Ingenier\u00eda econ\u00f3mica<\/li>\n\n\n\n<li>Administraci\u00f3n de operaciones II<\/li>\n\n\n\n<li>Simulaci\u00f3n<\/li>\n\n\n\n<li>Administraci\u00f3n de mantenimiento<\/li>\n\n\n\n<li>Mercadotecnia<\/li>\n<\/ul>\n\n\n\n<p><strong>S\u00e9ptimo semestre<\/strong><\/p>\n\n\n\n<ul class=\"wp-block-list\">\n<li>Taller de investigaci\u00f3n II<\/li>\n\n\n\n<li>Planeaci\u00f3n financiera<\/li>\n\n\n\n<li>Planeaci\u00f3n y dise\u00f1o de instalaciones<\/li>\n\n\n\n<li>Sistemas de manufactura<\/li>\n\n\n\n<li>Log\u00edstica y cadena de suministro<\/li>\n\n\n\n<li>Gesti\u00f3n de los sistemas de calidad<\/li>\n\n\n\n<li>Ingenier\u00eda de sistemas<\/li>\n<\/ul>\n\n\n\n<p><strong>Octavo semestre<\/strong><\/p>\n\n\n\n<ul class=\"wp-block-list\">\n<li>Formaci\u00f3n y evaluaci\u00f3n de proyectos<\/li>\n\n\n\n<li>Relaciones industriales<\/li>\n\n\n\n<li>Administraci\u00f3n de la cadena de suministro<\/li>\n\n\n\n<li>Ingenier\u00eda de calidad<\/li>\n\n\n\n<li>Estad\u00edstica avanzada<\/li>\n<\/ul>\n\n\n\n<p><strong>Noveno semestre<\/strong><\/p>\n\n\n\n<ul class=\"wp-block-list\">\n<li>Seis sigma<\/li>\n\n\n\n<li>Manufactura esbelta<\/li>\n\n\n\n<li>Dibujo industrial avanzado (Optativa)<\/li>\n\n\n\n<li>Dise\u00f1o asistido por computadora (Optativa)<\/li>\n\n\n\n<li>Residencias profesionales<\/li>\n<\/ul>\n\n\n\n<h3 class=\"wp-block-heading\">RETICULA<\/h3>\n\n\n\n<div data-wp-interactive=\"core\/file\" class=\"wp-block-file\"><object data-wp-bind--hidden=\"!state.hasPdfPreview\" hidden class=\"wp-block-file__embed\" data=\"https:\/\/tecmonclova.com\/web\/wp-content\/uploads\/2025\/10\/Reticula-Ingenieria-Industrial.pdf\" type=\"application\/pdf\" style=\"width:100%;height:666px\" aria-label=\"Incrustado de Reticula Ingenieria Industrial.\"><\/object><a id=\"wp-block-file--media-d61031e5-2ec2-48a5-b862-17d069dc6e32\" href=\"https:\/\/tecmonclova.com\/web\/wp-content\/uploads\/2025\/10\/Reticula-Ingenieria-Industrial.pdf\">Reticula Ingenieria Industrial<\/a><a href=\"https:\/\/tecmonclova.com\/web\/wp-content\/uploads\/2025\/10\/Reticula-Ingenieria-Industrial.pdf\" class=\"wp-block-file__button wp-element-button\" download aria-describedby=\"wp-block-file--media-d61031e5-2ec2-48a5-b862-17d069dc6e32\">Descarga<\/a><\/div>\n","protected":false},"excerpt":{"rendered":"<p>Ingenier\u00eda Industrial Objetivo General Formar Profesionales que contribuyan al desarrollo sustentable, con una visi\u00f3n sistem\u00e1tica, que responda a los retos que presentan los constantes cambios en los sistemas de producci\u00f3n de bienes y servicios en el entorno global, con \u00e9tica y comprometidos con la sociedad. Perfil de Egreso Plan de Estudios Primer semestre Segundo semestre [&hellip;]<\/p>\n","protected":false},"author":1,"featured_media":0,"parent":0,"menu_order":0,"comment_status":"closed","ping_status":"closed","template":"","meta":{"footnotes":""},"class_list":["post-38","page","type-page","status-publish","hentry"],"_links":{"self":[{"href":"https:\/\/tecmonclova.com\/web\/wp-json\/wp\/v2\/pages\/38","targetHints":{"allow":["GET"]}}],"collection":[{"href":"https:\/\/tecmonclova.com\/web\/wp-json\/wp\/v2\/pages"}],"about":[{"href":"https:\/\/tecmonclova.com\/web\/wp-json\/wp\/v2\/types\/page"}],"author":[{"embeddable":true,"href":"https:\/\/tecmonclova.com\/web\/wp-json\/wp\/v2\/users\/1"}],"replies":[{"embeddable":true,"href":"https:\/\/tecmonclova.com\/web\/wp-json\/wp\/v2\/comments?post=38"}],"version-history":[{"count":5,"href":"https:\/\/tecmonclova.com\/web\/wp-json\/wp\/v2\/pages\/38\/revisions"}],"predecessor-version":[{"id":1060,"href":"https:\/\/tecmonclova.com\/web\/wp-json\/wp\/v2\/pages\/38\/revisions\/1060"}],"wp:attachment":[{"href":"https:\/\/tecmonclova.com\/web\/wp-json\/wp\/v2\/media?parent=38"}],"curies":[{"name":"wp","href":"https:\/\/api.w.org\/{rel}","templated":true}]}}