{"id":54,"date":"2025-09-23T17:15:17","date_gmt":"2025-09-23T17:15:17","guid":{"rendered":"https:\/\/tecmonclova.com\/web\/?page_id=54"},"modified":"2026-02-11T20:02:08","modified_gmt":"2026-02-11T20:02:08","slug":"ingenieria-en-energias-renovables","status":"publish","type":"page","link":"https:\/\/tecmonclova.com\/web\/ingenieria-en-energias-renovables\/","title":{"rendered":"Ingenier\u00eda en Energ\u00edas Renovables"},"content":{"rendered":"\n<h1 class=\"wp-block-heading has-x-large-font-size\">Ingenier\u00eda en Energ\u00edas Renovables<\/h1>\n\n\n\n<figure class=\"wp-block-image size-full\"><img loading=\"lazy\" decoding=\"async\" width=\"800\" height=\"445\" src=\"https:\/\/tecmonclova.com\/web\/wp-content\/uploads\/2025\/09\/image-11.png\" alt=\"\" class=\"wp-image-57\" srcset=\"https:\/\/tecmonclova.com\/web\/wp-content\/uploads\/2025\/09\/image-11.png 800w, https:\/\/tecmonclova.com\/web\/wp-content\/uploads\/2025\/09\/image-11-300x167.png 300w, https:\/\/tecmonclova.com\/web\/wp-content\/uploads\/2025\/09\/image-11-768x427.png 768w\" sizes=\"auto, (max-width: 800px) 100vw, 800px\" \/><\/figure>\n\n\n\n<p class=\"is-style-text-subtitle\"><strong>Objetivo General<\/strong><\/p>\n\n\n\n<ul class=\"wp-block-list\">\n<li>Formar recursos humanos competentes para intervenir profesionalmente en proyectos, estrategias y acciones de generaci\u00f3n, transformaci\u00f3n y almacenamiento de energ\u00eda proveniente de fuentes renovables, as\u00ed como de uso eficiente de la energ\u00eda, en el marco de un desarrollo sustentable.<\/li>\n<\/ul>\n\n\n\n<p class=\"is-style-text-subtitle\"><strong>Perfil de Egreso<\/strong><\/p>\n\n\n\n<ul class=\"wp-block-list\">\n<li>Formular, evaluar y gestionar proyectos de desarrollo de ingenier\u00eda relacionados con gestionar las fuentes renovables de energ\u00eda, en el marco del desarrollo sustentable.<\/li>\n\n\n\n<li>Dise\u00f1ar e implementar estrategias para el uso eficiente de la energ\u00eda de transformaci\u00f3n y de servicios.<\/li>\n\n\n\n<li>Dise\u00f1ar, implementar y gestionar actividades de instalaci\u00f3n, operaci\u00f3n y mantenimiento de sistemas ingenieriles utilizados para la transformaci\u00f3n y almacenamiento de la energ\u00eda proveniente de fuentes renovables.<\/li>\n\n\n\n<li>Colaborar en proyectos de investigaci\u00f3n, desarrollo e innovaci\u00f3n tecnol\u00f3gicos, relacionados con la energ\u00eda proveniente de fuentes renovables.<\/li>\n\n\n\n<li>Identificar y evaluar el recurso energ\u00e9tico renovable disponible en el entorno.<\/li>\n\n\n\n<li>Ejercer actitudes emprendedoras y de liderazgo en la toma de decisiones en su \u00e1mbito profesional.<\/li>\n<\/ul>\n\n\n\n<h2 class=\"wp-block-heading\"><strong>Plan de Estudios<\/strong><\/h2>\n\n\n\n<p><strong>Primer semestre<\/strong><\/p>\n\n\n\n<ul class=\"wp-block-list\">\n<li>Qu\u00edmica<\/li>\n\n\n\n<li>Programaci\u00f3n<\/li>\n\n\n\n<li>C\u00e1lculo Diferencial<\/li>\n\n\n\n<li>Fundamentos de Investigaci\u00f3n<\/li>\n\n\n\n<li>Dibujo<\/li>\n\n\n\n<li>Fuentes Renovables de Energ\u00eda<\/li>\n<\/ul>\n\n\n\n<p><strong>Segundo semestre<\/strong><\/p>\n\n\n\n<ul class=\"wp-block-list\">\n<li>Bioqu\u00edmica<\/li>\n\n\n\n<li>Tecnolog\u00eda e Ingenier\u00eda de Materiales<\/li>\n\n\n\n<li>C\u00e1lculo Vectorial<\/li>\n\n\n\n<li>C\u00e1lculo Integral<\/li>\n\n\n\n<li>Taller de \u00c9tica<\/li>\n\n\n\n<li>Estad\u00edstica y Dise\u00f1o de Experimentos<\/li>\n<\/ul>\n\n\n\n<p><strong>Tercer semestre<\/strong><\/p>\n\n\n\n<ul class=\"wp-block-list\">\n<li>Microbiolog\u00eda<\/li>\n\n\n\n<li>Taller de Sistemas de Informaci\u00f3n Geogr\u00e1fica<\/li>\n\n\n\n<li>Electromagnetismo<\/li>\n\n\n\n<li>Est\u00e1tica y Din\u00e1mica<\/li>\n\n\n\n<li>\u00c1lgebra Lineal<\/li>\n\n\n\n<li>Metrolog\u00eda Mec\u00e1nica y El\u00e9ctrica<\/li>\n<\/ul>\n\n\n\n<p><strong>Cuarto semestre<\/strong><\/p>\n\n\n\n<ul class=\"wp-block-list\">\n<li>Resistencia de Materiales<\/li>\n\n\n\n<li>Termodin\u00e1mica<\/li>\n\n\n\n<li>Comportamiento Humano en las Organizaciones<\/li>\n\n\n\n<li>\u00d3ptica y Semiconductores<\/li>\n\n\n\n<li>Ecuaciones Diferenciales<\/li>\n\n\n\n<li>Circuitos El\u00e9ctricos I<\/li>\n<\/ul>\n\n\n\n<p><strong>Quinto semestre<\/strong><\/p>\n\n\n\n<ul class=\"wp-block-list\">\n<li>Biocombustibles<\/li>\n\n\n\n<li>Marco Jur\u00eddico en Gesti\u00f3n Energ\u00e9tica<\/li>\n\n\n\n<li>Desarrollo Sustentable<\/li>\n\n\n\n<li>Mec\u00e1nica de Fluidos<\/li>\n\n\n\n<li>Transferencia de Calor<\/li>\n\n\n\n<li>Circuitos El\u00e9ctricos II<\/li>\n<\/ul>\n\n\n\n<p><strong>Sexto semestre<\/strong><\/p>\n\n\n\n<ul class=\"wp-block-list\">\n<li>Taller de Investigaci\u00f3n I<\/li>\n\n\n\n<li>M\u00e1quinas El\u00e9ctricas<\/li>\n\n\n\n<li>M\u00e1quinas Hidr\u00e1ulicas<\/li>\n\n\n\n<li>Refrigeraci\u00f3n y Aire Acondicionado<\/li>\n\n\n\n<li>Instalaciones El\u00e9ctricas e Iluminaci\u00f3n<\/li>\n\n\n\n<li>Energ\u00eda E\u00f3lica<\/li>\n<\/ul>\n\n\n\n<p><strong>S\u00e9ptimo semestre<\/strong><\/p>\n\n\n\n<ul class=\"wp-block-list\">\n<li>Sistemas Solares Fotovoltaicos y T\u00e9rmicos<\/li>\n\n\n\n<li>Simulaci\u00f3n de Sistemas de Energ\u00edas Renovables<\/li>\n\n\n\n<li>Instrumentaci\u00f3n<\/li>\n\n\n\n<li>Sistemas T\u00e9rmicos<\/li>\n\n\n\n<li>Taller de Investigaci\u00f3n II<\/li>\n<\/ul>\n\n\n\n<p><strong>Octavo semestre<\/strong><\/p>\n\n\n\n<ul class=\"wp-block-list\">\n<li>Formulaci\u00f3n y Evaluaci\u00f3n de Proyectos de Energ\u00edas Renovables<\/li>\n\n\n\n<li>Administraci\u00f3n y T\u00e9cnicas de Conservaci\u00f3n<\/li>\n\n\n\n<li>Auditor\u00eda Energ\u00e9tica<\/li>\n\n\n\n<li>Gesti\u00f3n de Empresas de Energ\u00edas Renovables<\/li>\n<\/ul>\n\n\n\n<p><strong>Noveno semestre<\/strong><\/p>\n\n\n\n<ul class=\"wp-block-list\">\n<li>Materias de Especialidad<\/li>\n\n\n\n<li>Residencia profesional<\/li>\n<\/ul>\n\n\n\n<h2 class=\"wp-block-heading\">Ret\u00edcula<\/h2>\n\n\n\n<div data-wp-interactive=\"core\/file\" class=\"wp-block-file\"><object data-wp-bind--hidden=\"!state.hasPdfPreview\" hidden class=\"wp-block-file__embed\" data=\"https:\/\/tecmonclova.com\/web\/wp-content\/uploads\/2025\/10\/Reticula-Ingenieria-en-Energias-Renovables.pdf\" type=\"application\/pdf\" style=\"width:100%;height:666px\" aria-label=\"Incrustado de Reticula Ingenieria en Energias Renovables.\"><\/object><a id=\"wp-block-file--media-c7f28956-5c5c-4549-833b-858c58a1860a\" href=\"https:\/\/tecmonclova.com\/web\/wp-content\/uploads\/2025\/10\/Reticula-Ingenieria-en-Energias-Renovables.pdf\">Reticula Ingenieria en Energias Renovables<\/a><a href=\"https:\/\/tecmonclova.com\/web\/wp-content\/uploads\/2025\/10\/Reticula-Ingenieria-en-Energias-Renovables.pdf\" class=\"wp-block-file__button wp-element-button\" download aria-describedby=\"wp-block-file--media-c7f28956-5c5c-4549-833b-858c58a1860a\">Descarga<\/a><\/div>\n\n\n\n<p><\/p>\n","protected":false},"excerpt":{"rendered":"<p>Ingenier\u00eda en Energ\u00edas Renovables Objetivo General Perfil de Egreso Plan de Estudios Primer semestre Segundo semestre Tercer semestre Cuarto semestre Quinto semestre Sexto semestre S\u00e9ptimo semestre Octavo semestre Noveno semestre Ret\u00edcula<\/p>\n","protected":false},"author":1,"featured_media":0,"parent":0,"menu_order":0,"comment_status":"closed","ping_status":"closed","template":"","meta":{"footnotes":""},"class_list":["post-54","page","type-page","status-publish","hentry"],"_links":{"self":[{"href":"https:\/\/tecmonclova.com\/web\/wp-json\/wp\/v2\/pages\/54","targetHints":{"allow":["GET"]}}],"collection":[{"href":"https:\/\/tecmonclova.com\/web\/wp-json\/wp\/v2\/pages"}],"about":[{"href":"https:\/\/tecmonclova.com\/web\/wp-json\/wp\/v2\/types\/page"}],"author":[{"embeddable":true,"href":"https:\/\/tecmonclova.com\/web\/wp-json\/wp\/v2\/users\/1"}],"replies":[{"embeddable":true,"href":"https:\/\/tecmonclova.com\/web\/wp-json\/wp\/v2\/comments?post=54"}],"version-history":[{"count":8,"href":"https:\/\/tecmonclova.com\/web\/wp-json\/wp\/v2\/pages\/54\/revisions"}],"predecessor-version":[{"id":1058,"href":"https:\/\/tecmonclova.com\/web\/wp-json\/wp\/v2\/pages\/54\/revisions\/1058"}],"wp:attachment":[{"href":"https:\/\/tecmonclova.com\/web\/wp-json\/wp\/v2\/media?parent=54"}],"curies":[{"name":"wp","href":"https:\/\/api.w.org\/{rel}","templated":true}]}}