{"id":60,"date":"2025-09-23T17:16:13","date_gmt":"2025-09-23T17:16:13","guid":{"rendered":"https:\/\/tecmonclova.com\/web\/?page_id=60"},"modified":"2025-09-24T16:28:46","modified_gmt":"2025-09-24T16:28:46","slug":"maestria-en-ingenieria-industrial","status":"publish","type":"page","link":"https:\/\/tecmonclova.com\/web\/maestria-en-ingenieria-industrial\/","title":{"rendered":"Maestria en Ingenieria Industrial"},"content":{"rendered":"\n<h1 class=\"wp-block-heading has-x-large-font-size\">Maestria en Ingenieria Industrial<\/h1>\n\n\n\n<p><strong><u>Requisitos y antecedentes acad\u00e9micos de ingreso de los candidatos<\/u><\/strong><\/p>\n\n\n\n<ul class=\"wp-block-list\">\n<li>Grado de licenciatura obtenido.<\/li>\n\n\n\n<li>Experiencia profesional.<\/li>\n\n\n\n<li>Formaci\u00f3n en \u00e1reas afines a la ingenier\u00eda.<\/li>\n<\/ul>\n\n\n\n<p><strong><u>Objetivo general:<\/u><\/strong><\/p>\n\n\n\n<p>Formar profesionistas competitivos en el campo de la Ingenier\u00eda Industrial que coadyuven efectivamente en el desarrollo de la industria regional y nacional, a trav\u00e9s de la asistencia t\u00e9cnica, el desarrollo tecnol\u00f3gico y de la investigaci\u00f3n aplicada.<\/p>\n\n\n\n<p><strong><u>Objetivos espec\u00edficos<\/u><\/strong><\/p>\n\n\n\n<ul class=\"wp-block-list\">\n<li>Proporcionar al estudiante una s\u00f3lida y actualizada base te\u00f3rica en el \u00e1rea de Ingenier\u00eda Industrial.<\/li>\n\n\n\n<li>Proporcionar al estudiante las herramientas metodol\u00f3gicas necesarias para la resoluci\u00f3n de problemas complejos en su entorno laboral, relacionados con la Ingenier\u00eda Industrial.<\/li>\n\n\n\n<li>Desarrollar en el estudiante la capacidad anal\u00edtica requerida para la abstracci\u00f3n de los problemas de su entorno laboral relacionados con la Ingenier\u00eda Industrial.<\/li>\n\n\n\n<li>Desarrollar en el estudiante la capacidad de generaci\u00f3n de reportes t\u00e9cnicos y cient\u00edficos que describan la resoluci\u00f3n de una problem\u00e1tica real.<\/li>\n<\/ul>\n\n\n\n<p><strong><u>Perfil del Ingreso<\/u><\/strong><\/p>\n\n\n\n<ul class=\"wp-block-list\">\n<li>Contar con carrera af\u00edn al programa de asignaturas<\/li>\n\n\n\n<li>Deber\u00e1 tener definido el \u00e1rea de aplicaci\u00f3n personal del programa.<\/li>\n\n\n\n<li>Habilidades de lectura y comprensi\u00f3n de textos t\u00e9cnicos.<\/li>\n\n\n\n<li>Habilidades de liderazgo, trabajo en equipo, mejora continua, investigaci\u00f3n e innovaci\u00f3n.<\/li>\n\n\n\n<li>Conocimiento de matem\u00e1ticas universitarias.<\/li>\n\n\n\n<li>Conocimiento de estad\u00edstica descriptiva.<\/li>\n\n\n\n<li>Conocimiento b\u00e1sico de normalidad y metodolog\u00eda vigentes en el \u00e1rea de calidad e investigaci\u00f3n.<\/li>\n\n\n\n<li>Ingles<\/li>\n<\/ul>\n\n\n\n<p><strong><u>L\u00edneas de trabajo:<\/u><\/strong><\/p>\n\n\n\n<p>Optimizaci\u00f3n de procesos de Manufactura<\/p>\n\n\n\n<p>Manufactura Esbelta<\/p>\n\n\n\n<p>Optimizaci\u00f3n Avanzada<\/p>\n\n\n\n<p><strong><u>Metas del programa de estudios:<\/u><\/strong><\/p>\n\n\n\n<p>La meta del programa se basa en la generaci\u00f3n de un egresado capaz de ser un elemento clave dentro de la organizaci\u00f3n en que se desenvuelva, debido a la vocaci\u00f3n industrial de la regi\u00f3n, el programa aportar\u00e1 individuos capacitados en optimizaci\u00f3n de avanzada y de manufactura, al estar enfocada en proyectos con el sector productivo se fomenta el trabajo colaborativo entre industria y el programa en cuesti\u00f3n. Durante el inicio del programa se buscar\u00e1 fortalecer la planta docente y vinculaci\u00f3n con el sector productivo, ello ser\u00e1 la base de los trabajos de investigaci\u00f3n de nuestros alumnos y docentes asignados para ello.<\/p>\n\n\n\n<p><strong><u>Perfil del Egreso<\/u><\/strong><\/p>\n\n\n\n<ul class=\"wp-block-list\">\n<li>Obtendr\u00e1 un conocimiento actualizado y extenso de la ingenier\u00eda industrial y su aplicaci\u00f3n que le permita intervenir adecuadamente en el desarrollo tecnol\u00f3gico y administrativo de empresa de bienes y servicios.<\/li>\n\n\n\n<li>Generar\u00e1 el conocimiento de los principios y metodolog\u00edas que rigen a los procesos correspondientes a tecnolog\u00edas vigentes para su an\u00e1lisis y adaptaci\u00f3n.<\/li>\n\n\n\n<li>Desarrollar\u00e1 habilidades para analizar e identificar \u00e1reas susceptibles de innovaci\u00f3n dentro de los sistemas de manufactura y calidad.<\/li>\n\n\n\n<li>Obtendr\u00e1 los conocimientos y habilidades necesarias que le permitan desarrollar proyectos de investigaci\u00f3n aplicada y desarrollo tecnol\u00f3gico en el campo de la ingenier\u00eda industrial.<\/li>\n<\/ul>\n\n\n\n<p><strong><u>Requisitos para la obtenci\u00f3n del grado acad\u00e9mico<\/u><\/strong><\/p>\n\n\n\n<ul class=\"wp-block-list\">\n<li>Cursar y aprobar las asignaturas que marca el programa.<\/li>\n\n\n\n<li>Constancia de presentaci\u00f3n del TOEFL con un m\u00ednimo de 500 puntos.<\/li>\n\n\n\n<li>Desarrollo y presentaci\u00f3n de Tesis<\/li>\n<\/ul>\n","protected":false},"excerpt":{"rendered":"<p>Maestria en Ingenieria Industrial Requisitos y antecedentes acad\u00e9micos de ingreso de los candidatos Objetivo general: Formar profesionistas competitivos en el campo de la Ingenier\u00eda Industrial que coadyuven efectivamente en el desarrollo de la industria regional y nacional, a trav\u00e9s de la asistencia t\u00e9cnica, el desarrollo tecnol\u00f3gico y de la investigaci\u00f3n aplicada. Objetivos espec\u00edficos Perfil del [&hellip;]<\/p>\n","protected":false},"author":1,"featured_media":0,"parent":0,"menu_order":0,"comment_status":"closed","ping_status":"closed","template":"","meta":{"footnotes":""},"class_list":["post-60","page","type-page","status-publish","hentry"],"_links":{"self":[{"href":"https:\/\/tecmonclova.com\/web\/wp-json\/wp\/v2\/pages\/60","targetHints":{"allow":["GET"]}}],"collection":[{"href":"https:\/\/tecmonclova.com\/web\/wp-json\/wp\/v2\/pages"}],"about":[{"href":"https:\/\/tecmonclova.com\/web\/wp-json\/wp\/v2\/types\/page"}],"author":[{"embeddable":true,"href":"https:\/\/tecmonclova.com\/web\/wp-json\/wp\/v2\/users\/1"}],"replies":[{"embeddable":true,"href":"https:\/\/tecmonclova.com\/web\/wp-json\/wp\/v2\/comments?post=60"}],"version-history":[{"count":2,"href":"https:\/\/tecmonclova.com\/web\/wp-json\/wp\/v2\/pages\/60\/revisions"}],"predecessor-version":[{"id":271,"href":"https:\/\/tecmonclova.com\/web\/wp-json\/wp\/v2\/pages\/60\/revisions\/271"}],"wp:attachment":[{"href":"https:\/\/tecmonclova.com\/web\/wp-json\/wp\/v2\/media?parent=60"}],"curies":[{"name":"wp","href":"https:\/\/api.w.org\/{rel}","templated":true}]}}