{"id":63,"date":"2025-09-23T17:18:46","date_gmt":"2025-09-23T17:18:46","guid":{"rendered":"https:\/\/tecmonclova.com\/web\/?page_id=63"},"modified":"2025-09-24T16:29:34","modified_gmt":"2025-09-24T16:29:34","slug":"prodep-que-es","status":"publish","type":"page","link":"https:\/\/tecmonclova.com\/web\/prodep-que-es\/","title":{"rendered":"\u00bfQu\u00e9 es el PRODEP?"},"content":{"rendered":"\n<h1 class=\"wp-block-heading has-x-large-font-size\">\u00bfQu\u00e9 es el PRODEP?<\/h1>\n\n\n\n<p>El <strong>Programa para el Desarrollo Profesional Docente (PRODEP)<\/strong>, tiene como objetivo contribuir para que el personal docente y personal con funciones de direcci\u00f3n, de supervisi\u00f3n, de asesor\u00eda t\u00e9cnico-pedag\u00f3gica y cuerpos acad\u00e9micos accedan y\/o concluyan programas de formaci\u00f3n, actualizaci\u00f3n acad\u00e9mica, capacitaci\u00f3n<br>y\/o proyectos de investigaci\u00f3n para fortalecer el perfil necesario para el desempe\u00f1o de sus funciones.<br><\/p>\n\n\n\n<h2 class=\"wp-block-heading\">Para el Tipo Superior:<\/h2>\n\n\n\n<p>Profesionalizar a las\/los Profesores de Tiempo Completo, ofreciendo las mismas oportunidades a mujeres y<br>hombres para acceder a los apoyos que otorga el Programa, a fin de que alcancen las capacidades de<br>investigaci\u00f3n-docencia, desarrollo tecnol\u00f3gico e innovaci\u00f3n y con responsabilidad social; se articulen y<br>consoliden en Cuerpos Acad\u00e9micos y con ello generen una nueva comunidad acad\u00e9mica capaz de transformar<br>su entorno.<\/p>\n\n\n\n<h2 class=\"wp-block-heading\">Poblaci\u00f3n Objetivo del Programa:<\/h2>\n\n\n\n<p>El Programa est\u00e1 dirigido a los Profesores de Tiempo Completo (PTC) que pertenecen a los Institutos<br>Tecnol\u00f3gicos del TecNM (Federales y Descentralizados).<\/p>\n\n\n\n<div data-wp-interactive=\"core\/file\" class=\"wp-block-file\"><object data-wp-bind--hidden=\"!state.hasPdfPreview\" hidden class=\"wp-block-file__embed\" data=\"https:\/\/tecmonclova.com\/web\/wp-content\/uploads\/2025\/09\/QUE-ES-EL-S247-2025.pdf\" type=\"application\/pdf\" style=\"width:100%;height:600px\" aria-label=\"Incrustado de QUE-ES-EL-S247-2025.\"><\/object><a id=\"wp-block-file--media-17631296-e453-4fbb-8a29-0cd2d2b427d5\" href=\"https:\/\/tecmonclova.com\/web\/wp-content\/uploads\/2025\/09\/QUE-ES-EL-S247-2025.pdf\">QUE-ES-EL-S247-2025<\/a><a href=\"https:\/\/tecmonclova.com\/web\/wp-content\/uploads\/2025\/09\/QUE-ES-EL-S247-2025.pdf\" class=\"wp-block-file__button wp-element-button\" download aria-describedby=\"wp-block-file--media-17631296-e453-4fbb-8a29-0cd2d2b427d5\">Descarga<\/a><\/div>\n","protected":false},"excerpt":{"rendered":"<p>\u00bfQu\u00e9 es el PRODEP? El Programa para el Desarrollo Profesional Docente (PRODEP), tiene como objetivo contribuir para que el personal docente y personal con funciones de direcci\u00f3n, de supervisi\u00f3n, de asesor\u00eda t\u00e9cnico-pedag\u00f3gica y cuerpos acad\u00e9micos accedan y\/o concluyan programas de formaci\u00f3n, actualizaci\u00f3n acad\u00e9mica, capacitaci\u00f3ny\/o proyectos de investigaci\u00f3n para fortalecer el perfil necesario para el desempe\u00f1o [&hellip;]<\/p>\n","protected":false},"author":1,"featured_media":0,"parent":0,"menu_order":0,"comment_status":"closed","ping_status":"closed","template":"","meta":{"footnotes":""},"class_list":["post-63","page","type-page","status-publish","hentry"],"_links":{"self":[{"href":"https:\/\/tecmonclova.com\/web\/wp-json\/wp\/v2\/pages\/63","targetHints":{"allow":["GET"]}}],"collection":[{"href":"https:\/\/tecmonclova.com\/web\/wp-json\/wp\/v2\/pages"}],"about":[{"href":"https:\/\/tecmonclova.com\/web\/wp-json\/wp\/v2\/types\/page"}],"author":[{"embeddable":true,"href":"https:\/\/tecmonclova.com\/web\/wp-json\/wp\/v2\/users\/1"}],"replies":[{"embeddable":true,"href":"https:\/\/tecmonclova.com\/web\/wp-json\/wp\/v2\/comments?post=63"}],"version-history":[{"count":6,"href":"https:\/\/tecmonclova.com\/web\/wp-json\/wp\/v2\/pages\/63\/revisions"}],"predecessor-version":[{"id":273,"href":"https:\/\/tecmonclova.com\/web\/wp-json\/wp\/v2\/pages\/63\/revisions\/273"}],"wp:attachment":[{"href":"https:\/\/tecmonclova.com\/web\/wp-json\/wp\/v2\/media?parent=63"}],"curies":[{"name":"wp","href":"https:\/\/api.w.org\/{rel}","templated":true}]}}