{"id":662,"date":"2025-10-02T19:49:47","date_gmt":"2025-10-02T19:49:47","guid":{"rendered":"https:\/\/tecmonclova.com\/web\/?page_id=662"},"modified":"2025-10-02T19:49:47","modified_gmt":"2025-10-02T19:49:47","slug":"titulacion","status":"publish","type":"page","link":"https:\/\/tecmonclova.com\/web\/titulacion\/","title":{"rendered":"Titulaci\u00f3n"},"content":{"rendered":"\n<h1 class=\"wp-block-heading has-x-large-font-size\">Titulaci\u00f3n<\/h1>\n\n\n<div class=\"wp-block-image\">\n<figure class=\"alignright size-full\"><img loading=\"lazy\" decoding=\"async\" width=\"300\" height=\"134\" src=\"https:\/\/tecmonclova.com\/web\/wp-content\/uploads\/2025\/10\/image-2.png\" alt=\"\" class=\"wp-image-663\"\/><\/figure>\n<\/div>\n\n\n<p>Para realizar este tr\u00e1mite es indispensable haber aprobado alguna de las opciones de titulaci\u00f3n.<\/p>\n\n\n\n<p>(Acudir a la Divisi\u00f3n de Estudios Profesionales para m\u00e1s informaci\u00f3n.)<\/p>\n\n\n\n<p>Dadas las nuevas disposiciones emitidas por la Direcci\u00f3n General de Profesiones, se acuerda que el procedimiento para el tr\u00e1mite administrativo de Titulaci\u00f3n se cambiar\u00e1 a partir de la fecha, quedando de la siguiente forma:<\/p>\n\n\n\n<p>Paso 1 \u2013 Revisi\u00f3n de documentos en la divisi\u00f3n de servicios escolares<\/p>\n\n\n\n<p>Estar en la Relaci\u00f3n de Titulados emitida por la Divisi\u00f3n de Estudios Profesionales.<br><br>Acta de nacimiento reciente.<br><br>Certificado de bachillerato (Con carta de autenticidad del mismo)<br><br>Fotos<\/p>\n\n\n\n<p>Paso 2.- Pago en caja<\/p>\n\n\n\n<p>Paso 3.-\u00a0 Entrega de recibo en la Divisi\u00f3n de Servicios Escolares<\/p>\n\n\n\n<p>Paso 4 .- Tr\u00e1mite de legalizaci\u00f3n del T\u00edtulo Profesional\u00a0 en la Subsecretar\u00eda de Educaci\u00f3n Media y Superior de la SEDU.<\/p>\n\n\n\n<h3 class=\"wp-block-heading\">C\u00e9dula Profesional<\/h3>\n\n\n<div class=\"wp-block-image\">\n<figure class=\"alignright is-resized\"><img decoding=\"async\" src=\"https:\/\/tecmonclova.com\/sitio\/wp-content\/uploads\/2019\/10\/cedula.png\" alt=\"\" class=\"wp-image-1268\" style=\"width:158px;height:auto\"\/><\/figure>\n<\/div>\n\n\n<p>Es el documento de Identificaci\u00f3n oficial que acredita al profesionista para ejercer libre y con efectos de patente la profesi\u00f3n a que pertenezca en los niveles de Licenciatura y Maestr\u00eda.<\/p>\n\n\n\n<p>Una vez concluido el tr\u00e1mite de legalizaci\u00f3n del T\u00edtulo, se realiza el tr\u00e1mite de C\u00e9dula Profesional en la Direcci\u00f3n Estatal de&nbsp; Profesiones.<\/p>\n\n\n\n<p>Para poder realizar este tr\u00e1mite, es necesario realizar una cita en la Divisi\u00f3n de Servicios Escolares del ITSM&nbsp; v\u00eda telef\u00f3nica&nbsp; (866) 6490375 \u00f3 (866) 6490370 ext. 121<\/p>\n\n\n\n<p>Se requieren lo siguiente:<\/p>\n\n\n\n<p>Llenar formato de solicitud del tr\u00e1mite de C\u00e9dula en Servicios Escolares<\/p>\n\n\n\n<p>CURP (Formato nuevo con c\u00f3digo QR)<\/p>\n\n\n\n<p>Copia de identificaci\u00f3n oficial INE<\/p>\n\n\n\n<p>Dos fotograf\u00edas recientes, de frente en&nbsp; tama\u00f1o infantil a color con fondo blanco, en papel mate y con retoque.<\/p>\n\n\n\n<p>Pago de derechos estatales, con la cuota vigente al momento de presentar la solicitud. El pago se puede realizar en Banamex o Banorte (el formato&nbsp; de pago se proporciona en Servicios Escolares).<\/p>\n","protected":false},"excerpt":{"rendered":"<p>Titulaci\u00f3n Para realizar este tr\u00e1mite es indispensable haber aprobado alguna de las opciones de titulaci\u00f3n. (Acudir a la Divisi\u00f3n de Estudios Profesionales para m\u00e1s informaci\u00f3n.) Dadas las nuevas disposiciones emitidas por la Direcci\u00f3n General de Profesiones, se acuerda que el procedimiento para el tr\u00e1mite administrativo de Titulaci\u00f3n se cambiar\u00e1 a partir de la fecha, quedando [&hellip;]<\/p>\n","protected":false},"author":1,"featured_media":0,"parent":0,"menu_order":0,"comment_status":"closed","ping_status":"closed","template":"","meta":{"footnotes":""},"class_list":["post-662","page","type-page","status-publish","hentry"],"_links":{"self":[{"href":"https:\/\/tecmonclova.com\/web\/wp-json\/wp\/v2\/pages\/662","targetHints":{"allow":["GET"]}}],"collection":[{"href":"https:\/\/tecmonclova.com\/web\/wp-json\/wp\/v2\/pages"}],"about":[{"href":"https:\/\/tecmonclova.com\/web\/wp-json\/wp\/v2\/types\/page"}],"author":[{"embeddable":true,"href":"https:\/\/tecmonclova.com\/web\/wp-json\/wp\/v2\/users\/1"}],"replies":[{"embeddable":true,"href":"https:\/\/tecmonclova.com\/web\/wp-json\/wp\/v2\/comments?post=662"}],"version-history":[{"count":1,"href":"https:\/\/tecmonclova.com\/web\/wp-json\/wp\/v2\/pages\/662\/revisions"}],"predecessor-version":[{"id":665,"href":"https:\/\/tecmonclova.com\/web\/wp-json\/wp\/v2\/pages\/662\/revisions\/665"}],"wp:attachment":[{"href":"https:\/\/tecmonclova.com\/web\/wp-json\/wp\/v2\/media?parent=662"}],"curies":[{"name":"wp","href":"https:\/\/api.w.org\/{rel}","templated":true}]}}