{"id":670,"date":"2025-10-02T19:54:59","date_gmt":"2025-10-02T19:54:59","guid":{"rendered":"https:\/\/tecmonclova.com\/web\/?page_id=670"},"modified":"2025-10-02T19:54:59","modified_gmt":"2025-10-02T19:54:59","slug":"bolsa-de-trabajo","status":"publish","type":"page","link":"https:\/\/tecmonclova.com\/web\/bolsa-de-trabajo\/","title":{"rendered":"Bolsa de trabajo"},"content":{"rendered":"\n<h1 class=\"wp-block-heading has-x-large-font-size\">Bolsa de trabajo<\/h1>\n\n\n<div class=\"wp-block-image\">\n<figure class=\"alignleft\"><img decoding=\"async\" src=\"https:\/\/tecmonclova.com\/sitio\/wp-content\/uploads\/2019\/10\/bolsa_t-1.png\" alt=\"\" class=\"wp-image-1286\"\/><\/figure>\n<\/div>\n\n\n<p>En el Tecnol\u00f3gico Nacional de M\u00e9xico, nos esforzamos cada d\u00eda por brindarte un mejor servicio. Este v\u00ednculo con&nbsp;<strong>OCCMundial.com<\/strong>&nbsp;es muestra de ello.<\/p>\n\n\n\n<p>Hemos firmado un Acuerdo de Colaboraci\u00f3n con este importante portal de empleo para desarrollar conjuntamente tu nueva bolsa de trabajo en l\u00ednea.<\/p>\n\n\n\n<p>Obt\u00e9n tus claves de acceso y sube tu curr\u00edculum vitae para que tu perfil laboral se encuentre activo y a la vista de 30,000 empresas de todo el pa\u00eds. Adem\u00e1s podr\u00e1s consultar y postularte a vacantes exclusivas para tu comunidad universitaria, as\u00ed como a las vacantes publicadas en&nbsp;<strong>OCCMundial.com<\/strong>&nbsp;\u201cEl sitio l\u00edder para encontrar empleo a cualquier nivel\u201d.<\/p>\n\n\n\n<p>\u00a1Todo esto desde tu nueva bolsa de trabajo en l\u00ednea!<\/p>\n\n\n\n<p>Nota: Si ya eres usuario de&nbsp;<strong>OCCMundial.com<\/strong>&nbsp;tan solo debes ingresar con tus claves de acceso desde \u00e9ste sitio para comenzar a disfrutar ahora mismo de sus beneficios.<\/p>\n\n\n\n<p>\u00a1B I E N V E N I D O S!<\/p>\n","protected":false},"excerpt":{"rendered":"<p>Bolsa de trabajo En el Tecnol\u00f3gico Nacional de M\u00e9xico, nos esforzamos cada d\u00eda por brindarte un mejor servicio. Este v\u00ednculo con&nbsp;OCCMundial.com&nbsp;es muestra de ello. Hemos firmado un Acuerdo de Colaboraci\u00f3n con este importante portal de empleo para desarrollar conjuntamente tu nueva bolsa de trabajo en l\u00ednea. Obt\u00e9n tus claves de acceso y sube tu curr\u00edculum [&hellip;]<\/p>\n","protected":false},"author":1,"featured_media":0,"parent":0,"menu_order":0,"comment_status":"closed","ping_status":"closed","template":"","meta":{"footnotes":""},"class_list":["post-670","page","type-page","status-publish","hentry"],"_links":{"self":[{"href":"https:\/\/tecmonclova.com\/web\/wp-json\/wp\/v2\/pages\/670","targetHints":{"allow":["GET"]}}],"collection":[{"href":"https:\/\/tecmonclova.com\/web\/wp-json\/wp\/v2\/pages"}],"about":[{"href":"https:\/\/tecmonclova.com\/web\/wp-json\/wp\/v2\/types\/page"}],"author":[{"embeddable":true,"href":"https:\/\/tecmonclova.com\/web\/wp-json\/wp\/v2\/users\/1"}],"replies":[{"embeddable":true,"href":"https:\/\/tecmonclova.com\/web\/wp-json\/wp\/v2\/comments?post=670"}],"version-history":[{"count":1,"href":"https:\/\/tecmonclova.com\/web\/wp-json\/wp\/v2\/pages\/670\/revisions"}],"predecessor-version":[{"id":672,"href":"https:\/\/tecmonclova.com\/web\/wp-json\/wp\/v2\/pages\/670\/revisions\/672"}],"wp:attachment":[{"href":"https:\/\/tecmonclova.com\/web\/wp-json\/wp\/v2\/media?parent=670"}],"curies":[{"name":"wp","href":"https:\/\/api.w.org\/{rel}","templated":true}]}}