{"id":673,"date":"2025-10-02T19:57:13","date_gmt":"2025-10-02T19:57:13","guid":{"rendered":"https:\/\/tecmonclova.com\/web\/?page_id=673"},"modified":"2025-10-02T19:57:13","modified_gmt":"2025-10-02T19:57:13","slug":"biblioteca-y-revistas-digitales","status":"publish","type":"page","link":"https:\/\/tecmonclova.com\/web\/biblioteca-y-revistas-digitales\/","title":{"rendered":"Biblioteca y revistas digitales"},"content":{"rendered":"\n<h1 class=\"wp-block-heading has-x-large-font-size\">Biblioteca y revistas digitales<\/h1>\n\n\n\n<p>La Biblioteca del Instituto Tecnol\u00f3gico Superior de Monclova tiene como objetivo brindar&nbsp; servicios que satisfagan las necesidades de informaci\u00f3n&nbsp; para la formaci\u00f3n acad\u00e9mica&nbsp; y de investigaci\u00f3n de alumnos, maestros y personal del instituto.<\/p>\n\n\n\n<p><strong>Para esto cuenta con los siguientes recursos&nbsp; y servicios.<\/strong><\/p>\n\n\n<div class=\"wp-block-image\">\n<figure class=\"alignleft is-resized\"><img decoding=\"async\" src=\"https:\/\/tecmonclova.com\/sitio\/wp-content\/uploads\/2019\/10\/Biblioteca-300x300.png\" alt=\"\" class=\"wp-image-1293\" style=\"width:196px;height:auto\"\/><\/figure>\n<\/div>\n\n\n<ul class=\"wp-block-list\">\n<li><strong>M\u00e1s de 4,000 vol\u00famenes.<\/strong><\/li>\n\n\n\n<li><strong>13 t\u00edtulos de Publicaciones peri\u00f3dicas impresas.<\/strong><\/li>\n\n\n\n<li><strong>Publicaciones peri\u00f3dicas electr\u00f3nicas de \u00e1reas afines a las carreras.<\/strong><\/li>\n\n\n\n<li><strong>Bases de datos EBSCO.<\/strong><\/li>\n\n\n\n<li><strong>Pr\u00e9stamo Interno y Externo de vol\u00famenes.<\/strong><\/li>\n\n\n\n<li><strong>Consulta, asesor\u00eda en b\u00fasquedas de informaci\u00f3n.<\/strong><\/li>\n\n\n\n<li><strong>Uso de computadoras con acceso a Internet.<\/strong><\/li>\n<\/ul>\n","protected":false},"excerpt":{"rendered":"<p>Biblioteca y revistas digitales La Biblioteca del Instituto Tecnol\u00f3gico Superior de Monclova tiene como objetivo brindar&nbsp; servicios que satisfagan las necesidades de informaci\u00f3n&nbsp; para la formaci\u00f3n acad\u00e9mica&nbsp; y de investigaci\u00f3n de alumnos, maestros y personal del instituto. Para esto cuenta con los siguientes recursos&nbsp; y servicios.<\/p>\n","protected":false},"author":1,"featured_media":0,"parent":0,"menu_order":0,"comment_status":"closed","ping_status":"closed","template":"","meta":{"footnotes":""},"class_list":["post-673","page","type-page","status-publish","hentry"],"_links":{"self":[{"href":"https:\/\/tecmonclova.com\/web\/wp-json\/wp\/v2\/pages\/673","targetHints":{"allow":["GET"]}}],"collection":[{"href":"https:\/\/tecmonclova.com\/web\/wp-json\/wp\/v2\/pages"}],"about":[{"href":"https:\/\/tecmonclova.com\/web\/wp-json\/wp\/v2\/types\/page"}],"author":[{"embeddable":true,"href":"https:\/\/tecmonclova.com\/web\/wp-json\/wp\/v2\/users\/1"}],"replies":[{"embeddable":true,"href":"https:\/\/tecmonclova.com\/web\/wp-json\/wp\/v2\/comments?post=673"}],"version-history":[{"count":1,"href":"https:\/\/tecmonclova.com\/web\/wp-json\/wp\/v2\/pages\/673\/revisions"}],"predecessor-version":[{"id":675,"href":"https:\/\/tecmonclova.com\/web\/wp-json\/wp\/v2\/pages\/673\/revisions\/675"}],"wp:attachment":[{"href":"https:\/\/tecmonclova.com\/web\/wp-json\/wp\/v2\/media?parent=673"}],"curies":[{"name":"wp","href":"https:\/\/api.w.org\/{rel}","templated":true}]}}