{"id":75,"date":"2025-09-23T17:21:57","date_gmt":"2025-09-23T17:21:57","guid":{"rendered":"https:\/\/tecmonclova.com\/web\/?page_id=75"},"modified":"2025-09-24T16:33:54","modified_gmt":"2025-09-24T16:33:54","slug":"contraloria-social","status":"publish","type":"page","link":"https:\/\/tecmonclova.com\/web\/contraloria-social\/","title":{"rendered":"Controlar\u00eda social"},"content":{"rendered":"\n<h1 class=\"wp-block-heading has-x-large-font-size\">Contralor\u00eda social<\/h1>\n\n\n\n<figure class=\"wp-block-image size-full\"><img loading=\"lazy\" decoding=\"async\" width=\"934\" height=\"496\" src=\"https:\/\/tecmonclova.com\/web\/wp-content\/uploads\/2025\/09\/image-14.png\" alt=\"\" class=\"wp-image-77\" srcset=\"https:\/\/tecmonclova.com\/web\/wp-content\/uploads\/2025\/09\/image-14.png 934w, https:\/\/tecmonclova.com\/web\/wp-content\/uploads\/2025\/09\/image-14-300x159.png 300w, https:\/\/tecmonclova.com\/web\/wp-content\/uploads\/2025\/09\/image-14-768x408.png 768w\" sizes=\"auto, (max-width: 934px) 100vw, 934px\" \/><\/figure>\n\n\n\n<h3 class=\"wp-block-heading is-style-default\"><a>\u00bfQu\u00e9 es la Social?<\/a><\/h3>\n\n\n\n<p>La Contralor\u00eda Social es un grupo de beneficiarios, que, de manera organizada, verificaran el cumplimiento de las metas y la correcta aplicaci\u00f3n de los recursos p\u00fablicos asignados al Programa PRODEP.<\/p>\n\n\n\n<h3 class=\"wp-block-heading is-style-default\"><a>\u00bfQu\u00e9 vigila la contralor\u00eda Social?<\/a><\/h3>\n\n\n\n<ul class=\"wp-block-list\">\n<li>Que se difunda la informaci\u00f3n suficiente, veraz y oportuna sobre la operaci\u00f3n del programa.<\/li>\n\n\n\n<li>Que los otorgamientos de los apoyos sean con calidad, calidez, eficiente, eficaz, oportuno y de manera transparente.<\/li>\n\n\n\n<li>Que las autoridades competentes brinden atenci\u00f3n a las quejas o denuncias, relacionadas al programa.<\/li>\n<\/ul>\n\n\n\n<h3 class=\"wp-block-heading is-style-default\"><a>\u00bfQu\u00e9 es un Comit\u00e9 de Contralor\u00eda Social?<\/a><\/h3>\n\n\n\n<p>Las formas de organizaci\u00f3n social constituidas por los beneficiarios referidas en el art\u00edculo 67 del Reglamento de la Ley General de Desarrollo Social, que llevan a cabo el seguimiento, supervisi\u00f3n y vigilancia de la ejecuci\u00f3n, cumplimiento de las metas y acciones comprometidas, as\u00ed como de la correcta aplicaci\u00f3n de los recursos asignados a los mismos.<\/p>\n\n\n\n<h3 class=\"wp-block-heading is-style-default\"><a>Objetivo de los Comit\u00e9s de Contralor\u00eda Social.<\/a><\/h3>\n\n\n\n<p>Colaborar en forma&nbsp;<strong>VOLUNTARIA ACTIVA&nbsp;<\/strong>y de manera representativa con organismos oficiales, seguimiento, supervisi\u00f3n y vigilancia de la ejecuci\u00f3n, cumplimiento de las metas y acciones comprometidas en el Programa, as\u00ed como de la correcta aplicaci\u00f3n de los recursos asignados.<s><\/s><\/p>\n\n\n\n<h3 class=\"wp-block-heading is-style-default\"><a>\u00bfCu\u00e1les son las funciones que deber\u00e1n de cumplir los Comit\u00e9s de Contralor\u00eda Social?<\/a><\/h3>\n\n\n\n<ul class=\"wp-block-list\">\n<li>Representar los intereses y actuar como grupo de enlace entre la comunidad, las autoridades locales y autoridades centrales.<\/li>\n\n\n\n<li>Vigilar el adecuado manejo de los recursos financieros y que cumplan con el objetivo para el que fueron otorgados.<\/li>\n\n\n\n<li>Capturar y canalizar las Quejas o Denuncias a las \u00e1reas correspondientes.<\/li>\n\n\n\n<li>Reportar cualquier anomal\u00eda que se presente durante el proceso de la ejecuci\u00f3n y culminaci\u00f3n de los recursos Financieros.<\/li>\n<\/ul>\n\n\n\n<h3 class=\"wp-block-heading is-style-default\">Medidas para promover la equidad de g\u00e9nero entre hombres y mujeres en la integraci\u00f3n de los Comit\u00e9s.<\/h3>\n\n\n\n<p>Dentro del Programa para el Desarrollo Profesional Docente (PRODEP) mismo que se rige por Reglas de operaciones emitidas por la Secretar\u00eda de Hacienda y Cr\u00e9dito P\u00fablico, donde menciona en el objetivo para el Tipo superior, \u201cProfesionalizar a las\/los PTC, ofreciendo las mismas oportunidades a mujeres y hombres para acceder a los apoyos que otorga el Programa, a fin de que alcancen las capacidades de investigaci\u00f3n-docencia, desarrollo tecnol\u00f3gico e innovaci\u00f3n y con responsabilidad social\u2026\u201d<\/p>\n\n\n\n<p>Por lo anterior, podemos mencionar que para la formaci\u00f3n de los comit\u00e9s deber\u00e1n de ser de manera equitativa.<\/p>\n","protected":false},"excerpt":{"rendered":"<p>Contralor\u00eda social \u00bfQu\u00e9 es la Social? La Contralor\u00eda Social es un grupo de beneficiarios, que, de manera organizada, verificaran el cumplimiento de las metas y la correcta aplicaci\u00f3n de los recursos p\u00fablicos asignados al Programa PRODEP. \u00bfQu\u00e9 vigila la contralor\u00eda Social? \u00bfQu\u00e9 es un Comit\u00e9 de Contralor\u00eda Social? Las formas de organizaci\u00f3n social constituidas por [&hellip;]<\/p>\n","protected":false},"author":1,"featured_media":0,"parent":0,"menu_order":0,"comment_status":"closed","ping_status":"closed","template":"","meta":{"footnotes":""},"class_list":["post-75","page","type-page","status-publish","hentry"],"_links":{"self":[{"href":"https:\/\/tecmonclova.com\/web\/wp-json\/wp\/v2\/pages\/75","targetHints":{"allow":["GET"]}}],"collection":[{"href":"https:\/\/tecmonclova.com\/web\/wp-json\/wp\/v2\/pages"}],"about":[{"href":"https:\/\/tecmonclova.com\/web\/wp-json\/wp\/v2\/types\/page"}],"author":[{"embeddable":true,"href":"https:\/\/tecmonclova.com\/web\/wp-json\/wp\/v2\/users\/1"}],"replies":[{"embeddable":true,"href":"https:\/\/tecmonclova.com\/web\/wp-json\/wp\/v2\/comments?post=75"}],"version-history":[{"count":7,"href":"https:\/\/tecmonclova.com\/web\/wp-json\/wp\/v2\/pages\/75\/revisions"}],"predecessor-version":[{"id":280,"href":"https:\/\/tecmonclova.com\/web\/wp-json\/wp\/v2\/pages\/75\/revisions\/280"}],"wp:attachment":[{"href":"https:\/\/tecmonclova.com\/web\/wp-json\/wp\/v2\/media?parent=75"}],"curies":[{"name":"wp","href":"https:\/\/api.w.org\/{rel}","templated":true}]}}