{"id":795,"date":"2025-10-08T15:49:07","date_gmt":"2025-10-08T15:49:07","guid":{"rendered":"https:\/\/tecmonclova.com\/web\/?page_id=795"},"modified":"2026-03-06T01:07:14","modified_gmt":"2026-03-06T01:07:14","slug":"inicio","status":"publish","type":"page","link":"https:\/\/tecmonclova.com\/web\/","title":{"rendered":"Inicio"},"content":{"rendered":"\n<figure class=\"wp-block-image size-full\"><img loading=\"lazy\" decoding=\"async\" width=\"2560\" height=\"949\" src=\"https:\/\/tecmonclova.com\/web\/wp-content\/uploads\/2026\/01\/image-5-scaled.png\" alt=\"\" class=\"wp-image-995\" srcset=\"https:\/\/tecmonclova.com\/web\/wp-content\/uploads\/2026\/01\/image-5-scaled.png 2560w, https:\/\/tecmonclova.com\/web\/wp-content\/uploads\/2026\/01\/image-5-300x111.png 300w, https:\/\/tecmonclova.com\/web\/wp-content\/uploads\/2026\/01\/image-5-1024x380.png 1024w, https:\/\/tecmonclova.com\/web\/wp-content\/uploads\/2026\/01\/image-5-768x285.png 768w, https:\/\/tecmonclova.com\/web\/wp-content\/uploads\/2026\/01\/image-5-1536x569.png 1536w, https:\/\/tecmonclova.com\/web\/wp-content\/uploads\/2026\/01\/image-5-2048x759.png 2048w\" sizes=\"auto, (max-width: 2560px) 100vw, 2560px\" \/><\/figure>\n\n\n\n<figure class=\"wp-block-image alignwide size-large\"><img loading=\"lazy\" decoding=\"async\" width=\"1024\" height=\"681\" src=\"https:\/\/tecmonclova.com\/web\/wp-content\/uploads\/2026\/03\/dia-mundial-de-la-naturaleza-1024x681.png\" alt=\"\" class=\"wp-image-1113\" srcset=\"https:\/\/tecmonclova.com\/web\/wp-content\/uploads\/2026\/03\/dia-mundial-de-la-naturaleza-1024x681.png 1024w, https:\/\/tecmonclova.com\/web\/wp-content\/uploads\/2026\/03\/dia-mundial-de-la-naturaleza-300x200.png 300w, https:\/\/tecmonclova.com\/web\/wp-content\/uploads\/2026\/03\/dia-mundial-de-la-naturaleza-768x511.png 768w, https:\/\/tecmonclova.com\/web\/wp-content\/uploads\/2026\/03\/dia-mundial-de-la-naturaleza.png 1291w\" sizes=\"auto, (max-width: 1024px) 100vw, 1024px\" \/><\/figure>\n\n\n\n<h4 class=\"wp-block-heading has-text-align-center has-ast-global-color-5-background-color has-background has-x-large-font-size\" style=\"padding-top:0;padding-right:0;padding-bottom:0;padding-left:0\"><strong>Ultimas noticias<\/strong><\/h4>\n\n\n<ul class=\"wp-block-latest-posts__list is-grid columns-3 has-dates wp-block-latest-posts\"><li><div class=\"wp-block-latest-posts__featured-image aligncenter\"><img loading=\"lazy\" decoding=\"async\" width=\"300\" height=\"300\" src=\"https:\/\/tecmonclova.com\/web\/wp-content\/uploads\/2026\/04\/image-300x300.png\" class=\"attachment-medium size-medium wp-post-image\" alt=\"\" style=\"max-width:300px;max-height:300px;\" srcset=\"https:\/\/tecmonclova.com\/web\/wp-content\/uploads\/2026\/04\/image-300x300.png 300w, https:\/\/tecmonclova.com\/web\/wp-content\/uploads\/2026\/04\/image-150x150.png 150w, https:\/\/tecmonclova.com\/web\/wp-content\/uploads\/2026\/04\/image.png 526w\" sizes=\"auto, (max-width: 300px) 100vw, 300px\" \/><\/div><a class=\"wp-block-latest-posts__post-title\" href=\"https:\/\/tecmonclova.com\/web\/2026\/04\/02\/webinar-en-pro-del-cuidado-de-nuestro-medio-ambiente\/\">WEBINAR en pro del cuidado de nuestro medio ambiente<\/a><time datetime=\"2026-04-02T02:23:35+00:00\" class=\"wp-block-latest-posts__post-date\">abril 2, 2026<\/time><\/li>\n<li><div class=\"wp-block-latest-posts__featured-image aligncenter\"><img loading=\"lazy\" decoding=\"async\" width=\"300\" height=\"94\" src=\"https:\/\/tecmonclova.com\/web\/wp-content\/uploads\/2026\/02\/02-febrero-Slider.jpg-300x94.jpeg\" class=\"attachment-medium size-medium wp-post-image\" alt=\"\" style=\"max-width:300px;max-height:300px;\" srcset=\"https:\/\/tecmonclova.com\/web\/wp-content\/uploads\/2026\/02\/02-febrero-Slider.jpg-300x94.jpeg 300w, https:\/\/tecmonclova.com\/web\/wp-content\/uploads\/2026\/02\/02-febrero-Slider.jpg-1024x320.jpeg 1024w, https:\/\/tecmonclova.com\/web\/wp-content\/uploads\/2026\/02\/02-febrero-Slider.jpg-768x240.jpeg 768w, https:\/\/tecmonclova.com\/web\/wp-content\/uploads\/2026\/02\/02-febrero-Slider.jpg-1536x480.jpeg 1536w, https:\/\/tecmonclova.com\/web\/wp-content\/uploads\/2026\/02\/02-febrero-Slider.jpg.jpeg 1920w\" sizes=\"auto, (max-width: 300px) 100vw, 300px\" \/><\/div><a class=\"wp-block-latest-posts__post-title\" href=\"https:\/\/tecmonclova.com\/web\/2026\/02\/02\/dia-mundial-de-los-humedales\/\">Dia mundial de los humedales<\/a><time datetime=\"2026-02-02T19:57:28+00:00\" class=\"wp-block-latest-posts__post-date\">febrero 2, 2026<\/time><\/li>\n<li><div class=\"wp-block-latest-posts__featured-image aligncenter\"><img loading=\"lazy\" decoding=\"async\" width=\"300\" height=\"225\" src=\"https:\/\/tecmonclova.com\/web\/wp-content\/uploads\/2026\/02\/image-2-300x225.png\" class=\"attachment-medium size-medium wp-post-image\" alt=\"\" style=\"max-width:300px;max-height:300px;\" srcset=\"https:\/\/tecmonclova.com\/web\/wp-content\/uploads\/2026\/02\/image-2-300x225.png 300w, https:\/\/tecmonclova.com\/web\/wp-content\/uploads\/2026\/02\/image-2-1024x769.png 1024w, https:\/\/tecmonclova.com\/web\/wp-content\/uploads\/2026\/02\/image-2-768x577.png 768w, https:\/\/tecmonclova.com\/web\/wp-content\/uploads\/2026\/02\/image-2-1536x1154.png 1536w, https:\/\/tecmonclova.com\/web\/wp-content\/uploads\/2026\/02\/image-2.png 2048w\" sizes=\"auto, (max-width: 300px) 100vw, 300px\" \/><\/div><a class=\"wp-block-latest-posts__post-title\" href=\"https:\/\/tecmonclova.com\/web\/2026\/01\/26\/fortaleciendo-la-infraestructura-tecnologica\/\">Fortaleciendo la infraestructura tecnol\u00f3gica<\/a><time datetime=\"2026-01-26T18:17:00+00:00\" class=\"wp-block-latest-posts__post-date\">enero 26, 2026<\/time><\/li>\n<li><div class=\"wp-block-latest-posts__featured-image aligncenter\"><img loading=\"lazy\" decoding=\"async\" width=\"300\" height=\"225\" src=\"https:\/\/tecmonclova.com\/web\/wp-content\/uploads\/2026\/02\/image-1-300x225.png\" class=\"attachment-medium size-medium wp-post-image\" alt=\"\" style=\"max-width:300px;max-height:300px;\" srcset=\"https:\/\/tecmonclova.com\/web\/wp-content\/uploads\/2026\/02\/image-1-300x225.png 300w, https:\/\/tecmonclova.com\/web\/wp-content\/uploads\/2026\/02\/image-1-1024x768.png 1024w, https:\/\/tecmonclova.com\/web\/wp-content\/uploads\/2026\/02\/image-1-768x576.png 768w, https:\/\/tecmonclova.com\/web\/wp-content\/uploads\/2026\/02\/image-1-1536x1152.png 1536w, https:\/\/tecmonclova.com\/web\/wp-content\/uploads\/2026\/02\/image-1.png 1600w\" sizes=\"auto, (max-width: 300px) 100vw, 300px\" \/><\/div><a class=\"wp-block-latest-posts__post-title\" href=\"https:\/\/tecmonclova.com\/web\/2026\/01\/24\/reunion-nacional-de-directores-del-tecnologico-nacional-de-mexico\/\">Reuni\u00f3n Nacional de Directores del Tecnol\u00f3gico Nacional de M\u00e9xico<\/a><time datetime=\"2026-01-24T18:02:00+00:00\" class=\"wp-block-latest-posts__post-date\">enero 24, 2026<\/time><\/li>\n<li><div class=\"wp-block-latest-posts__featured-image aligncenter\"><img loading=\"lazy\" decoding=\"async\" width=\"300\" height=\"177\" src=\"https:\/\/tecmonclova.com\/web\/wp-content\/uploads\/2026\/01\/Evaluacion-oficial-300x177.jpg\" class=\"attachment-medium size-medium wp-post-image\" alt=\"\" style=\"max-width:300px;max-height:300px;\" srcset=\"https:\/\/tecmonclova.com\/web\/wp-content\/uploads\/2026\/01\/Evaluacion-oficial-300x177.jpg 300w, https:\/\/tecmonclova.com\/web\/wp-content\/uploads\/2026\/01\/Evaluacion-oficial-1024x604.jpg 1024w, https:\/\/tecmonclova.com\/web\/wp-content\/uploads\/2026\/01\/Evaluacion-oficial-768x453.jpg 768w, https:\/\/tecmonclova.com\/web\/wp-content\/uploads\/2026\/01\/Evaluacion-oficial-1536x905.jpg 1536w, https:\/\/tecmonclova.com\/web\/wp-content\/uploads\/2026\/01\/Evaluacion-oficial.jpg 1654w\" sizes=\"auto, (max-width: 300px) 100vw, 300px\" \/><\/div><a class=\"wp-block-latest-posts__post-title\" href=\"https:\/\/tecmonclova.com\/web\/2026\/01\/08\/evaluacion-oficial\/\">Evaluaci\u00f3n oficial<\/a><time datetime=\"2026-01-08T08:18:00+00:00\" class=\"wp-block-latest-posts__post-date\">enero 8, 2026<\/time><\/li>\n<li><div class=\"wp-block-latest-posts__featured-image aligncenter\"><img loading=\"lazy\" decoding=\"async\" width=\"300\" height=\"169\" src=\"https:\/\/tecmonclova.com\/web\/wp-content\/uploads\/2025\/10\/557587664_1294264732745994_7524185936800946213_n-300x169.jpg\" class=\"attachment-medium size-medium wp-post-image\" alt=\"\" style=\"max-width:300px;max-height:300px;\" srcset=\"https:\/\/tecmonclova.com\/web\/wp-content\/uploads\/2025\/10\/557587664_1294264732745994_7524185936800946213_n-300x169.jpg 300w, https:\/\/tecmonclova.com\/web\/wp-content\/uploads\/2025\/10\/557587664_1294264732745994_7524185936800946213_n-1024x576.jpg 1024w, https:\/\/tecmonclova.com\/web\/wp-content\/uploads\/2025\/10\/557587664_1294264732745994_7524185936800946213_n-768x432.jpg 768w, https:\/\/tecmonclova.com\/web\/wp-content\/uploads\/2025\/10\/557587664_1294264732745994_7524185936800946213_n-1536x864.jpg 1536w, https:\/\/tecmonclova.com\/web\/wp-content\/uploads\/2025\/10\/557587664_1294264732745994_7524185936800946213_n.jpg 1600w\" sizes=\"auto, (max-width: 300px) 100vw, 300px\" \/><\/div><a class=\"wp-block-latest-posts__post-title\" href=\"https:\/\/tecmonclova.com\/web\/2025\/10\/06\/itsm-presente-en-el-nasa-space-apps-challenge-2025\/\">ITSM en el NASA Space Apps Challenge 2025.<\/a><time datetime=\"2025-10-06T11:07:00+00:00\" class=\"wp-block-latest-posts__post-date\">octubre 6, 2025<\/time><\/li>\n<li><div class=\"wp-block-latest-posts__featured-image aligncenter\"><img loading=\"lazy\" decoding=\"async\" width=\"300\" height=\"169\" src=\"https:\/\/tecmonclova.com\/web\/wp-content\/uploads\/2025\/10\/558840809_1294103129428821_7442439056803079408_n-1-300x169.jpg\" class=\"attachment-medium size-medium wp-post-image\" alt=\"\" style=\"max-width:300px;max-height:300px;\" srcset=\"https:\/\/tecmonclova.com\/web\/wp-content\/uploads\/2025\/10\/558840809_1294103129428821_7442439056803079408_n-1-300x169.jpg 300w, https:\/\/tecmonclova.com\/web\/wp-content\/uploads\/2025\/10\/558840809_1294103129428821_7442439056803079408_n-1-1024x576.jpg 1024w, https:\/\/tecmonclova.com\/web\/wp-content\/uploads\/2025\/10\/558840809_1294103129428821_7442439056803079408_n-1-768x432.jpg 768w, https:\/\/tecmonclova.com\/web\/wp-content\/uploads\/2025\/10\/558840809_1294103129428821_7442439056803079408_n-1.jpg 1112w\" sizes=\"auto, (max-width: 300px) 100vw, 300px\" \/><\/div><a class=\"wp-block-latest-posts__post-title\" href=\"https:\/\/tecmonclova.com\/web\/2025\/10\/06\/inicio-de-competencia-lobos2025\/\">Inicio de competencia Lobos2025<\/a><time datetime=\"2025-10-06T07:24:00+00:00\" class=\"wp-block-latest-posts__post-date\">octubre 6, 2025<\/time><\/li>\n<li><div class=\"wp-block-latest-posts__featured-image aligncenter\"><img loading=\"lazy\" decoding=\"async\" width=\"300\" height=\"169\" src=\"https:\/\/tecmonclova.com\/web\/wp-content\/uploads\/2025\/10\/558664423_1293405262831941_5980823335327310708_n-1-300x169.jpg\" class=\"attachment-medium size-medium wp-post-image\" alt=\"\" style=\"max-width:300px;max-height:300px;\" srcset=\"https:\/\/tecmonclova.com\/web\/wp-content\/uploads\/2025\/10\/558664423_1293405262831941_5980823335327310708_n-1-300x169.jpg 300w, https:\/\/tecmonclova.com\/web\/wp-content\/uploads\/2025\/10\/558664423_1293405262831941_5980823335327310708_n-1-1024x576.jpg 1024w, https:\/\/tecmonclova.com\/web\/wp-content\/uploads\/2025\/10\/558664423_1293405262831941_5980823335327310708_n-1-768x432.jpg 768w, https:\/\/tecmonclova.com\/web\/wp-content\/uploads\/2025\/10\/558664423_1293405262831941_5980823335327310708_n-1.jpg 1077w\" sizes=\"auto, (max-width: 300px) 100vw, 300px\" \/><\/div><a class=\"wp-block-latest-posts__post-title\" href=\"https:\/\/tecmonclova.com\/web\/2025\/10\/05\/inicio-la-copa-lobos-2025\/\">Inicio la Copa Lobos 2025<\/a><time datetime=\"2025-10-05T12:16:00+00:00\" class=\"wp-block-latest-posts__post-date\">octubre 5, 2025<\/time><\/li>\n<li><div class=\"wp-block-latest-posts__featured-image aligncenter\"><img loading=\"lazy\" decoding=\"async\" width=\"300\" height=\"169\" src=\"https:\/\/tecmonclova.com\/web\/wp-content\/uploads\/2025\/10\/03103-300x169.jpg\" class=\"attachment-medium size-medium wp-post-image\" alt=\"\" style=\"max-width:300px;max-height:300px;\" srcset=\"https:\/\/tecmonclova.com\/web\/wp-content\/uploads\/2025\/10\/03103-300x169.jpg 300w, https:\/\/tecmonclova.com\/web\/wp-content\/uploads\/2025\/10\/03103-1024x576.jpg 1024w, https:\/\/tecmonclova.com\/web\/wp-content\/uploads\/2025\/10\/03103-768x432.jpg 768w, https:\/\/tecmonclova.com\/web\/wp-content\/uploads\/2025\/10\/03103-1536x864.jpg 1536w, https:\/\/tecmonclova.com\/web\/wp-content\/uploads\/2025\/10\/03103.jpg 2048w\" sizes=\"auto, (max-width: 300px) 100vw, 300px\" \/><\/div><a class=\"wp-block-latest-posts__post-title\" href=\"https:\/\/tecmonclova.com\/web\/2025\/10\/03\/estudia-con-los-mejores\/\">\u00a1 ESTUDIA CON LOS MEJORES!<\/a><time datetime=\"2025-10-03T10:43:00+00:00\" class=\"wp-block-latest-posts__post-date\">octubre 3, 2025<\/time><\/li>\n<li><div class=\"wp-block-latest-posts__featured-image aligncenter\"><img loading=\"lazy\" decoding=\"async\" width=\"300\" height=\"169\" src=\"https:\/\/tecmonclova.com\/web\/wp-content\/uploads\/2025\/10\/03102-1-300x169.jpg\" class=\"attachment-medium size-medium wp-post-image\" alt=\"\" style=\"max-width:300px;max-height:300px;\" srcset=\"https:\/\/tecmonclova.com\/web\/wp-content\/uploads\/2025\/10\/03102-1-300x169.jpg 300w, https:\/\/tecmonclova.com\/web\/wp-content\/uploads\/2025\/10\/03102-1-1024x576.jpg 1024w, https:\/\/tecmonclova.com\/web\/wp-content\/uploads\/2025\/10\/03102-1-768x432.jpg 768w, https:\/\/tecmonclova.com\/web\/wp-content\/uploads\/2025\/10\/03102-1.jpg 1280w\" sizes=\"auto, (max-width: 300px) 100vw, 300px\" \/><\/div><a class=\"wp-block-latest-posts__post-title\" href=\"https:\/\/tecmonclova.com\/web\/2025\/10\/03\/un-entorno-digno\/\">Un entorno digno<\/a><time datetime=\"2025-10-03T09:20:00+00:00\" class=\"wp-block-latest-posts__post-date\">octubre 3, 2025<\/time><\/li>\n<li><div class=\"wp-block-latest-posts__featured-image aligncenter\"><img loading=\"lazy\" decoding=\"async\" width=\"300\" height=\"169\" src=\"https:\/\/tecmonclova.com\/web\/wp-content\/uploads\/2025\/10\/0210-300x169.jpg\" class=\"attachment-medium size-medium wp-post-image\" alt=\"\" style=\"max-width:300px;max-height:300px;\" srcset=\"https:\/\/tecmonclova.com\/web\/wp-content\/uploads\/2025\/10\/0210-300x169.jpg 300w, https:\/\/tecmonclova.com\/web\/wp-content\/uploads\/2025\/10\/0210-1024x576.jpg 1024w, https:\/\/tecmonclova.com\/web\/wp-content\/uploads\/2025\/10\/0210-768x432.jpg 768w, https:\/\/tecmonclova.com\/web\/wp-content\/uploads\/2025\/10\/0210.jpg 1210w\" sizes=\"auto, (max-width: 300px) 100vw, 300px\" \/><\/div><a class=\"wp-block-latest-posts__post-title\" href=\"https:\/\/tecmonclova.com\/web\/2025\/10\/01\/compromiso-y-solidaridad-en-itsm\/\">Compromiso y solidaridad en ITSM<\/a><time datetime=\"2025-10-01T14:00:00+00:00\" class=\"wp-block-latest-posts__post-date\">octubre 1, 2025<\/time><\/li>\n<li><div class=\"wp-block-latest-posts__featured-image aligncenter\"><img loading=\"lazy\" decoding=\"async\" width=\"300\" height=\"169\" src=\"https:\/\/tecmonclova.com\/web\/wp-content\/uploads\/2025\/10\/558026075_1288669383305529_5866961941308512207_n-300x169.jpg\" class=\"attachment-medium size-medium wp-post-image\" alt=\"\" style=\"max-width:300px;max-height:300px;\" srcset=\"https:\/\/tecmonclova.com\/web\/wp-content\/uploads\/2025\/10\/558026075_1288669383305529_5866961941308512207_n-300x169.jpg 300w, https:\/\/tecmonclova.com\/web\/wp-content\/uploads\/2025\/10\/558026075_1288669383305529_5866961941308512207_n-1024x576.jpg 1024w, https:\/\/tecmonclova.com\/web\/wp-content\/uploads\/2025\/10\/558026075_1288669383305529_5866961941308512207_n-768x432.jpg 768w, https:\/\/tecmonclova.com\/web\/wp-content\/uploads\/2025\/10\/558026075_1288669383305529_5866961941308512207_n-1536x864.jpg 1536w, https:\/\/tecmonclova.com\/web\/wp-content\/uploads\/2025\/10\/558026075_1288669383305529_5866961941308512207_n.jpg 1940w\" sizes=\"auto, (max-width: 300px) 100vw, 300px\" \/><\/div><a class=\"wp-block-latest-posts__post-title\" href=\"https:\/\/tecmonclova.com\/web\/2025\/09\/30\/60-becas-de-super-gutierrez-para-itsm\/\">60 Becas de S\u00faper Guti\u00e9rrez para ITSM<\/a><time datetime=\"2025-09-30T19:11:52+00:00\" class=\"wp-block-latest-posts__post-date\">septiembre 30, 2025<\/time><\/li>\n<\/ul>\n\n\n<div class=\"wp-block-group is-layout-grid wp-container-core-group-is-layout-baef362d wp-block-group-is-layout-grid\">\n<figure class=\"wp-block-embed is-type-wp-embed is-provider-incrustado wp-block-embed-incrustado\"><div class=\"wp-block-embed__wrapper\">\n<blockquote class=\"wp-embedded-content\" data-secret=\"UUQZZBktSh\"><a href=\"https:\/\/tecmonclova.com\/web\/convocatoria-de-desfile-de-modas-y-esculturas-con-material-reciclado\/\">Desfile de modas y esculturas con material reciclado<\/a><\/blockquote><iframe loading=\"lazy\" class=\"wp-embedded-content\" sandbox=\"allow-scripts\" security=\"restricted\" style=\"position: absolute; visibility: hidden;\" title=\"\u00abDesfile de modas y esculturas con material reciclado\u00bb \u2014 \" src=\"https:\/\/tecmonclova.com\/web\/convocatoria-de-desfile-de-modas-y-esculturas-con-material-reciclado\/embed\/#?secret=woQbVG2ORR#?secret=UUQZZBktSh\" data-secret=\"UUQZZBktSh\" width=\"500\" height=\"282\" frameborder=\"0\" marginwidth=\"0\" marginheight=\"0\" scrolling=\"no\"><\/iframe>\n<\/div><\/figure>\n\n\n\n<figure class=\"wp-block-embed alignleft is-type-wp-embed is-provider-incrustado wp-block-embed-incrustado\"><div class=\"wp-block-embed__wrapper\">\n<blockquote class=\"wp-embedded-content\" data-secret=\"4lKV2i97UW\"><a href=\"https:\/\/tecmonclova.com\/web\/concurso-regional-2025\/\">Concurso regional 2025<\/a><\/blockquote><iframe loading=\"lazy\" class=\"wp-embedded-content\" sandbox=\"allow-scripts\" security=\"restricted\" style=\"position: absolute; visibility: hidden;\" title=\"\u00abConcurso regional 2025\u00bb \u2014 \" src=\"https:\/\/tecmonclova.com\/web\/concurso-regional-2025\/embed\/#?secret=Rvb4e34OVm#?secret=4lKV2i97UW\" data-secret=\"4lKV2i97UW\" width=\"500\" height=\"282\" frameborder=\"0\" marginwidth=\"0\" marginheight=\"0\" scrolling=\"no\"><\/iframe>\n<\/div><\/figure>\n\n\n\n<figure class=\"wp-block-embed alignleft is-type-wp-embed is-provider-incrustado wp-block-embed-incrustado wp-container-content-dd1d1611\"><div class=\"wp-block-embed__wrapper\">\n<blockquote class=\"wp-embedded-content\" data-secret=\"eKKKmIQhCQ\"><a href=\"https:\/\/tecmonclova.com\/web\/dialogos-por-la-sustentabilidad\/\">Di\u00e1logos por la Sustentabilidad<\/a><\/blockquote><iframe loading=\"lazy\" class=\"wp-embedded-content\" sandbox=\"allow-scripts\" security=\"restricted\" style=\"position: absolute; visibility: hidden;\" title=\"\u00abDi\u00e1logos por la Sustentabilidad\u00bb \u2014 \" src=\"https:\/\/tecmonclova.com\/web\/dialogos-por-la-sustentabilidad\/embed\/#?secret=cj8XDHhyqj#?secret=eKKKmIQhCQ\" data-secret=\"eKKKmIQhCQ\" width=\"500\" height=\"282\" frameborder=\"0\" marginwidth=\"0\" marginheight=\"0\" scrolling=\"no\"><\/iframe>\n<\/div><\/figure>\n\n\n\n<div class=\"wp-block-group is-nowrap is-layout-flex wp-container-core-group-is-layout-ad2f72ca wp-block-group-is-layout-flex\">\n<figure class=\"wp-block-embed alignleft is-type-wp-embed is-provider-incrustado wp-block-embed-incrustado\"><div class=\"wp-block-embed__wrapper\">\n<blockquote class=\"wp-embedded-content\" data-secret=\"dtOaCYUY89\"><a href=\"https:\/\/tecmonclova.com\/web\/ingles-gratuito-para-entrevistas-de-trabajo\/\">Ingles gratuito para entrevistas de trabajo<\/a><\/blockquote><iframe loading=\"lazy\" class=\"wp-embedded-content\" sandbox=\"allow-scripts\" security=\"restricted\" style=\"position: absolute; visibility: hidden;\" title=\"\u00abIngles gratuito para entrevistas de trabajo\u00bb \u2014 \" src=\"https:\/\/tecmonclova.com\/web\/ingles-gratuito-para-entrevistas-de-trabajo\/embed\/#?secret=EdMW5WfTae#?secret=dtOaCYUY89\" data-secret=\"dtOaCYUY89\" width=\"500\" height=\"282\" frameborder=\"0\" marginwidth=\"0\" marginheight=\"0\" scrolling=\"no\"><\/iframe>\n<\/div><\/figure>\n<\/div>\n<\/div>\n","protected":false},"excerpt":{"rendered":"<p>Ultimas noticias<\/p>\n","protected":false},"author":1,"featured_media":0,"parent":0,"menu_order":0,"comment_status":"closed","ping_status":"closed","template":"","meta":{"footnotes":""},"class_list":["post-795","page","type-page","status-publish","hentry"],"_links":{"self":[{"href":"https:\/\/tecmonclova.com\/web\/wp-json\/wp\/v2\/pages\/795","targetHints":{"allow":["GET"]}}],"collection":[{"href":"https:\/\/tecmonclova.com\/web\/wp-json\/wp\/v2\/pages"}],"about":[{"href":"https:\/\/tecmonclova.com\/web\/wp-json\/wp\/v2\/types\/page"}],"author":[{"embeddable":true,"href":"https:\/\/tecmonclova.com\/web\/wp-json\/wp\/v2\/users\/1"}],"replies":[{"embeddable":true,"href":"https:\/\/tecmonclova.com\/web\/wp-json\/wp\/v2\/comments?post=795"}],"version-history":[{"count":36,"href":"https:\/\/tecmonclova.com\/web\/wp-json\/wp\/v2\/pages\/795\/revisions"}],"predecessor-version":[{"id":1131,"href":"https:\/\/tecmonclova.com\/web\/wp-json\/wp\/v2\/pages\/795\/revisions\/1131"}],"wp:attachment":[{"href":"https:\/\/tecmonclova.com\/web\/wp-json\/wp\/v2\/media?parent=795"}],"curies":[{"name":"wp","href":"https:\/\/api.w.org\/{rel}","templated":true}]}}