{"id":959,"date":"2026-01-28T04:57:54","date_gmt":"2026-01-28T04:57:54","guid":{"rendered":"https:\/\/tecmonclova.com\/web\/?page_id=959"},"modified":"2026-02-10T20:18:00","modified_gmt":"2026-02-10T20:18:00","slug":"convocatoria-nuevo-ingreso-2026","status":"publish","type":"page","link":"https:\/\/tecmonclova.com\/web\/convocatoria-nuevo-ingreso-2026\/","title":{"rendered":"Convocatoria nuevo ingreso 2026"},"content":{"rendered":"\n<p><strong>OFERTA EDUCATIVA<\/strong><\/p>\n\n\n\n<figure class=\"wp-block-table\"><table class=\"has-fixed-layout\"><tbody><tr><td>Carrera<\/td><td>Modalidad<\/td><td>Turno<\/td><td>Periodicidad<\/td><\/tr><tr><td><strong>Ingenier\u00eda Industrial<\/strong><\/td><td>Escolarizada<\/td><td>Matutino y Vespertino<\/td><td>Semestral<\/td><\/tr><tr><td><strong>Ingenier\u00eda Mec\u00e1nica<\/strong><\/td><td>Escolarizada<\/td><td>Matutino y Vespertino<\/td><td>Semestral<\/td><\/tr><tr><td><strong>Ingenier\u00eda Electr\u00f3nica<\/strong><\/td><td>Escolarizada<\/td><td>Matutino<\/td><td>Semestral<\/td><\/tr><tr><td><strong>Ingenier\u00eda en Gesti\u00f3n Empresarial<\/strong><\/td><td>Escolarizada<\/td><td>Matutino y Vespertino<\/td><td>Semestral<\/td><\/tr><tr><td><strong>Ingenier\u00eda Inform\u00e1tica<\/strong><\/td><td>Escolarizada<\/td><td>Matutino y Vespertino<\/td><td>Semestral<\/td><\/tr><tr><td><strong>Ingenier\u00eda en Energ\u00edas Renovables<\/strong><\/td><td>Escolarizada<\/td><td>Matutino<\/td><td>Semestral<\/td><\/tr><tr><td><strong>Ingenier\u00eda Industrial<\/strong><\/td><td>Linea<\/td><td>&nbsp;<\/td><td>Semestral<\/td><\/tr><\/tbody><\/table><\/figure>\n\n\n\n<p><strong><br>PROCESO DE LA CONVOCATORIA DE ADMISI\u00d3N<\/strong><\/p>\n\n\n\n<div class=\"wp-block-file\"><a id=\"wp-block-file--media-266e2bd2-f88a-4950-8d62-de6d658a897c\" href=\"https:\/\/tecmonclova.com\/web\/wp-content\/uploads\/2026\/02\/Admisiones-2026.docx\">Admisiones 2026<\/a><a href=\"https:\/\/tecmonclova.com\/web\/wp-content\/uploads\/2026\/02\/Admisiones-2026.docx\" class=\"wp-block-file__button wp-element-button\" download aria-describedby=\"wp-block-file--media-266e2bd2-f88a-4950-8d62-de6d658a897c\">Descarga<\/a><\/div>\n\n\n\n<p><strong>Solicitud del aspirante<\/strong><\/p>\n\n\n\n<p><strong>FECHAS: A partir del 8 enero al 8 de mayo del 2026<\/strong><\/p>\n\n\n\n<p><em><strong>Paso 1. Ficha de examen<\/strong><\/em><\/p>\n\n\n\n<ul class=\"wp-block-list\">\n<li>Completar solicitud en servicios escolares del ITSM<\/li>\n\n\n\n<li>Contar con un correo electr\u00f3nico en Gmail.<\/li>\n\n\n\n<li>Verificar su CURP correcta en <a href=\"https:\/\/www.gob.mx\/curp\/\" target=\"_blank\" rel=\"noreferrer noopener\"><strong>https:\/\/www.gob.mx\/curp\/<\/strong><\/a><\/li>\n\n\n\n<li>Llenar los datos solicitados.<\/li>\n<\/ul>\n\n\n\n<p><strong><em>Paso 2. Pago de derecho al proceso de admisi\u00f3n<\/em><\/strong><\/p>\n\n\n\n<ul class=\"wp-block-list\">\n<li>Realizar el pago por la cantidad de <strong>$500.00<\/strong> M.N., (EFECTIVO) en caja del departamento financiero del ITSM<\/li>\n<\/ul>\n\n\n\n<p><strong><em>Paso 3. Examen de admisi\u00f3n<\/em><\/strong><\/p>\n\n\n\n<p><strong>FECHAS: 29 de mayo de 2025<\/strong><\/p>\n\n\n\n<ul class=\"wp-block-list\">\n<li>El examen de admisi\u00f3n se realizar\u00e1 en l\u00ednea por medio de la plataforma del Tecnol\u00f3gico Nacional de M\u00e9xico:<\/li>\n<\/ul>\n\n\n\n<p class=\"has-text-align-center\"> <a href=\"https:\/\/dmonclova.evaluatec.tecnm.mx\">https:\/\/dmonclova.evaluatec.tecnm.mx<\/a><\/p>\n\n\n\n<ul class=\"wp-block-list\">\n<li>La publicaci\u00f3n de resultados ser\u00e1 el d\u00eda <strong>12 de junio de 2026<\/strong> por medio de la siguiente p\u00e1gina:<\/li>\n<\/ul>\n\n\n\n<p class=\"has-text-align-center\"><a href=\"https:\/\/tecmonclova.com\">https:\/\/tecmonclova.com<\/a><\/p>\n\n\n\n<ul class=\"wp-block-list\">\n<li>A los aspirantes aceptados, se les remitir\u00e1 un correo electr\u00f3nico con la informaci\u00f3n para asistir al curso proped\u00e9utico (costo, fechas, horario, aula y otros requisitos) y otro correo con la informaci\u00f3n para realizar su inscripci\u00f3n.<\/li>\n<\/ul>\n\n\n\n<p><strong><em>Paso 4. Curso proped\u00e9utico para los aspirantes aceptados<\/em><\/strong><\/p>\n\n\n\n<p><strong>FECHAS DE PAGO DEL CURSO PROPED\u00c9UTICO: 30 de junio al 3 de julio del 2026<\/strong><\/p>\n\n\n\n<p><strong>FECHAS DEL CURSO PROPED\u00c9UTICO: 10 al 21 de agosto del 2026<\/strong><\/p>\n\n\n\n<ul class=\"wp-block-list\">\n<li>Descargar formato para pago en <a href=\"https:\/\/tecmonclova.com\/pagocurso\/\">https:\/\/tecmonclova.com\/pagocurso\/<\/a><\/li>\n\n\n\n<li>Realizar el pago por la cantidad de <strong>$650.00<\/strong> en sucursal bancaria Scotiabank<\/li>\n\n\n\n<li>Presentarse en el Instituto Tecnol\u00f3gico Superior de Monclova de acuerdo al horario asignado.<\/li>\n<\/ul>\n\n\n\n<p><strong><em>Paso 5. Pago de inscripci\u00f3n<\/em><\/strong><\/p>\n\n\n\n<p>FECHAS: 17 al 21 de agosto del 2026<\/p>\n\n\n\n<ul class=\"wp-block-list\">\n<li>Descargar formato de pago en https:\/\/tecmonclova.com\/app\/recibo\/<\/li>\n\n\n\n<li>Realizar el pago por la cantidad de <strong>$2,300.00<\/strong> M.N., en sucursal bancaria Scotiabank.<\/li>\n<\/ul>\n\n\n\n<p><strong><em>Paso 6. Entrega de documentos de inscripci\u00f3n<\/em><\/strong><\/p>\n\n\n\n<p>FECHAS: 17 al 21 de agosto del 2026<\/p>\n\n\n\n<ul class=\"wp-block-list\">\n<li>Acudir al Departamento de Servicios Escolares, en un horario de 9:00 am \u00a0a 19:00 pm, \u00a0para entregar los siguientes documentos de inscripci\u00f3n:<\/li>\n<\/ul>\n\n\n\n<p><strong>1) Certificado de estudios de nivel medio superior (original&nbsp; y 2 copia).<\/strong><\/p>\n\n\n\n<p>En caso de no tener el certificado de estudios de nivel medio superior (bachillerato o preparatoria), deber\u00e1 entregar una Constancia de haber concluido los estudios de nivel medio superior, que indique las fechas de inicio y t\u00e9rmino de los estudios de nivel medio superior, as\u00ed como la clave del centro de trabajo de la escuela.<\/p>\n\n\n\n<p>Los estudiantes que vienen del extranjero deber\u00e1n presentar la Revalidaci\u00f3n de estudios de nivel medio superior.<\/p>\n\n\n\n<p>2) Acta de nacimiento con CURP (2 copias).<\/p>\n\n\n\n<p>3) CURP (copia).<\/p>\n\n\n\n<p>4) Credencial del INE (copia).<\/p>\n\n\n\n<p>Si es menor de edad, puede entregar copia de: pasaporte, cartilla militar o credencial de bachillerato.<\/p>\n\n\n\n<p>5) 4 fotograf\u00edas tama\u00f1o infantil blanco y negro<\/p>\n\n\n\n<p>6) \u00a0Certificado m\u00e9dico con tipo de sangre.<\/p>\n\n\n\n<p>7) Constancia de vigencia de derechos del IMSS (copia).<\/p>\n\n\n\n<p>Puede obtenerse a trav\u00e9s del portal <a href=\"https:\/\/www.imss.gob.mx\/imssdigital\">https:\/\/www.imss.gob.mx\/imssdigital<\/a><\/p>\n\n\n\n<p>Descargar los formatos para inscripci\u00f3n internos:<\/p>\n\n\n\n<p><a href=\"https:\/\/tecmonclova.com\/app\/recibo\/_archivos\/contrato.pdf\">https:\/\/tecmonclova.com\/app\/recibo\/_archivos\/contrato.pdf<\/a><\/p>\n\n\n\n<p><a href=\"https:\/\/tecmonclova.com\/app\/recibo\/_archivos\/solicitud.pdf\">https:\/\/tecmonclova.com\/app\/recibo\/_archivos\/solicitud.pdf<\/a><\/p>\n\n\n\n<ul class=\"wp-block-list\">\n<li>Al entregar los documentos de inscripci\u00f3n, al aspirante se le entregar\u00e1\u00a0 horario.<\/li>\n\n\n\n<li>Tambi\u00e9n se entregar\u00e1 su usuario y contrase\u00f1a de su correo electr\u00f3nico institucional.<\/li>\n<\/ul>\n\n\n\n<p><strong><em>Paso 7. Inscripci\u00f3n<\/em><\/strong><\/p>\n\n\n\n<p><strong>FECHAS: 17 al 21 de agosto del 2026<\/strong><\/p>\n\n\n\n<ul class=\"wp-block-list\">\n<li>El departamento de servicios escolares realizar\u00e1 la carga de materias a los estudiantes de nuevo ingreso en el sistema escolar SET.<\/li>\n<\/ul>\n\n\n\n<p><strong><em>Paso 8. Inicio de clases<\/em><\/strong><\/p>\n\n\n\n<p>FECHA: 24 de agosto de 2026<\/p>\n\n\n\n<ul class=\"wp-block-list\">\n<li>Presentarse en el Instituto Tecnol\u00f3gico de cuerdo al horario establecido en la carga acad\u00e9mica.<\/li>\n<\/ul>\n\n\n\n<p><strong><em>Paso 9. Credencial de estudiante<\/em><\/strong><\/p>\n\n\n\n<p>FECHA: A partir del 28 de agosto de 2026<\/p>\n\n\n\n<ul class=\"wp-block-list\">\n<li>Se remitir\u00e1 un correo electr\u00f3nico con la informaci\u00f3n para obtener su credencial de estudiante.<\/li>\n<\/ul>\n\n\n\n<p><strong>PARA MAYOR INFORMACI\u00d3N COMUN\u00cdCATE POR AL NUMERO 8666490375 EN UN HORARIO DE 8:00 AM A 17:00 PM DE LUNES A VIERNES<\/strong><strong><\/strong><\/p>\n\n\n\n<p><\/p>\n","protected":false},"excerpt":{"rendered":"<p>OFERTA EDUCATIVA Carrera Modalidad Turno Periodicidad Ingenier\u00eda Industrial Escolarizada Matutino y Vespertino Semestral Ingenier\u00eda Mec\u00e1nica Escolarizada Matutino y Vespertino Semestral Ingenier\u00eda Electr\u00f3nica Escolarizada Matutino Semestral Ingenier\u00eda en Gesti\u00f3n Empresarial Escolarizada Matutino y Vespertino Semestral Ingenier\u00eda Inform\u00e1tica Escolarizada Matutino y Vespertino Semestral Ingenier\u00eda en Energ\u00edas Renovables Escolarizada Matutino Semestral Ingenier\u00eda Industrial Linea &nbsp; Semestral PROCESO DE [&hellip;]<\/p>\n","protected":false},"author":1,"featured_media":1021,"parent":0,"menu_order":0,"comment_status":"closed","ping_status":"closed","template":"","meta":{"footnotes":""},"class_list":["post-959","page","type-page","status-publish","has-post-thumbnail","hentry"],"_links":{"self":[{"href":"https:\/\/tecmonclova.com\/web\/wp-json\/wp\/v2\/pages\/959","targetHints":{"allow":["GET"]}}],"collection":[{"href":"https:\/\/tecmonclova.com\/web\/wp-json\/wp\/v2\/pages"}],"about":[{"href":"https:\/\/tecmonclova.com\/web\/wp-json\/wp\/v2\/types\/page"}],"author":[{"embeddable":true,"href":"https:\/\/tecmonclova.com\/web\/wp-json\/wp\/v2\/users\/1"}],"replies":[{"embeddable":true,"href":"https:\/\/tecmonclova.com\/web\/wp-json\/wp\/v2\/comments?post=959"}],"version-history":[{"count":6,"href":"https:\/\/tecmonclova.com\/web\/wp-json\/wp\/v2\/pages\/959\/revisions"}],"predecessor-version":[{"id":1028,"href":"https:\/\/tecmonclova.com\/web\/wp-json\/wp\/v2\/pages\/959\/revisions\/1028"}],"wp:featuredmedia":[{"embeddable":true,"href":"https:\/\/tecmonclova.com\/web\/wp-json\/wp\/v2\/media\/1021"}],"wp:attachment":[{"href":"https:\/\/tecmonclova.com\/web\/wp-json\/wp\/v2\/media?parent=959"}],"curies":[{"name":"wp","href":"https:\/\/api.w.org\/{rel}","templated":true}]}}