{"id":980,"date":"2026-01-28T05:37:15","date_gmt":"2026-01-28T05:37:15","guid":{"rendered":"https:\/\/tecmonclova.com\/web\/?page_id=980"},"modified":"2026-01-28T05:45:22","modified_gmt":"2026-01-28T05:45:22","slug":"dialogos-por-la-sustentabilidad","status":"publish","type":"page","link":"https:\/\/tecmonclova.com\/web\/dialogos-por-la-sustentabilidad\/","title":{"rendered":"Di\u00e1logos por la Sustentabilidad"},"content":{"rendered":"\n<p>La SEMARNAT extiende la invitaci\u00f3n a participar en el programa \u201cDi\u00e1logos por la Sustentabilidad\u201d, una serie de conversatorios enmarcados en los D\u00edas Ambientales Conmemorativos.<\/p>\n\n\n\n<p>Este espacio tiene como objetivo fomentar el an\u00e1lisis, la participaci\u00f3n escolar y comunitaria, as\u00ed como impulsar la acci\u00f3n ciudadana y colectiva en favor del cuidado del ambiente y la sustentabilidad.<\/p>\n\n\n\n<p>De Enero a Julio de 2026<\/p>\n\n\n\n<p>Transmisi\u00f3n en vivo: Por el Canal de YouTube <a href=\"https:\/\/www.youtube.com\/semarnatmexico\">SEMARNAT<\/a><\/p>\n\n\n\n<p><a href=\"https:\/\/www.facebook.com\/hashtag\/orgullotecmva?__eep__=6&amp;__cft__[0]=AZbykGQMX7t_k6pYzaXuhanUm_jElwHpyxuIFlUnP5onnzS-A5JCALcXmwRlTi_vXF9SqSQlLg4c7IxFPWZRZEi7aaW2Ze1nU5O4lQr93cBRS8_JXBmtrPmyIc4jBG34ruqCIN_YbHn01GYSHoIMki7DUZIMHNQ0m1Gp_mbNBq1uIw&amp;__tn__=*NK-R\">#OrgulloTecMva<\/a><a href=\"https:\/\/www.facebook.com\/hashtag\/somostecnm?__eep__=6&amp;__cft__[0]=AZbykGQMX7t_k6pYzaXuhanUm_jElwHpyxuIFlUnP5onnzS-A5JCALcXmwRlTi_vXF9SqSQlLg4c7IxFPWZRZEi7aaW2Ze1nU5O4lQr93cBRS8_JXBmtrPmyIc4jBG34ruqCIN_YbHn01GYSHoIMki7DUZIMHNQ0m1Gp_mbNBq1uIw&amp;__tn__=*NK-R\">#SomosTecNM<\/a><a href=\"https:\/\/www.facebook.com\/hashtag\/di%C3%A1logosporlasustentabilidad?__eep__=6&amp;__cft__[0]=AZbykGQMX7t_k6pYzaXuhanUm_jElwHpyxuIFlUnP5onnzS-A5JCALcXmwRlTi_vXF9SqSQlLg4c7IxFPWZRZEi7aaW2Ze1nU5O4lQr93cBRS8_JXBmtrPmyIc4jBG34ruqCIN_YbHn01GYSHoIMki7DUZIMHNQ0m1Gp_mbNBq1uIw&amp;__tn__=*NK-R\">#Di\u00e1logosPorLaSustentabilidad<\/a><\/p>\n\n\n\n<figure class=\"wp-block-gallery has-nested-images columns-default is-cropped wp-block-gallery-1 is-layout-flex wp-block-gallery-is-layout-flex\">\n<figure class=\"wp-block-image size-large is-resized\"><img loading=\"lazy\" decoding=\"async\" width=\"819\" height=\"1024\" data-id=\"981\" src=\"https:\/\/tecmonclova.com\/web\/wp-content\/uploads\/2026\/01\/image-3-819x1024.png\" alt=\"\" class=\"wp-image-981\" style=\"width:458px;height:auto\" srcset=\"https:\/\/tecmonclova.com\/web\/wp-content\/uploads\/2026\/01\/image-3-819x1024.png 819w, https:\/\/tecmonclova.com\/web\/wp-content\/uploads\/2026\/01\/image-3-240x300.png 240w, https:\/\/tecmonclova.com\/web\/wp-content\/uploads\/2026\/01\/image-3-768x960.png 768w, https:\/\/tecmonclova.com\/web\/wp-content\/uploads\/2026\/01\/image-3.png 1080w\" sizes=\"auto, (max-width: 819px) 100vw, 819px\" \/><\/figure>\n\n\n\n<figure class=\"wp-block-image size-large is-resized\"><img loading=\"lazy\" decoding=\"async\" width=\"819\" height=\"1024\" data-id=\"982\" src=\"https:\/\/tecmonclova.com\/web\/wp-content\/uploads\/2026\/01\/image-4-819x1024.png\" alt=\"\" class=\"wp-image-982\" style=\"width:460px;height:auto\" srcset=\"https:\/\/tecmonclova.com\/web\/wp-content\/uploads\/2026\/01\/image-4-819x1024.png 819w, https:\/\/tecmonclova.com\/web\/wp-content\/uploads\/2026\/01\/image-4-240x300.png 240w, https:\/\/tecmonclova.com\/web\/wp-content\/uploads\/2026\/01\/image-4-768x960.png 768w, https:\/\/tecmonclova.com\/web\/wp-content\/uploads\/2026\/01\/image-4.png 1080w\" sizes=\"auto, (max-width: 819px) 100vw, 819px\" \/><\/figure>\n<\/figure>\n","protected":false},"excerpt":{"rendered":"<p>La SEMARNAT extiende la invitaci\u00f3n a participar en el programa \u201cDi\u00e1logos por la Sustentabilidad\u201d, una serie de conversatorios enmarcados en los D\u00edas Ambientales Conmemorativos. Este espacio tiene como objetivo fomentar el an\u00e1lisis, la participaci\u00f3n escolar y comunitaria, as\u00ed como impulsar la acci\u00f3n ciudadana y colectiva en favor del cuidado del ambiente y la sustentabilidad. De [&hellip;]<\/p>\n","protected":false},"author":1,"featured_media":981,"parent":0,"menu_order":0,"comment_status":"closed","ping_status":"closed","template":"","meta":{"footnotes":""},"class_list":["post-980","page","type-page","status-publish","has-post-thumbnail","hentry"],"_links":{"self":[{"href":"https:\/\/tecmonclova.com\/web\/wp-json\/wp\/v2\/pages\/980","targetHints":{"allow":["GET"]}}],"collection":[{"href":"https:\/\/tecmonclova.com\/web\/wp-json\/wp\/v2\/pages"}],"about":[{"href":"https:\/\/tecmonclova.com\/web\/wp-json\/wp\/v2\/types\/page"}],"author":[{"embeddable":true,"href":"https:\/\/tecmonclova.com\/web\/wp-json\/wp\/v2\/users\/1"}],"replies":[{"embeddable":true,"href":"https:\/\/tecmonclova.com\/web\/wp-json\/wp\/v2\/comments?post=980"}],"version-history":[{"count":3,"href":"https:\/\/tecmonclova.com\/web\/wp-json\/wp\/v2\/pages\/980\/revisions"}],"predecessor-version":[{"id":988,"href":"https:\/\/tecmonclova.com\/web\/wp-json\/wp\/v2\/pages\/980\/revisions\/988"}],"wp:featuredmedia":[{"embeddable":true,"href":"https:\/\/tecmonclova.com\/web\/wp-json\/wp\/v2\/media\/981"}],"wp:attachment":[{"href":"https:\/\/tecmonclova.com\/web\/wp-json\/wp\/v2\/media?parent=980"}],"curies":[{"name":"wp","href":"https:\/\/api.w.org\/{rel}","templated":true}]}}